{"id":194196,"date":"2025-07-28T20:19:53","date_gmt":"2025-07-28T17:19:53","guid":{"rendered":"https:\/\/ecoshop.ee\/?post_type=product&#038;p=194196"},"modified":"2026-05-14T08:32:14","modified_gmt":"2026-05-14T05:32:14","slug":"kalcio-d3-1tp169-alavo-na1tp183-tabletes","status":"publish","type":"product","link":"https:\/\/ecoshop.ee\/lt\/vegan-toidulisandid\/kaltsium-d3-vitamiin-narimistabletid\/","title":{"rendered":"Kalcis + D3 vitaminas kramtomosios tablet\u0117s"},"content":{"rendered":"<p data-start=\"52\" data-end=\"169\"><strong>Stipr\u016bs kaulai, sveiki dantys ir raumenys!<\/strong><br data-start=\"128\" data-end=\"131\" \/>1 tablet\u0117je yra 400 mg kalcio + 200 TV D3-vitamin.<\/p>\n<p data-start=\"171\" data-end=\"407\">Kalcio ir D3-vitamin derinys palaiko stiprius kaulus, prisideda prie raumen\u0173 funkcijos ir u\u017etikrina kasdien\u0119 gerov\u0119. Nrimi tablet\u0117s yra prakti\u0161kos kasdieniam vartojimui \u2013 ypa\u010d tiems, kurie m\u0117gsta kramtyti.<\/p>\n<p data-start=\"409\" data-end=\"455\"><strong data-start=\"409\" data-end=\"455\">Kod\u0117l verta rinktis Vegetology kalcio + D3 tabletes?<\/strong><\/p>\n<ul data-start=\"456\" data-end=\"689\">\n<li data-start=\"456\" data-end=\"482\">\n<p data-start=\"458\" data-end=\"482\">Stiprina kaulus ir dantis<\/p>\n<\/li>\n<li data-start=\"483\" data-end=\"528\">\n<p data-start=\"485\" data-end=\"528\">Palaiko raumen\u0173 funkcij\u0105 ir energijos apykait\u0105<\/p>\n<\/li>\n<li data-start=\"529\" data-end=\"569\">\n<p data-start=\"531\" data-end=\"569\">Skatina geresn\u012f kalcio \u012fsisavinim\u0105<\/p>\n<\/li>\n<li data-start=\"570\" data-end=\"601\">\n<p data-start=\"572\" data-end=\"601\">Patogus ekranas su plan\u0161etiniu kompiuteriu<\/p>\n<\/li>\n<li data-start=\"602\" data-end=\"689\">\n<p data-start=\"604\" data-end=\"689\">Be \u017euvies, j\u016bros g\u0117rybi\u0173 ar gyv\u016bnin\u0117s kilm\u0117s ingredient\u0173 \u2013 tinka alergi\u0161kiems \u017emon\u0117ms ir veganams<\/p>\n<\/li>\n<\/ul>\n<p data-start=\"691\" data-end=\"714\"><strong data-start=\"691\" data-end=\"712\">Pagrindiniai privalumai:<\/strong><\/p>\n<ul data-start=\"715\" data-end=\"905\">\n<li data-start=\"715\" data-end=\"805\">\n<p data-start=\"717\" data-end=\"805\"><strong data-start=\"717\" data-end=\"730\">Kalcis:<\/strong> Palaiko kaul\u0173 ir dant\u0173 stiprum\u0105, palaiko raumen\u0173 ir nerv\u0173 sistemos veikl\u0105.<\/p>\n<\/li>\n<li data-start=\"806\" data-end=\"905\">\n<p data-start=\"808\" data-end=\"905\"><strong data-start=\"808\" data-end=\"824\">D3-1TP169Alavas:<\/strong> Gerina kalcio absorbcij\u0105 ir padeda palaikyti normal\u0173 kalcio kiek\u012f kraujyje.<\/p>\n<\/li>\n<\/ul>\n<p data-start=\"1028\" data-end=\"1055\"><strong data-start=\"1028\" data-end=\"1053\">Tinka kiekvienam gyvenimo etapui:<\/strong><\/p>\n<ul data-start=\"1056\" data-end=\"1201\">\n<li data-start=\"1056\" data-end=\"1089\">\n<p data-start=\"1058\" data-end=\"1089\"><strong data-start=\"1058\" data-end=\"1070\">Jauniems \u017emon\u0117ms<\/strong> \u2013 kaul\u0173 vystymuisi<\/p>\n<\/li>\n<li data-start=\"1090\" data-end=\"1145\">\n<p data-start=\"1092\" data-end=\"1145\"><strong data-start=\"1092\" data-end=\"1111\">Suaugusiesiems<\/strong> \u2013 palaikyti aktyv\u0173 gyvenimo b\u016bd\u0105<\/p>\n<\/li>\n<li data-start=\"1146\" data-end=\"1201\">\n<p data-start=\"1148\" data-end=\"1201\"><strong data-start=\"1148\" data-end=\"1160\">Senjorams<\/strong> \u2013 palaikyti kaul\u0173 tank\u012f ir judrum\u0105<\/p>\n<\/li>\n<\/ul>\n<p>&nbsp;<\/p>\n<p data-start=\"1051\" data-end=\"1168\"><strong data-start=\"797\" data-end=\"843\">Kod\u0117l kartu vartoti kalc\u012f ir D3-vitamin?<\/strong><br data-start=\"843\" data-end=\"846\" \/>D3-vitamin pagerina kalcio \u012fsisavinim\u0105 ir panaudojim\u0105 organizme, pad\u0117damas jums gauti kuo daugiau naudos i\u0161 j\u016bs\u0173 maisto papildo. Jis palaiko vidutin\u012f kalcio kiek\u012f kraujyje ir padeda palaikyti sveikus kaulus bei dantis. Neturint pakankamo D3-vitamin kiekio, net ir kalciu turtinga dieta gali b\u016bti nepakankama kaul\u0173 sveikatai u\u017etikrinti.<\/p>","protected":false},"excerpt":{"rendered":"<p>Tugevad luud, terved hambad ja lihased!1 tablett sisaldab 400mg kaltsiumi + 200 IU D3-vitamiini. Kaltsiumi ja D3-vitamiini kombinatsioon toetab tugevaid luid, aitab&hellip;<\/p>","protected":false},"featured_media":194199,"comment_status":"open","ping_status":"closed","template":"","meta":{"wprm-recipe-roundup-name":"","wprm-recipe-roundup-description":""},"product_brand":[12063],"product_cat":[318],"product_tag":[7025,320,342],"class_list":{"0":"post-194196","1":"product","2":"type-product","3":"status-publish","4":"has-post-thumbnail","6":"product_brand-vegetology","7":"product_cat-vegan-toidulisandid","8":"product_tag-kaltsium","9":"product_tag-toidulisand","10":"product_tag-vitamiin-d3","11":"j79_wcxd_expiry_type-best-before","13":"first","14":"instock","15":"taxable","16":"shipping-taxable","17":"purchasable","18":"product-type-simple"},"supplier_id":9147,"supplier_sku":"","barcode":"5060351380805","atum_controlled":true,"out_stock_date":null,"out_stock_threshold":null,"inheritable":false,"inbound_stock":0,"stock_on_hold":0,"sold_today":1,"sales_last_days":1,"reserved_stock":0,"customer_returns":0,"warehouse_damage":0,"lost_in_post":0,"other_logs":0,"out_stock_days":0,"lost_sales":0,"has_location":false,"update_date":"2026-05-14T22:37:11","atum_locations":[],"atum_stock_status":"instock","restock_status":false,"low_stock_amount":"","sales_update_date":"2026-05-14T22:37:11","calc_backorders":null,"aioseo_notices":[],"_links":{"self":[{"href":"https:\/\/ecoshop.ee\/lt\/wp-json\/wp\/v2\/product\/194196","targetHints":{"allow":["GET"]}}],"collection":[{"href":"https:\/\/ecoshop.ee\/lt\/wp-json\/wp\/v2\/product"}],"about":[{"href":"https:\/\/ecoshop.ee\/lt\/wp-json\/wp\/v2\/types\/product"}],"replies":[{"embeddable":true,"href":"https:\/\/ecoshop.ee\/lt\/wp-json\/wp\/v2\/comments?post=194196"}],"version-history":[{"count":0,"href":"https:\/\/ecoshop.ee\/lt\/wp-json\/wp\/v2\/product\/194196\/revisions"}],"wp:featuredmedia":[{"embeddable":true,"href":"https:\/\/ecoshop.ee\/lt\/wp-json\/wp\/v2\/media\/194199"}],"wp:attachment":[{"href":"https:\/\/ecoshop.ee\/lt\/wp-json\/wp\/v2\/media?parent=194196"}],"wp:term":[{"taxonomy":"product_brand","embeddable":true,"href":"https:\/\/ecoshop.ee\/lt\/wp-json\/wp\/v2\/product_brand?post=194196"},{"taxonomy":"product_cat","embeddable":true,"href":"https:\/\/ecoshop.ee\/lt\/wp-json\/wp\/v2\/product_cat?post=194196"},{"taxonomy":"product_tag","embeddable":true,"href":"https:\/\/ecoshop.ee\/lt\/wp-json\/wp\/v2\/product_tag?post=194196"}],"curies":[{"name":"wp","href":"https:\/\/api.w.org\/{rel}","templated":true}]}}