{"id":245699,"date":"2025-10-05T13:36:52","date_gmt":"2025-10-05T10:36:52","guid":{"rendered":"https:\/\/ecoshop.ee\/?post_type=product&#038;p=245699"},"modified":"2026-05-14T23:24:11","modified_gmt":"2026-05-14T20:24:11","slug":"veganiska-nutella-350-g","status":"publish","type":"product","link":"https:\/\/ecoshop.ee\/lt\/piimad-ja-maarded\/vegan-nutella-350g\/","title":{"rendered":"Vegani\u0161kas Nutella, 350 g"},"content":{"rendered":"<p data-start=\"27\" data-end=\"305\">M\u0117gaukit\u0117s garsiausiu pasaulyje kremu nauja augalin\u0117s kilm\u0117s forma! \u201eNutella Plant-Based\u201c si\u016blo t\u0105 pat\u012f pa\u017e\u012fstam\u0105, \u0161veln\u0173 lazdyno rie\u0161ut\u0173 ir kakavos skon\u012f, ta\u010diau dabar pagamintas vien i\u0161 augalini\u0173 ingredient\u0173. Jis kreminis, sodrus ir nepaprastai gardus \u2013 kaip ir originalus, tik be pieno produkt\u0173.<\/p>\n<p data-start=\"307\" data-end=\"413\">Vegani\u0161ka \u201eNutella\u201c puikiai tinka ant skrebu\u010dio, blyn\u0173 ar su vaisiais \u2013 kiekvienas \u0161auk\u0161telis privers nusi\u0161ypsoti.<\/p>\n<p data-start=\"415\" data-end=\"622\" data-is-last-node=\"\" data-is-only-node=\"\"><strong data-start=\"415\" data-end=\"420\">\u2022<\/strong> \u017doleli\u0173 formul\u0117, tas pats legendinis skonis<br data-start=\"459\" data-end=\"462\" \/><strong data-start=\"462\" data-end=\"467\">\u2022<\/strong> Sud\u0117tyje yra auk\u0161tos kokyb\u0117s ingredient\u0173, toki\u0173 kaip kakava ir lazdyno rie\u0161utai<br data-start=\"530\" data-end=\"533\" data-is-only-node=\"\" \/><strong data-start=\"533\" data-end=\"538\">\u2022<\/strong> Kremin\u0117 ir lengvai tepama tekst\u016bra<br data-start=\"577\" data-end=\"580\" \/><strong data-start=\"580\" data-end=\"585\">\u2022<\/strong> Vegani\u0161kas skan\u0117stas bet kokiai progai<\/p>","protected":false},"excerpt":{"rendered":"<p>Naudi maailma tuntuimat m\u00e4\u00e4ret uuel taimsel kujul! Nutella Plant-Based pakub sama tuttavat mahedat sarapuup\u00e4hkli ja kakao maitset, kuid n\u00fc\u00fcd t\u00e4ielikult taimsetest koostisosadest.&hellip;<\/p>","protected":false},"featured_media":245700,"comment_status":"open","ping_status":"closed","template":"","meta":{"wprm-recipe-roundup-name":"","wprm-recipe-roundup-description":""},"product_brand":[],"product_cat":[325,141,160],"product_tag":[7995,7994,301],"class_list":{"0":"post-245699","1":"product","2":"type-product","3":"status-publish","4":"has-post-thumbnail","6":"product_cat-piimad-ja-maarded","7":"product_cat-sokolaadid","8":"product_cat-kommid","9":"product_tag-maarded","10":"product_tag-nutella","11":"product_tag-vegan","12":"j79_wcxd_expiry_type-best-before","14":"first","15":"instock","16":"taxable","17":"shipping-taxable","18":"purchasable","19":"product-type-simple"},"supplier_id":9158,"supplier_sku":"","barcode":"8000500426494","atum_controlled":true,"out_stock_date":null,"out_stock_threshold":null,"inheritable":false,"inbound_stock":0,"stock_on_hold":0,"sold_today":0,"sales_last_days":0,"reserved_stock":0,"customer_returns":0,"warehouse_damage":0,"lost_in_post":0,"other_logs":0,"out_stock_days":76,"lost_sales":86,"has_location":false,"update_date":"2026-05-14T20:24:16","atum_locations":[],"atum_stock_status":"instock","restock_status":false,"low_stock_amount":"","sales_update_date":"2026-03-23T16:05:57","calc_backorders":null,"aioseo_notices":[],"_links":{"self":[{"href":"https:\/\/ecoshop.ee\/lt\/wp-json\/wp\/v2\/product\/245699","targetHints":{"allow":["GET"]}}],"collection":[{"href":"https:\/\/ecoshop.ee\/lt\/wp-json\/wp\/v2\/product"}],"about":[{"href":"https:\/\/ecoshop.ee\/lt\/wp-json\/wp\/v2\/types\/product"}],"replies":[{"embeddable":true,"href":"https:\/\/ecoshop.ee\/lt\/wp-json\/wp\/v2\/comments?post=245699"}],"version-history":[{"count":1,"href":"https:\/\/ecoshop.ee\/lt\/wp-json\/wp\/v2\/product\/245699\/revisions"}],"predecessor-version":[{"id":396266,"href":"https:\/\/ecoshop.ee\/lt\/wp-json\/wp\/v2\/product\/245699\/revisions\/396266"}],"wp:featuredmedia":[{"embeddable":true,"href":"https:\/\/ecoshop.ee\/lt\/wp-json\/wp\/v2\/media\/245700"}],"wp:attachment":[{"href":"https:\/\/ecoshop.ee\/lt\/wp-json\/wp\/v2\/media?parent=245699"}],"wp:term":[{"taxonomy":"product_brand","embeddable":true,"href":"https:\/\/ecoshop.ee\/lt\/wp-json\/wp\/v2\/product_brand?post=245699"},{"taxonomy":"product_cat","embeddable":true,"href":"https:\/\/ecoshop.ee\/lt\/wp-json\/wp\/v2\/product_cat?post=245699"},{"taxonomy":"product_tag","embeddable":true,"href":"https:\/\/ecoshop.ee\/lt\/wp-json\/wp\/v2\/product_tag?post=245699"}],"curies":[{"name":"wp","href":"https:\/\/api.w.org\/{rel}","templated":true}]}}