{"id":245708,"date":"2025-10-05T13:58:39","date_gmt":"2025-10-05T10:58:39","guid":{"rendered":"https:\/\/ecoshop.ee\/?post_type=product&#038;p=245708"},"modified":"2026-02-19T21:21:14","modified_gmt":"2026-02-19T18:21:14","slug":"rugsciu-braskiu-guminuku-150-g","status":"publish","type":"product","link":"https:\/\/ecoshop.ee\/lt\/kommid\/hapud-maasika-kummikommid-150g\/","title":{"rendered":"R\u016bg\u0161\u010di\u0173 bra\u0161ki\u0173 guminukai, 150 g"},"content":{"rendered":"<p data-start=\"34\" data-end=\"279\">Ne\u012ftik\u0117tinai r\u016bg\u0161t\u016bs ir sald\u016bs \u201eTroll\u201c bra\u0161ki\u0173 guminukai \u012ftemps veido raumenis ir privers nusi\u0161ypsoti! \u0160ie guminukai puikiai suderina r\u016bg\u0161tum\u0105 ir saldum\u0105 bei si\u016blo tikr\u0105 skonio potyr\u012f tiek suaugusiems, tiek vaikams.<\/p>\n<p data-start=\"281\" data-end=\"379\" data-is-last-node=\"\" data-is-only-node=\"\"><strong data-start=\"281\" data-end=\"286\">\u2022<\/strong> Intensyvus bra\u0161ki\u0173 skonis<br data-start=\"312\" data-end=\"315\" \/><strong data-start=\"315\" data-end=\"320\" data-is-only-node=\"\">\u2022<\/strong> Maloniai r\u016bg\u0161tus cukraus glaistas<br data-start=\"345\" data-end=\"348\" \/><strong data-start=\"348\" data-end=\"353\">\u2022<\/strong> Linksmas malonumas bet kokiai progai<br \/>\n<strong data-start=\"348\" data-end=\"353\">\u2022<\/strong> I\u0161 \u017eoleli\u0173 ingredient\u0173<\/p>","protected":false},"excerpt":{"rendered":"<p>Vahvalt hapud ja magusad Trolli maasika kummikommid panevad n\u00e4olihased t\u00f6\u00f6le ja toovad naeratuse huulile! Need n\u00e4rimiskommid \u00fchendavad hapu ja magusa ideaalses tasakaalus&hellip;<\/p>","protected":false},"featured_media":245709,"comment_status":"open","ping_status":"closed","template":"","meta":{"wprm-recipe-roundup-name":"","wprm-recipe-roundup-description":""},"product_brand":[],"product_cat":[160],"product_tag":[159,316],"class_list":{"0":"post-245708","1":"product","2":"type-product","3":"status-publish","4":"has-post-thumbnail","6":"product_cat-kommid","7":"product_tag-kommid","8":"product_tag-kummikommid","9":"j79_wcxd_expiry_type-best-before","11":"first","12":"instock","13":"taxable","14":"shipping-taxable","15":"purchasable","16":"product-type-simple"},"supplier_id":9158,"supplier_sku":"","barcode":"4000512463801","atum_controlled":true,"out_stock_date":null,"out_stock_threshold":null,"inheritable":false,"inbound_stock":0,"stock_on_hold":0,"sold_today":0,"sales_last_days":0,"reserved_stock":0,"customer_returns":0,"warehouse_damage":0,"lost_in_post":0,"other_logs":0,"out_stock_days":0,"lost_sales":0,"has_location":false,"update_date":"2026-03-07T01:16:02","atum_locations":[],"atum_stock_status":"instock","restock_status":false,"low_stock_amount":"","sales_update_date":"2026-03-07T01:16:02","calc_backorders":null,"aioseo_notices":[],"_links":{"self":[{"href":"https:\/\/ecoshop.ee\/lt\/wp-json\/wp\/v2\/product\/245708","targetHints":{"allow":["GET"]}}],"collection":[{"href":"https:\/\/ecoshop.ee\/lt\/wp-json\/wp\/v2\/product"}],"about":[{"href":"https:\/\/ecoshop.ee\/lt\/wp-json\/wp\/v2\/types\/product"}],"replies":[{"embeddable":true,"href":"https:\/\/ecoshop.ee\/lt\/wp-json\/wp\/v2\/comments?post=245708"}],"version-history":[{"count":0,"href":"https:\/\/ecoshop.ee\/lt\/wp-json\/wp\/v2\/product\/245708\/revisions"}],"wp:featuredmedia":[{"embeddable":true,"href":"https:\/\/ecoshop.ee\/lt\/wp-json\/wp\/v2\/media\/245709"}],"wp:attachment":[{"href":"https:\/\/ecoshop.ee\/lt\/wp-json\/wp\/v2\/media?parent=245708"}],"wp:term":[{"taxonomy":"product_brand","embeddable":true,"href":"https:\/\/ecoshop.ee\/lt\/wp-json\/wp\/v2\/product_brand?post=245708"},{"taxonomy":"product_cat","embeddable":true,"href":"https:\/\/ecoshop.ee\/lt\/wp-json\/wp\/v2\/product_cat?post=245708"},{"taxonomy":"product_tag","embeddable":true,"href":"https:\/\/ecoshop.ee\/lt\/wp-json\/wp\/v2\/product_tag?post=245708"}],"curies":[{"name":"wp","href":"https:\/\/api.w.org\/{rel}","templated":true}]}}