{"id":245757,"date":"2025-10-08T22:23:43","date_gmt":"2025-10-08T19:23:43","guid":{"rendered":"https:\/\/ecoshop.ee\/?post_type=product&#038;p=245757"},"modified":"2026-05-08T20:31:03","modified_gmt":"2026-05-08T17:31:03","slug":"naughty-nuts-sudytos-karameles-idarytos-zemes-riesutu-sviesto-formeles-39-g","status":"publish","type":"product","link":"https:\/\/ecoshop.ee\/lt\/kommid\/naughty-nuts-soolakaramelli-taidisega-pahklivoikausid-39g\/","title":{"rendered":"Naughty Nuts S\u016bdytos karamel\u0117s \u012fdaryti \u017eem\u0117s rie\u0161ut\u0173 sviesto indeliai, 39 g"},"content":{"rendered":"<p data-start=\"56\" data-end=\"242\">Tikras gard\u0117sis \u2013 mink\u0161ti ir kreminiai \u017eem\u0117s rie\u0161ut\u0173 sviesto saldainiai su s\u016bdytos karamel\u0117s \u012fdaru, tirpstantys burnoje ir atskleid\u017eiantys tobul\u0105 saldumo ir s\u016brumo harmonij\u0105. Kiekvienas k\u0105snis \u2013 tarsi ma\u017ea palaimos akimirka.<\/p>\n<p data-start=\"244\" data-end=\"460\">Pagaminta tik i\u0161 geriausi\u0173 ingredient\u0173 \u2013 be palmi\u0173 aliejaus, pramoninio cukraus ir visi\u0161kai vegani\u0161ka. <strong data-start=\"352\" data-end=\"373\">44% ma\u017eiau cukraus<\/strong> nei \u012fprasti \u017eem\u0117s rie\u0161ut\u0173 sviesto saldainiai, ta\u010diau skonis dar sodresnis ir malonesnis.<\/p>\n<p data-start=\"462\" data-end=\"569\" data-is-last-node=\"\" data-is-only-node=\"\">Naughty Nuts suteikia jums karameli\u0161kai kremin\u012f sapn\u0105, kuris privers jus nusi\u0161ypsoti kaskart atidarius pakuot\u0119.<\/p>","protected":false},"excerpt":{"rendered":"<p>T\u00f5eline nauding \u2013 pehme ja kreemine soolakaramellit\u00e4idisega maap\u00e4hkliv\u00f5ikomm, mis sulab suus ja toob esile magusa ning soolase t\u00e4iusliku harmoonia. Iga amps on&hellip;<\/p>","protected":false},"featured_media":245758,"comment_status":"open","ping_status":"closed","template":"","meta":{"wprm-recipe-roundup-name":"","wprm-recipe-roundup-description":""},"product_brand":[12000],"product_cat":[160],"product_tag":[288],"class_list":{"0":"post-245757","1":"product","2":"type-product","3":"status-publish","4":"has-post-thumbnail","6":"product_brand-naughty-nuts","7":"product_cat-kommid","8":"product_tag-pahklivoikausid","9":"j79_wcxd_expiry_type-expiry-date","11":"first","12":"instock","13":"taxable","14":"shipping-taxable","15":"purchasable","16":"product-type-simple"},"supplier_id":9165,"supplier_sku":"","barcode":"4260737541627","atum_controlled":true,"out_stock_date":null,"out_stock_threshold":null,"inheritable":false,"inbound_stock":0,"stock_on_hold":0,"sold_today":0,"sales_last_days":0,"reserved_stock":0,"customer_returns":0,"warehouse_damage":0,"lost_in_post":0,"other_logs":0,"out_stock_days":170,"lost_sales":798,"has_location":false,"update_date":"2026-05-08T17:31:04","atum_locations":[],"atum_stock_status":"instock","restock_status":false,"low_stock_amount":"","sales_update_date":"2026-04-06T20:01:11","calc_backorders":null,"aioseo_notices":[],"_links":{"self":[{"href":"https:\/\/ecoshop.ee\/lt\/wp-json\/wp\/v2\/product\/245757","targetHints":{"allow":["GET"]}}],"collection":[{"href":"https:\/\/ecoshop.ee\/lt\/wp-json\/wp\/v2\/product"}],"about":[{"href":"https:\/\/ecoshop.ee\/lt\/wp-json\/wp\/v2\/types\/product"}],"replies":[{"embeddable":true,"href":"https:\/\/ecoshop.ee\/lt\/wp-json\/wp\/v2\/comments?post=245757"}],"version-history":[{"count":1,"href":"https:\/\/ecoshop.ee\/lt\/wp-json\/wp\/v2\/product\/245757\/revisions"}],"predecessor-version":[{"id":396131,"href":"https:\/\/ecoshop.ee\/lt\/wp-json\/wp\/v2\/product\/245757\/revisions\/396131"}],"wp:featuredmedia":[{"embeddable":true,"href":"https:\/\/ecoshop.ee\/lt\/wp-json\/wp\/v2\/media\/245758"}],"wp:attachment":[{"href":"https:\/\/ecoshop.ee\/lt\/wp-json\/wp\/v2\/media?parent=245757"}],"wp:term":[{"taxonomy":"product_brand","embeddable":true,"href":"https:\/\/ecoshop.ee\/lt\/wp-json\/wp\/v2\/product_brand?post=245757"},{"taxonomy":"product_cat","embeddable":true,"href":"https:\/\/ecoshop.ee\/lt\/wp-json\/wp\/v2\/product_cat?post=245757"},{"taxonomy":"product_tag","embeddable":true,"href":"https:\/\/ecoshop.ee\/lt\/wp-json\/wp\/v2\/product_tag?post=245757"}],"curies":[{"name":"wp","href":"https:\/\/api.w.org\/{rel}","templated":true}]}}