{"id":245765,"date":"2025-10-08T22:48:14","date_gmt":"2025-10-08T19:48:14","guid":{"rendered":"https:\/\/ecoshop.ee\/?post_type=product&#038;p=245765"},"modified":"2026-05-08T20:34:39","modified_gmt":"2026-05-08T17:34:39","slug":"bettr-braskiu-ir-graikiniu-riesutu-sviesto-dubeneliai-39-g","status":"publish","type":"product","link":"https:\/\/ecoshop.ee\/lt\/kommid\/bettr-maasika-taidisega-pahklivoikausid-39g\/","title":{"rendered":"Bett&#039;r bra\u0161ki\u0173 \u012fdaryti rie\u0161ut\u0173 sviesto duben\u0117liai, 39 g"},"content":{"rendered":"<p data-start=\"53\" data-end=\"258\">Atraskite sald\u017ei\u0105 vasaros svajon\u0119 \u2013 sodrus juodasis \u0161okoladas slepia subtil\u0173 ir aksomin\u012f bra\u0161ki\u0173 krem\u0105, kuris suteikia gaivumo ir d\u017eiaugsmo kiekvienam k\u0105sniui. Tobulas uog\u0173 mink\u0161tumo ir \u0161okolado malonumo balansas.<\/p>\n<p data-start=\"260\" data-end=\"389\">Pagaminta tik i\u0161 geriausi\u0173 nat\u016brali\u0173 ingredient\u0173 \u2013 <strong data-start=\"320\" data-end=\"387\">100% ekologi\u0161kas, vegani\u0161kas, be palmi\u0173 aliejaus ir pasaldintas kokos\u0173 cukrumi.<\/strong><\/p>\n<p data-start=\"391\" data-end=\"482\" data-is-last-node=\"\" data-is-only-node=\"\">Tai akimirka, kai \u0161okoladas ir bra\u0161k\u0117 susitinka \u2013 autenti\u0161kai, grynai ir paprastai, Bett&#039;r stiliumi.<\/p>","protected":false},"excerpt":{"rendered":"<p>Avasta suvine magus unelm \u2013 rikkalik tume \u0161okolaad peidab endas \u00f5rna ja sametist maasikakreemi, mis toob igasse ampsu v\u00e4rskuse ja r\u00f5\u00f5mu. T\u00e4iuslik&hellip;<\/p>","protected":false},"featured_media":245766,"comment_status":"open","ping_status":"closed","template":"","meta":{"wprm-recipe-roundup-name":"","wprm-recipe-roundup-description":""},"product_brand":[11995],"product_cat":[160],"product_tag":[288],"class_list":{"0":"post-245765","1":"product","2":"type-product","3":"status-publish","4":"has-post-thumbnail","6":"product_brand-bettr","7":"product_cat-kommid","8":"product_tag-pahklivoikausid","9":"j79_wcxd_expiry_type-expiry-date","11":"first","12":"instock","13":"taxable","14":"shipping-taxable","15":"purchasable","16":"product-type-simple"},"supplier_id":9165,"supplier_sku":"","barcode":"3800233782929","atum_controlled":true,"out_stock_date":null,"out_stock_threshold":null,"inheritable":false,"inbound_stock":0,"stock_on_hold":0,"sold_today":0,"sales_last_days":0,"reserved_stock":0,"customer_returns":0,"warehouse_damage":0,"lost_in_post":0,"other_logs":0,"out_stock_days":169,"lost_sales":794,"has_location":false,"update_date":"2026-05-08T17:34:40","atum_locations":[],"atum_stock_status":"instock","restock_status":false,"low_stock_amount":"","sales_update_date":"2026-04-06T20:01:11","calc_backorders":null,"aioseo_notices":[],"_links":{"self":[{"href":"https:\/\/ecoshop.ee\/lt\/wp-json\/wp\/v2\/product\/245765","targetHints":{"allow":["GET"]}}],"collection":[{"href":"https:\/\/ecoshop.ee\/lt\/wp-json\/wp\/v2\/product"}],"about":[{"href":"https:\/\/ecoshop.ee\/lt\/wp-json\/wp\/v2\/types\/product"}],"replies":[{"embeddable":true,"href":"https:\/\/ecoshop.ee\/lt\/wp-json\/wp\/v2\/comments?post=245765"}],"version-history":[{"count":2,"href":"https:\/\/ecoshop.ee\/lt\/wp-json\/wp\/v2\/product\/245765\/revisions"}],"predecessor-version":[{"id":396134,"href":"https:\/\/ecoshop.ee\/lt\/wp-json\/wp\/v2\/product\/245765\/revisions\/396134"}],"wp:featuredmedia":[{"embeddable":true,"href":"https:\/\/ecoshop.ee\/lt\/wp-json\/wp\/v2\/media\/245766"}],"wp:attachment":[{"href":"https:\/\/ecoshop.ee\/lt\/wp-json\/wp\/v2\/media?parent=245765"}],"wp:term":[{"taxonomy":"product_brand","embeddable":true,"href":"https:\/\/ecoshop.ee\/lt\/wp-json\/wp\/v2\/product_brand?post=245765"},{"taxonomy":"product_cat","embeddable":true,"href":"https:\/\/ecoshop.ee\/lt\/wp-json\/wp\/v2\/product_cat?post=245765"},{"taxonomy":"product_tag","embeddable":true,"href":"https:\/\/ecoshop.ee\/lt\/wp-json\/wp\/v2\/product_tag?post=245765"}],"curies":[{"name":"wp","href":"https:\/\/api.w.org\/{rel}","templated":true}]}}