{"id":245774,"date":"2025-10-09T00:12:04","date_gmt":"2025-10-08T21:12:04","guid":{"rendered":"https:\/\/ecoshop.ee\/?post_type=product&#038;p=245774"},"modified":"2026-05-08T11:44:06","modified_gmt":"2026-05-08T08:44:06","slug":"bettr-ekologiskas-begliutenis-daug-baltymu-turintis-blynu-misinys-400-g","status":"publish","type":"product","link":"https:\/\/ecoshop.ee\/lt\/kupsetussegud-ja-kuivained\/bettr-gluteenivaba-proteiinirohke-pannkoogisegu-mahe-400g\/","title":{"rendered":"Bett&#039;r begliutenis daug baltym\u0173 turintis blyn\u0173 mi\u0161inys, 400 g"},"content":{"rendered":"<p data-start=\"62\" data-end=\"317\">Prad\u0117kite dien\u0105 sveikai ir skaniai! \u201eBett&#039;r\u201c ekologi\u0161kas vegani\u0161kas baltym\u0173 gausus blyn\u0173 mi\u0161inys mink\u0161tus ir purius blynus paver\u010dia itin lengvai pagaminamais \u2013 vos per kelias minutes tur\u0117site baltym\u0173 gausius pusry\u010dius, kurie suteiks energijos ir ilgam i\u0161liks sot\u016bs.<\/p>\n<p data-start=\"319\" data-end=\"559\">Pagamintas i\u0161 kruop\u0161\u010diai atrinkt\u0173 ekologi\u0161k\u0173 augalini\u0173 ingredient\u0173, be prid\u0117tinio cukraus ir visi\u0161kai be glitimo, idealiai tinka aktyviems \u017emon\u0117ms, sportininkams ir visiems, kurie vertina sveik\u0105 ir maisting\u0105 dienos prad\u017ei\u0105.<\/p>\n<ul data-start=\"561\" data-end=\"784\">\n<li data-start=\"561\" data-end=\"584\">\n<p data-start=\"563\" data-end=\"584\">100% ekologi\u0161kas ir \u017eoleli\u0173<\/p>\n<\/li>\n<li data-start=\"628\" data-end=\"644\">\n<p data-start=\"630\" data-end=\"644\">Be glitimo<\/p>\n<\/li>\n<li data-start=\"645\" data-end=\"695\">\n<p data-start=\"647\" data-end=\"695\">Be prid\u0117tinio cukraus, saldum\u0105 suteikia datul\u0117s<\/p>\n<\/li>\n<li data-start=\"696\" data-end=\"751\">\n<p data-start=\"698\" data-end=\"751\">Be dirbtini\u0173 pried\u0173 ar konservant\u0173<\/p>\n<\/li>\n<li data-start=\"752\" data-end=\"784\">\n<p data-start=\"754\" data-end=\"784\">Paruo\u0161iama per ma\u017eiau nei 10 minu\u010di\u0173<\/p>\n<\/li>\n<\/ul>\n<p data-start=\"786\" data-end=\"1147\"><strong data-start=\"786\" data-end=\"803\">Paruo\u0161imas:<\/strong><br data-start=\"803\" data-end=\"806\" \/>Blyn\u0173 mi\u0161in\u012f dubenyje sumai\u0161ykite su 1 litru vandens arba \u017eoleli\u0173 g\u0117rimo. I\u0161plakite iki vientisos mas\u0117s ir palikite 5 minut\u0117ms. Keptuv\u0117je \u012fkaitinkite \u0161iek tiek aliejaus ir kepkite ma\u017eus (10\u201312 cm) blynelius, kol i\u0161 abiej\u0173 pusi\u0173 gra\u017eiai apskrus. Patiekite su \u0161vie\u017eiomis uogomis arba m\u0117gstamais priedais ir pagardais.<\/p>","protected":false},"excerpt":{"rendered":"<p>Alusta oma p\u00e4eva tervislikult ja maitsvalt! Bett\u2019r mahe vegan proteiinirohke pannkoogisegu teeb pehmete ja kohevate pannkookide valmistamise imelihtsaks \u2013 vaid m\u00f5ne minutiga&hellip;<\/p>","protected":false},"featured_media":245775,"comment_status":"open","ping_status":"closed","template":"","meta":{"wprm-recipe-roundup-name":"","wprm-recipe-roundup-description":""},"product_brand":[],"product_cat":[323,514,302],"product_tag":[286],"class_list":{"0":"post-245774","1":"product","2":"type-product","3":"status-publish","4":"has-post-thumbnail","6":"product_cat-kupsetussegud-ja-kuivained","7":"product_cat-hommikusook-ja-granolad","8":"product_cat-gluteenivaba","9":"product_tag-pannkoogisegu","10":"j79_wcxd_expiry_type-best-before","12":"first","13":"instock","14":"taxable","15":"shipping-taxable","16":"purchasable","17":"product-type-simple"},"supplier_id":9165,"supplier_sku":"","barcode":"3800233783452","atum_controlled":true,"out_stock_date":null,"out_stock_threshold":null,"inheritable":false,"inbound_stock":0,"stock_on_hold":0,"sold_today":0,"sales_last_days":2,"reserved_stock":0,"customer_returns":0,"warehouse_damage":0,"lost_in_post":0,"other_logs":0,"out_stock_days":0,"lost_sales":0,"has_location":false,"update_date":"2026-05-12T12:37:21","atum_locations":[],"atum_stock_status":"instock","restock_status":true,"low_stock_amount":"","sales_update_date":"2026-05-12T12:37:21","calc_backorders":null,"aioseo_notices":[],"_links":{"self":[{"href":"https:\/\/ecoshop.ee\/lt\/wp-json\/wp\/v2\/product\/245774","targetHints":{"allow":["GET"]}}],"collection":[{"href":"https:\/\/ecoshop.ee\/lt\/wp-json\/wp\/v2\/product"}],"about":[{"href":"https:\/\/ecoshop.ee\/lt\/wp-json\/wp\/v2\/types\/product"}],"replies":[{"embeddable":true,"href":"https:\/\/ecoshop.ee\/lt\/wp-json\/wp\/v2\/comments?post=245774"}],"version-history":[{"count":0,"href":"https:\/\/ecoshop.ee\/lt\/wp-json\/wp\/v2\/product\/245774\/revisions"}],"wp:featuredmedia":[{"embeddable":true,"href":"https:\/\/ecoshop.ee\/lt\/wp-json\/wp\/v2\/media\/245775"}],"wp:attachment":[{"href":"https:\/\/ecoshop.ee\/lt\/wp-json\/wp\/v2\/media?parent=245774"}],"wp:term":[{"taxonomy":"product_brand","embeddable":true,"href":"https:\/\/ecoshop.ee\/lt\/wp-json\/wp\/v2\/product_brand?post=245774"},{"taxonomy":"product_cat","embeddable":true,"href":"https:\/\/ecoshop.ee\/lt\/wp-json\/wp\/v2\/product_cat?post=245774"},{"taxonomy":"product_tag","embeddable":true,"href":"https:\/\/ecoshop.ee\/lt\/wp-json\/wp\/v2\/product_tag?post=245774"}],"curies":[{"name":"wp","href":"https:\/\/api.w.org\/{rel}","templated":true}]}}