{"id":245788,"date":"2025-10-09T20:52:20","date_gmt":"2025-10-09T17:52:20","guid":{"rendered":"https:\/\/ecoshop.ee\/?post_type=product&#038;p=245788"},"modified":"2026-01-22T13:28:23","modified_gmt":"2026-01-22T10:28:23","slug":"bettr-ekologiskas-bananu-duonos-misinys-be-glitimo-300-g","status":"publish","type":"product","link":"https:\/\/ecoshop.ee\/lt\/kupsetussegud-ja-kuivained\/bettr-mahe-gluteenivaba-banaanileiva-segu-300g\/","title":{"rendered":"Bett&#039;r ekologi\u0161kas banan\u0173 duonos mi\u0161inys be glitimo, 300 g"},"content":{"rendered":"<p data-start=\"56\" data-end=\"327\">Vos per kelias minutes pasigaminkite gard\u017ei\u0105 ir puri\u0105 banan\u0173 duon\u0105 su \u201eBett&#039;r Organic\u201c banan\u0173 duonos mi\u0161iniu \u2013 sveiku ir be s\u0105\u017ein\u0117s grau\u017eaties skan\u0117stu visai \u0161eimai. Mi\u0161inys yra 100% vegani\u0161kas ir be glitimo, pagamintas i\u0161 kruop\u0161\u010diai atrinkt\u0173 ekologi\u0161k\u0173 ingredient\u0173, be dirbtini\u0173 pried\u0173 ar rafinuoto cukraus.<\/p>\n<ul>\n<li data-start=\"329\" data-end=\"558\">ekologi\u0161k\u0173 ir nat\u016brali\u0173 ingredient\u0173<\/li>\n<li data-start=\"329\" data-end=\"558\">be glitimo ir 100% vegani\u0161kas<\/li>\n<li data-start=\"329\" data-end=\"558\">sud\u0117tyje n\u0117ra rafinuoto cukraus ar dirbtini\u0173 pried\u0173<\/li>\n<li data-start=\"329\" data-end=\"558\">nat\u016bralus saldumas i\u0161 kokos\u0173 cukraus<\/li>\n<li data-start=\"329\" data-end=\"558\">lengva ir greita pagaminti \u2013 \u0161vie\u017eia banan\u0173 duona per ma\u017eiau nei valand\u0105<\/li>\n<\/ul>\n<p data-start=\"560\" data-end=\"579\"><strong data-start=\"560\" data-end=\"577\">Paruo\u0161imas:<\/strong><\/p>\n<ol data-start=\"580\" data-end=\"1216\">\n<li data-start=\"580\" data-end=\"654\">\n<p data-start=\"583\" data-end=\"654\">\u012ekaitinkite orkait\u0119 iki 165 \u00b0C (su ventiliatoriumi) arba 180\u2013185 \u00b0C (be ventiliatoriaus).<\/p>\n<\/li>\n<li data-start=\"655\" data-end=\"736\">\n<p data-start=\"658\" data-end=\"736\">Kepimo form\u0105 (10 \u00d7 20 cm arba daugiausia 12 \u00d7 24 cm) i\u0161tepkite aliejumi arba i\u0161klokite kepimo popieriumi.<\/p>\n<\/li>\n<li data-start=\"737\" data-end=\"811\">\n<p data-start=\"740\" data-end=\"811\">Nulupkite ir \u0161akute dubenyje sutrinkite 210 g (apie 2 vidutinio dyd\u017eio) prinokusi\u0173 banan\u0173.<\/p>\n<\/li>\n<li data-start=\"812\" data-end=\"949\">\n<p data-start=\"815\" data-end=\"949\">\u012epilkite 15 ml augalinio pieno arba vandens ir 30 ml aliejaus arba i\u0161tirpinto augalinio sviesto.<\/p>\n<\/li>\n<li data-start=\"950\" data-end=\"1023\">\n<p data-start=\"953\" data-end=\"1023\">Supilkite vis\u0105 \u201eBett&#039;r\u201c banan\u0173 duonos mi\u0161in\u012f ir i\u0161mai\u0161ykite iki vientisos mas\u0117s.<\/p>\n<\/li>\n<li data-start=\"1024\" data-end=\"1123\">\n<p data-start=\"1027\" data-end=\"1123\">Supilkite te\u0161l\u0105 \u012f kepimo form\u0105 ir kepkite 50\u201360 minu\u010di\u0173, kol \u012f centr\u0105 \u012fsmeigtas medinis ie\u0161melis i\u0161traukiamas \u0161varus.<\/p>\n<\/li>\n<li data-start=\"1124\" data-end=\"1216\">\n<p data-start=\"1127\" data-end=\"1216\">Leiskite duonai 10 minu\u010di\u0173 atv\u0117sti kepimo formoje, tada i\u0161imkite ir leiskite visi\u0161kai atv\u0117sti.<\/p>\n<\/li>\n<\/ol>\n<p data-start=\"1218\" data-end=\"1321\" data-is-last-node=\"\" data-is-only-node=\"\">M\u0117gaukit\u0117s \u0161velniai sald\u017eia, sultinga ir namine banan\u0173 duona pusry\u010diams, u\u017ekand\u017eiui ar desertui!<\/p>","protected":false},"excerpt":{"rendered":"<p>Valmista h\u00f5rk ja kohev banaanileib vaid m\u00f5ne minutiga Bett\u2019r maheda banaanileiva seguga \u2013 tervislik ja s\u00fc\u00fcmepiinadeta maius kogu perele. Segu on 100%&hellip;<\/p>","protected":false},"featured_media":245791,"comment_status":"open","ping_status":"closed","template":"","meta":{"wprm-recipe-roundup-name":"","wprm-recipe-roundup-description":""},"product_brand":[],"product_cat":[323,303,302],"product_tag":[296,330],"class_list":{"0":"post-245788","1":"product","2":"type-product","3":"status-publish","4":"has-post-thumbnail","6":"product_cat-kupsetussegud-ja-kuivained","7":"product_cat-mahetooted","8":"product_cat-gluteenivaba","9":"product_tag-gluteenivaba","10":"product_tag-kupsetussegu","11":"j79_wcxd_expiry_type-best-before","13":"first","14":"instock","15":"taxable","16":"shipping-taxable","17":"purchasable","18":"product-type-simple"},"supplier_id":9165,"supplier_sku":"","barcode":"3800233783421","atum_controlled":true,"out_stock_date":null,"out_stock_threshold":null,"inheritable":false,"inbound_stock":0,"stock_on_hold":0,"sold_today":0,"sales_last_days":0,"reserved_stock":0,"customer_returns":0,"warehouse_damage":0,"lost_in_post":0,"other_logs":0,"out_stock_days":0,"lost_sales":0,"has_location":false,"update_date":"2026-04-06T20:01:11","atum_locations":[],"atum_stock_status":"instock","restock_status":false,"low_stock_amount":"","sales_update_date":"2026-04-06T20:01:11","calc_backorders":null,"aioseo_notices":[],"_links":{"self":[{"href":"https:\/\/ecoshop.ee\/lt\/wp-json\/wp\/v2\/product\/245788","targetHints":{"allow":["GET"]}}],"collection":[{"href":"https:\/\/ecoshop.ee\/lt\/wp-json\/wp\/v2\/product"}],"about":[{"href":"https:\/\/ecoshop.ee\/lt\/wp-json\/wp\/v2\/types\/product"}],"replies":[{"embeddable":true,"href":"https:\/\/ecoshop.ee\/lt\/wp-json\/wp\/v2\/comments?post=245788"}],"version-history":[{"count":0,"href":"https:\/\/ecoshop.ee\/lt\/wp-json\/wp\/v2\/product\/245788\/revisions"}],"wp:featuredmedia":[{"embeddable":true,"href":"https:\/\/ecoshop.ee\/lt\/wp-json\/wp\/v2\/media\/245791"}],"wp:attachment":[{"href":"https:\/\/ecoshop.ee\/lt\/wp-json\/wp\/v2\/media?parent=245788"}],"wp:term":[{"taxonomy":"product_brand","embeddable":true,"href":"https:\/\/ecoshop.ee\/lt\/wp-json\/wp\/v2\/product_brand?post=245788"},{"taxonomy":"product_cat","embeddable":true,"href":"https:\/\/ecoshop.ee\/lt\/wp-json\/wp\/v2\/product_cat?post=245788"},{"taxonomy":"product_tag","embeddable":true,"href":"https:\/\/ecoshop.ee\/lt\/wp-json\/wp\/v2\/product_tag?post=245788"}],"curies":[{"name":"wp","href":"https:\/\/api.w.org\/{rel}","templated":true}]}}