{"id":245805,"date":"2025-10-09T22:31:50","date_gmt":"2025-10-09T19:31:50","guid":{"rendered":"https:\/\/ecoshop.ee\/?post_type=product&#038;p=245805"},"modified":"2026-05-11T22:27:08","modified_gmt":"2026-05-11T19:27:08","slug":"daflori-rukyta-vegan-alheira-110g","status":"publish","type":"product","link":"https:\/\/ecoshop.ee\/lt\/seitan\/daflori-suitsutatud-vegan-alheira-110g\/","title":{"rendered":"Daflori r\u016bkytas vegani\u0161kas \u201cAlheira\u201d, 110g"},"content":{"rendered":"<p data-start=\"33\" data-end=\"308\">R\u016bkyta vegani\u0161ka \u201eAlheira\u201c \u2013 tai 100% augalin\u0117 tradicin\u0117s portugali\u0161kos de\u0161ros versija, pasi\u017eyminti autenti\u0161ku skoniu eti\u0161ku ir gard\u017eiu b\u016bdu. Pagaminta i\u0161 augalini\u0173 ingredient\u0173 ir pagardinta kruop\u0161\u010diai atrinktais prieskoniais, kad b\u016bt\u0173 sodrus ir aromatingas rezultatas.<\/p>\n<p data-start=\"310\" data-end=\"440\" data-is-last-node=\"\" data-is-only-node=\"\">Universalus ir gardus pasirinkimas, puikiai tinkantis kepti ant groteli\u0173, kepti orkait\u0117je arba suteikti patiekalams ypatingo skonio.<\/p>\n<p data-start=\"310\" data-end=\"440\" data-is-last-node=\"\" data-is-only-node=\"\">Neatidaryto produkto\u00a0<strong>galima laikyti kambario temperat\u016broje.<\/strong><\/p>","protected":false},"excerpt":{"rendered":"<p>Suitsutatud vegan Alheira on 100% taimne versioon traditsioonilisest Portugali vorstist, mis pakub ehtsat maitset eetilisel ja maitsval viisil. Valmistatud taimsetest koostisosadest ning&hellip;<\/p>","protected":false},"featured_media":245806,"comment_status":"open","ping_status":"closed","template":"","meta":{"wprm-recipe-roundup-name":"","wprm-recipe-roundup-description":""},"product_brand":[12030],"product_cat":[170,240,155],"product_tag":[166,299],"class_list":{"0":"post-245805","1":"product","2":"type-product","3":"status-publish","4":"has-post-thumbnail","6":"product_brand-daflori","7":"product_cat-seitan","8":"product_cat-allahinnatud","9":"product_cat-valguallikad","10":"product_tag-liha","11":"product_tag-vorst","12":"j79_wcxd_expiry_type-best-before","14":"first","15":"instock","16":"sale","17":"taxable","18":"shipping-taxable","19":"purchasable","20":"product-type-simple"},"supplier_id":245718,"supplier_sku":"","barcode":"5600378778584","atum_controlled":true,"out_stock_date":null,"out_stock_threshold":null,"inheritable":false,"inbound_stock":0,"stock_on_hold":0,"sold_today":0,"sales_last_days":2,"reserved_stock":0,"customer_returns":0,"warehouse_damage":0,"lost_in_post":0,"other_logs":0,"out_stock_days":0,"lost_sales":0,"has_location":false,"update_date":"2026-05-13T15:06:55","atum_locations":[],"atum_stock_status":"instock","restock_status":false,"low_stock_amount":"","sales_update_date":"2026-05-13T15:06:55","calc_backorders":null,"aioseo_notices":[],"_links":{"self":[{"href":"https:\/\/ecoshop.ee\/lt\/wp-json\/wp\/v2\/product\/245805","targetHints":{"allow":["GET"]}}],"collection":[{"href":"https:\/\/ecoshop.ee\/lt\/wp-json\/wp\/v2\/product"}],"about":[{"href":"https:\/\/ecoshop.ee\/lt\/wp-json\/wp\/v2\/types\/product"}],"replies":[{"embeddable":true,"href":"https:\/\/ecoshop.ee\/lt\/wp-json\/wp\/v2\/comments?post=245805"}],"version-history":[{"count":0,"href":"https:\/\/ecoshop.ee\/lt\/wp-json\/wp\/v2\/product\/245805\/revisions"}],"wp:featuredmedia":[{"embeddable":true,"href":"https:\/\/ecoshop.ee\/lt\/wp-json\/wp\/v2\/media\/245806"}],"wp:attachment":[{"href":"https:\/\/ecoshop.ee\/lt\/wp-json\/wp\/v2\/media?parent=245805"}],"wp:term":[{"taxonomy":"product_brand","embeddable":true,"href":"https:\/\/ecoshop.ee\/lt\/wp-json\/wp\/v2\/product_brand?post=245805"},{"taxonomy":"product_cat","embeddable":true,"href":"https:\/\/ecoshop.ee\/lt\/wp-json\/wp\/v2\/product_cat?post=245805"},{"taxonomy":"product_tag","embeddable":true,"href":"https:\/\/ecoshop.ee\/lt\/wp-json\/wp\/v2\/product_tag?post=245805"}],"curies":[{"name":"wp","href":"https:\/\/api.w.org\/{rel}","templated":true}]}}