{"id":245811,"date":"2025-10-09T22:46:43","date_gmt":"2025-10-09T19:46:43","guid":{"rendered":"https:\/\/ecoshop.ee\/?post_type=product&#038;p=245811"},"modified":"2026-05-11T22:27:08","modified_gmt":"2026-05-11T19:27:08","slug":"daflori-ciberzoles-tofu-200-g","status":"publish","type":"product","link":"https:\/\/ecoshop.ee\/lt\/tofu\/daflori-kurkumi-tofu-200g\/","title":{"rendered":"Daflori ciber\u017eol\u0117s tofu, 200 g"},"content":{"rendered":"<p data-start=\"20\" data-end=\"258\">Ciber\u017eol\u0117s tofu viename gard\u017eiame derinyje sujungia augalin\u0117s kilm\u0117s baltym\u0173 ir a\u0161traus supermaisto privalumus. Ciber\u017eol\u0117 suteikia tofui auksin\u0119 spalv\u0105, subtil\u0173 aromat\u0105 ir \u0161iek tiek \u0161veln\u0173 skon\u012f, be to, ji \u017einoma d\u0117l prie\u0161u\u017edegimini\u0173 ir antioksidacini\u0173 savybi\u0173.<\/p>\n<p data-start=\"260\" data-end=\"534\" data-is-last-node=\"\" data-is-only-node=\"\">\u0160is maistingas ir universalus baltym\u0173 \u0161altinis puikiai tinka kepti ant groteli\u0173, kepti orkait\u0117je, kepti orkait\u0117je ar pagardinti salotas ir keptus patiekalus. Ciber\u017eol\u0117s tofu suteikia \u0161ilumos, spalvos ir sveiko skonio bet kokiam patiekalui \u2013 puikus pasirinkimas subalansuotai augalinei mitybai.<\/p>\n<p data-start=\"280\" data-end=\"439\" data-is-last-node=\"\" data-is-only-node=\"\">Neatidaryto produkto\u00a0<strong>galima laikyti kambario temperat\u016broje.<\/strong><\/p>","protected":false},"excerpt":{"rendered":"<p>Kurkumi tofu \u00fchendab taimse valgu ja v\u00fcrtsika supertoidu eelised \u00fches maitsvas koosluses. Kurkum annab tofu kuldse v\u00e4rvuse, \u00f5rna aroomi ja kergelt maheda&hellip;<\/p>","protected":false},"featured_media":245812,"comment_status":"open","ping_status":"closed","template":"","meta":{"wprm-recipe-roundup-name":"","wprm-recipe-roundup-description":""},"product_brand":[12030],"product_cat":[379,240,155],"product_tag":[277,5781],"class_list":{"0":"post-245811","1":"product","2":"type-product","3":"status-publish","4":"has-post-thumbnail","6":"product_brand-daflori","7":"product_cat-tofu","8":"product_cat-allahinnatud","9":"product_cat-valguallikad","10":"product_tag-kurkum","11":"product_tag-tofu","12":"j79_wcxd_expiry_type-best-before","14":"first","15":"instock","16":"sale","17":"taxable","18":"shipping-taxable","19":"purchasable","20":"product-type-simple"},"supplier_id":245718,"supplier_sku":"","barcode":"5600378778355","atum_controlled":true,"out_stock_date":null,"out_stock_threshold":null,"inheritable":false,"inbound_stock":0,"stock_on_hold":0,"sold_today":0,"sales_last_days":5,"reserved_stock":0,"customer_returns":0,"warehouse_damage":0,"lost_in_post":0,"other_logs":0,"out_stock_days":0,"lost_sales":0,"has_location":false,"update_date":"2026-05-13T15:06:55","atum_locations":[],"atum_stock_status":"instock","restock_status":false,"low_stock_amount":"","sales_update_date":"2026-05-13T15:06:55","calc_backorders":null,"aioseo_notices":[],"_links":{"self":[{"href":"https:\/\/ecoshop.ee\/lt\/wp-json\/wp\/v2\/product\/245811","targetHints":{"allow":["GET"]}}],"collection":[{"href":"https:\/\/ecoshop.ee\/lt\/wp-json\/wp\/v2\/product"}],"about":[{"href":"https:\/\/ecoshop.ee\/lt\/wp-json\/wp\/v2\/types\/product"}],"replies":[{"embeddable":true,"href":"https:\/\/ecoshop.ee\/lt\/wp-json\/wp\/v2\/comments?post=245811"}],"version-history":[{"count":2,"href":"https:\/\/ecoshop.ee\/lt\/wp-json\/wp\/v2\/product\/245811\/revisions"}],"predecessor-version":[{"id":396038,"href":"https:\/\/ecoshop.ee\/lt\/wp-json\/wp\/v2\/product\/245811\/revisions\/396038"}],"wp:featuredmedia":[{"embeddable":true,"href":"https:\/\/ecoshop.ee\/lt\/wp-json\/wp\/v2\/media\/245812"}],"wp:attachment":[{"href":"https:\/\/ecoshop.ee\/lt\/wp-json\/wp\/v2\/media?parent=245811"}],"wp:term":[{"taxonomy":"product_brand","embeddable":true,"href":"https:\/\/ecoshop.ee\/lt\/wp-json\/wp\/v2\/product_brand?post=245811"},{"taxonomy":"product_cat","embeddable":true,"href":"https:\/\/ecoshop.ee\/lt\/wp-json\/wp\/v2\/product_cat?post=245811"},{"taxonomy":"product_tag","embeddable":true,"href":"https:\/\/ecoshop.ee\/lt\/wp-json\/wp\/v2\/product_tag?post=245811"}],"curies":[{"name":"wp","href":"https:\/\/api.w.org\/{rel}","templated":true}]}}