{"id":245859,"date":"2025-10-16T20:45:35","date_gmt":"2025-10-16T17:45:35","guid":{"rendered":"https:\/\/ecoshop.ee\/?post_type=product&#038;p=245859"},"modified":"2026-05-15T03:00:02","modified_gmt":"2026-05-15T00:00:02","slug":"alnatura-kokosu-skonio-veganiskas-sokoladas-100-g","status":"publish","type":"product","link":"https:\/\/ecoshop.ee\/lt\/sokolaadid\/alnatura-kookosemaitseline-vegan-sokolaad-100g\/","title":{"rendered":"Alnatura vegani\u0161kas \u0161okoladas su kokos\u0173 skoniu, 100 g"},"content":{"rendered":"<p>Egzoti\u0161kas skan\u0117stas, kuriame dera kokoso ir subtilios karamel\u0117s kvapasnoodi. Pagrindiniai \u0161okolado komponentai yra kokos\u0173 palmi\u0173 cukrus, kokos\u0173 mas\u0117 ir kakavos sviestas, kuriuos papildo tra\u0161k\u016bs kokoso dro\u017el\u0117s. Sukurtas be lecitino, tik i\u0161 augalini\u0173 ingredient\u0173, i\u0161 ekologini\u0173 \u016bki\u0173.<\/p>","protected":false},"excerpt":{"rendered":"<p>Eksootiline maius, mis \u00fchendab endas kookose h\u00f5ngu ja \u00f5rna karamellinoodi. \u0160okolaadi p\u00f5hikomponendid on kookospalmisuhkur, kookosmass ja kakaov\u00f5i, mida t\u00e4iendavad kr\u00f5bedad kookoshelbed. Loodud&hellip;<\/p>","protected":false},"featured_media":245860,"comment_status":"open","ping_status":"closed","template":"","meta":{"wprm-recipe-roundup-name":"","wprm-recipe-roundup-description":""},"product_brand":[12001],"product_cat":[141,303],"product_tag":[7997,142],"class_list":{"0":"post-245859","1":"product","2":"type-product","3":"status-publish","4":"has-post-thumbnail","6":"product_brand-alnatura","7":"product_cat-sokolaadid","8":"product_cat-mahetooted","9":"product_tag-kookos","10":"product_tag-sokolaad","11":"j79_wcxd_expiry_type-best-before","13":"first","14":"outofstock","15":"taxable","16":"shipping-taxable","17":"purchasable","18":"product-type-simple"},"supplier_id":9158,"supplier_sku":"","barcode":"4104420222687","atum_controlled":true,"out_stock_date":null,"out_stock_threshold":null,"inheritable":false,"inbound_stock":0,"stock_on_hold":0,"sold_today":0,"sales_last_days":1,"reserved_stock":0,"customer_returns":0,"warehouse_damage":0,"lost_in_post":0,"other_logs":0,"out_stock_days":0,"lost_sales":0,"has_location":false,"update_date":"2026-03-24T20:56:39","atum_locations":[],"atum_stock_status":"instock","restock_status":true,"low_stock_amount":"","sales_update_date":"2026-03-24T20:56:39","calc_backorders":null,"aioseo_notices":[],"_links":{"self":[{"href":"https:\/\/ecoshop.ee\/lt\/wp-json\/wp\/v2\/product\/245859","targetHints":{"allow":["GET"]}}],"collection":[{"href":"https:\/\/ecoshop.ee\/lt\/wp-json\/wp\/v2\/product"}],"about":[{"href":"https:\/\/ecoshop.ee\/lt\/wp-json\/wp\/v2\/types\/product"}],"replies":[{"embeddable":true,"href":"https:\/\/ecoshop.ee\/lt\/wp-json\/wp\/v2\/comments?post=245859"}],"version-history":[{"count":0,"href":"https:\/\/ecoshop.ee\/lt\/wp-json\/wp\/v2\/product\/245859\/revisions"}],"wp:featuredmedia":[{"embeddable":true,"href":"https:\/\/ecoshop.ee\/lt\/wp-json\/wp\/v2\/media\/245860"}],"wp:attachment":[{"href":"https:\/\/ecoshop.ee\/lt\/wp-json\/wp\/v2\/media?parent=245859"}],"wp:term":[{"taxonomy":"product_brand","embeddable":true,"href":"https:\/\/ecoshop.ee\/lt\/wp-json\/wp\/v2\/product_brand?post=245859"},{"taxonomy":"product_cat","embeddable":true,"href":"https:\/\/ecoshop.ee\/lt\/wp-json\/wp\/v2\/product_cat?post=245859"},{"taxonomy":"product_tag","embeddable":true,"href":"https:\/\/ecoshop.ee\/lt\/wp-json\/wp\/v2\/product_tag?post=245859"}],"curies":[{"name":"wp","href":"https:\/\/api.w.org\/{rel}","templated":true}]}}