{"id":246225,"date":"2025-11-12T14:12:37","date_gmt":"2025-11-12T11:12:37","guid":{"rendered":"https:\/\/ecoshop.ee\/?post_type=product&#038;p=246225"},"modified":"2026-04-03T22:27:34","modified_gmt":"2026-04-03T19:27:34","slug":"vantastic-ekologiskas-tofu-su-pomidorais-ir-alyvuogemis-200-g","status":"publish","type":"product","link":"https:\/\/ecoshop.ee\/lt\/tofu\/vantastic-tofu-tomati-ja-oliividega-mahe-200g\/","title":{"rendered":"Vantastic ekologi\u0161kas tofu su pomidorais ir alyvuog\u0117mis, 200 g"},"content":{"rendered":"<p data-start=\"72\" data-end=\"397\">\u0160is tofu sujungia Vidur\u017eemio j\u016bros regiono saul\u0119 ir \u017eoleles \u2013 \u0161velniai s\u016brios alyvuog\u0117s, prinok\u0119 d\u017eiovinti pomidorai ir kruop\u0161\u010diai atrinktos \u017eolel\u0117s suteikia jam sodr\u0173 ir subalansuot\u0105 skon\u012f. Pagamintas tik i\u0161 augalini\u0173 ir ekologi\u0161k\u0173 ingredient\u0173, tai puikus pasirinkimas tiems, kurie vertina gryn\u0105 ir autenti\u0161k\u0105 maisto patirt\u012f.<\/p>\n<p data-start=\"399\" data-end=\"416\"><strong data-start=\"399\" data-end=\"414\">M\u0117gaukit\u0117s tuo:<\/strong><\/p>\n<ul data-start=\"417\" data-end=\"586\">\n<li data-start=\"417\" data-end=\"464\">\n<p data-start=\"419\" data-end=\"464\">supjaustyta salotose arba u\u017ekand\u017ei\u0173 l\u0117k\u0161t\u0117je<\/p>\n<\/li>\n<li data-start=\"465\" data-end=\"525\">\n<p data-start=\"467\" data-end=\"525\">lengvai apkepti kaip garnyras prie makaron\u0173 patiekal\u0173 ar dar\u017eovi\u0173<\/p>\n<\/li>\n<li data-start=\"526\" data-end=\"586\">\n<p data-start=\"528\" data-end=\"586\">\u0161iltas ant sumu\u0161tinio arba kaip u\u017ekandis su geru raudonuoju vynu<\/p>\n<\/li>\n<\/ul>","protected":false},"excerpt":{"rendered":"<p>See tofu \u00fchendab endas Vahemere p\u00e4ikese ja \u00fcrdisuse \u2013 mahedalt soolased oliivid, k\u00fcpsed kuivatatud tomatid ja hoolikalt valitud \u00fcrdid annavad sellele rikkaliku&hellip;<\/p>","protected":false},"featured_media":246226,"comment_status":"open","ping_status":"closed","template":"","meta":{"wprm-recipe-roundup-name":"","wprm-recipe-roundup-description":""},"product_brand":[12022],"product_cat":[379],"product_tag":[5781],"class_list":{"0":"post-246225","1":"product","2":"type-product","3":"status-publish","4":"has-post-thumbnail","6":"product_brand-vantastic","7":"product_cat-tofu","8":"product_tag-tofu","9":"j79_wcxd_expiry_type-expiry-date","11":"first","12":"instock","13":"taxable","14":"shipping-taxable","15":"purchasable","16":"product-type-simple"},"supplier_id":9137,"supplier_sku":"","barcode":"4260119119611","atum_controlled":true,"out_stock_date":null,"out_stock_threshold":null,"inheritable":false,"inbound_stock":0,"stock_on_hold":0,"sold_today":0,"sales_last_days":1,"reserved_stock":0,"customer_returns":0,"warehouse_damage":0,"lost_in_post":0,"other_logs":0,"out_stock_days":0,"lost_sales":0,"has_location":false,"update_date":"2026-04-07T16:51:56","atum_locations":[],"atum_stock_status":"instock","restock_status":false,"low_stock_amount":"","sales_update_date":"2026-04-07T16:51:56","calc_backorders":null,"aioseo_notices":[],"_links":{"self":[{"href":"https:\/\/ecoshop.ee\/lt\/wp-json\/wp\/v2\/product\/246225","targetHints":{"allow":["GET"]}}],"collection":[{"href":"https:\/\/ecoshop.ee\/lt\/wp-json\/wp\/v2\/product"}],"about":[{"href":"https:\/\/ecoshop.ee\/lt\/wp-json\/wp\/v2\/types\/product"}],"replies":[{"embeddable":true,"href":"https:\/\/ecoshop.ee\/lt\/wp-json\/wp\/v2\/comments?post=246225"}],"version-history":[{"count":0,"href":"https:\/\/ecoshop.ee\/lt\/wp-json\/wp\/v2\/product\/246225\/revisions"}],"wp:featuredmedia":[{"embeddable":true,"href":"https:\/\/ecoshop.ee\/lt\/wp-json\/wp\/v2\/media\/246226"}],"wp:attachment":[{"href":"https:\/\/ecoshop.ee\/lt\/wp-json\/wp\/v2\/media?parent=246225"}],"wp:term":[{"taxonomy":"product_brand","embeddable":true,"href":"https:\/\/ecoshop.ee\/lt\/wp-json\/wp\/v2\/product_brand?post=246225"},{"taxonomy":"product_cat","embeddable":true,"href":"https:\/\/ecoshop.ee\/lt\/wp-json\/wp\/v2\/product_cat?post=246225"},{"taxonomy":"product_tag","embeddable":true,"href":"https:\/\/ecoshop.ee\/lt\/wp-json\/wp\/v2\/product_tag?post=246225"}],"curies":[{"name":"wp","href":"https:\/\/api.w.org\/{rel}","templated":true}]}}