{"id":246254,"date":"2025-11-13T16:24:32","date_gmt":"2025-11-13T13:24:32","guid":{"rendered":"https:\/\/ecoshop.ee\/?post_type=product&#038;p=246254"},"modified":"2026-02-27T16:27:53","modified_gmt":"2026-02-27T13:27:53","slug":"bettr-juros-druskos-aviziniu-dribsniu-batoneliai-50-g","status":"publish","type":"product","link":"https:\/\/ecoshop.ee\/lt\/soolased-snakid\/bettr-meresoolaga-kaerapulgad-50g\/","title":{"rendered":"Bett&#039;r avi\u017einiai baton\u0117liai su j\u016bros druska, 50 g"},"content":{"rendered":"<p data-start=\"66\" data-end=\"297\">\u0160ios gard\u017eios avi\u017e\u0173 lazdel\u0117s \u2013 puikus pasirinkimas, kai norisi ka\u017eko s\u016braus ir tra\u0161kaus. I\u0161keptos su rauginta duona, lazdel\u0117s pasi\u017eymi ypa\u010d gard\u017eia tekst\u016bra ir sodriu skoniu, tod\u0117l puikiai tinka bet kokiai progai.<\/p>\n<p data-start=\"299\" data-end=\"466\">Pagaminta i\u0161 ekologi\u0161k\u0173 avi\u017e\u0173 ir kvietini\u0173 milt\u0173, pagardinta lengvu j\u016bros druskos kiekiu ir be palmi\u0173 aliejaus \u2013 \u0161varus ir s\u0105\u017einingas pasirinkimas tiek namams, tiek i\u0161sine\u0161imui.<\/p>","protected":false},"excerpt":{"rendered":"<p>Need maitsvad kaerapulgad on ideaalne valik, kui soovid midagi soolast ja kr\u00f5bedat. Haputaignaga k\u00fcpsetatud pulgad pakuvad eriti m\u00f5nusat tekstuuri ja s\u00fcgavat maitset,&hellip;<\/p>","protected":false},"featured_media":246255,"comment_status":"open","ping_status":"closed","template":"","meta":{"wprm-recipe-roundup-name":"","wprm-recipe-roundup-description":""},"product_brand":[11995],"product_cat":[157],"product_tag":[283],"class_list":{"0":"post-246254","1":"product","2":"type-product","3":"status-publish","4":"has-post-thumbnail","6":"product_brand-bettr","7":"product_cat-soolased-snakid","8":"product_tag-soolapulgad","9":"j79_wcxd_expiry_type-best-before","11":"first","12":"instock","13":"taxable","14":"shipping-taxable","15":"purchasable","16":"product-type-simple"},"supplier_id":9165,"supplier_sku":"","barcode":"3800233683288","atum_controlled":true,"out_stock_date":null,"out_stock_threshold":null,"inheritable":false,"inbound_stock":0,"stock_on_hold":0,"sold_today":0,"sales_last_days":0,"reserved_stock":0,"customer_returns":0,"warehouse_damage":0,"lost_in_post":0,"other_logs":0,"out_stock_days":0,"lost_sales":0,"has_location":false,"update_date":"2026-04-06T20:01:11","atum_locations":[],"atum_stock_status":"instock","restock_status":false,"low_stock_amount":"","sales_update_date":"2026-04-06T20:01:11","calc_backorders":null,"aioseo_notices":[],"_links":{"self":[{"href":"https:\/\/ecoshop.ee\/lt\/wp-json\/wp\/v2\/product\/246254","targetHints":{"allow":["GET"]}}],"collection":[{"href":"https:\/\/ecoshop.ee\/lt\/wp-json\/wp\/v2\/product"}],"about":[{"href":"https:\/\/ecoshop.ee\/lt\/wp-json\/wp\/v2\/types\/product"}],"replies":[{"embeddable":true,"href":"https:\/\/ecoshop.ee\/lt\/wp-json\/wp\/v2\/comments?post=246254"}],"version-history":[{"count":0,"href":"https:\/\/ecoshop.ee\/lt\/wp-json\/wp\/v2\/product\/246254\/revisions"}],"wp:featuredmedia":[{"embeddable":true,"href":"https:\/\/ecoshop.ee\/lt\/wp-json\/wp\/v2\/media\/246255"}],"wp:attachment":[{"href":"https:\/\/ecoshop.ee\/lt\/wp-json\/wp\/v2\/media?parent=246254"}],"wp:term":[{"taxonomy":"product_brand","embeddable":true,"href":"https:\/\/ecoshop.ee\/lt\/wp-json\/wp\/v2\/product_brand?post=246254"},{"taxonomy":"product_cat","embeddable":true,"href":"https:\/\/ecoshop.ee\/lt\/wp-json\/wp\/v2\/product_cat?post=246254"},{"taxonomy":"product_tag","embeddable":true,"href":"https:\/\/ecoshop.ee\/lt\/wp-json\/wp\/v2\/product_tag?post=246254"}],"curies":[{"name":"wp","href":"https:\/\/api.w.org\/{rel}","templated":true}]}}