{"id":246257,"date":"2025-11-13T16:40:28","date_gmt":"2025-11-13T13:40:28","guid":{"rendered":"https:\/\/ecoshop.ee\/?post_type=product&#038;p=246257"},"modified":"2026-03-21T14:46:34","modified_gmt":"2026-03-21T11:46:34","slug":"roobar-sokoladu-glaistytas-kokosu-batonelis-30-g","status":"publish","type":"product","link":"https:\/\/ecoshop.ee\/lt\/kommid\/roobar-sokolaadiga-kaetud-kookosbatoon-30g\/","title":{"rendered":"Roobar \u0160okoladu glaistytas kokos\u0173 baton\u0117lis, 30 g"},"content":{"rendered":"<p data-start=\"89\" data-end=\"422\">\u0160is kokos\u0173 baton\u0117lis sujungia gryn\u0105 kokos\u0105 ir puik\u0173 juod\u0105j\u012f \u0161okolad\u0105, sukurdamas \u0161ilkin\u012f, aromating\u0105 ir lengvai tra\u0161k\u0173 skonio derin\u012f. Pasaldintas nat\u016braliu ry\u017ei\u0173 sirupu ir kokos\u0173 palmi\u0173 cukrumi, pagamintas tik i\u0161 ekologi\u0161k\u0173 ingredient\u0173.<\/p>\n<p data-start=\"424\" data-end=\"567\">Begliuten\u0117 sud\u0117tis ir vegani\u0161kas \u0161okolado apvalkalas daro baton\u0117l\u012f tinkam\u0105 beveik kiekvienam skoniui \u2013 j\u012f lengva pasiimti su savimi \u012f darb\u0105, mokykl\u0105 ar \u017eyg\u012f.<\/p>","protected":false},"excerpt":{"rendered":"<p>See kookosbatoon \u00fchendab puhta kookose ja peene tumeda \u0161okolaadi, luues maitsekombinatsiooni, mis on \u00fchtaegu siidine, aromaatne ja kerge kr\u00f5mpsuga. Magustatud loodusliku riisisiirupi&hellip;<\/p>","protected":false},"featured_media":246258,"comment_status":"open","ping_status":"closed","template":"","meta":{"wprm-recipe-roundup-name":"","wprm-recipe-roundup-description":""},"product_brand":[12010],"product_cat":[160,303,302],"product_tag":[296,7997,386,297,142],"class_list":{"0":"post-246257","1":"product","2":"type-product","3":"status-publish","4":"has-post-thumbnail","6":"product_brand-roobar","7":"product_cat-kommid","8":"product_cat-mahetooted","9":"product_cat-gluteenivaba","10":"product_tag-gluteenivaba","11":"product_tag-kookos","12":"product_tag-magus","13":"product_tag-mahe","14":"product_tag-sokolaad","15":"j79_wcxd_expiry_type-best-before","17":"first","18":"instock","19":"taxable","20":"shipping-taxable","21":"purchasable","22":"product-type-simple"},"supplier_id":9165,"supplier_sku":"","barcode":"3800233685435","atum_controlled":true,"out_stock_date":null,"out_stock_threshold":null,"inheritable":false,"inbound_stock":0,"stock_on_hold":0,"sold_today":0,"sales_last_days":0,"reserved_stock":0,"customer_returns":0,"warehouse_damage":0,"lost_in_post":0,"other_logs":0,"out_stock_days":0,"lost_sales":0,"has_location":false,"update_date":"2026-04-06T20:01:11","atum_locations":[],"atum_stock_status":"instock","restock_status":false,"low_stock_amount":"","sales_update_date":"2026-04-06T20:01:11","calc_backorders":null,"aioseo_notices":[],"_links":{"self":[{"href":"https:\/\/ecoshop.ee\/lt\/wp-json\/wp\/v2\/product\/246257","targetHints":{"allow":["GET"]}}],"collection":[{"href":"https:\/\/ecoshop.ee\/lt\/wp-json\/wp\/v2\/product"}],"about":[{"href":"https:\/\/ecoshop.ee\/lt\/wp-json\/wp\/v2\/types\/product"}],"replies":[{"embeddable":true,"href":"https:\/\/ecoshop.ee\/lt\/wp-json\/wp\/v2\/comments?post=246257"}],"version-history":[{"count":0,"href":"https:\/\/ecoshop.ee\/lt\/wp-json\/wp\/v2\/product\/246257\/revisions"}],"wp:featuredmedia":[{"embeddable":true,"href":"https:\/\/ecoshop.ee\/lt\/wp-json\/wp\/v2\/media\/246258"}],"wp:attachment":[{"href":"https:\/\/ecoshop.ee\/lt\/wp-json\/wp\/v2\/media?parent=246257"}],"wp:term":[{"taxonomy":"product_brand","embeddable":true,"href":"https:\/\/ecoshop.ee\/lt\/wp-json\/wp\/v2\/product_brand?post=246257"},{"taxonomy":"product_cat","embeddable":true,"href":"https:\/\/ecoshop.ee\/lt\/wp-json\/wp\/v2\/product_cat?post=246257"},{"taxonomy":"product_tag","embeddable":true,"href":"https:\/\/ecoshop.ee\/lt\/wp-json\/wp\/v2\/product_tag?post=246257"}],"curies":[{"name":"wp","href":"https:\/\/api.w.org\/{rel}","templated":true}]}}