{"id":246353,"date":"2025-11-28T11:31:43","date_gmt":"2025-11-28T08:31:43","guid":{"rendered":"https:\/\/ecoshop.ee\/?post_type=product&#038;p=246353"},"modified":"2025-11-28T12:41:32","modified_gmt":"2025-11-28T09:41:32","slug":"cosmeau-vonios-kambario-valymo-tabletes-6-vnt","status":"publish","type":"product","link":"https:\/\/ecoshop.ee\/lt\/puhastusvahendid\/cosmeau-vannitoa-puhastustabletid-6-tk\/","title":{"rendered":"Cosmeau vonios kambario valymo tablet\u0117s, 6 vnt."},"content":{"rendered":"<p data-start=\"81\" data-end=\"306\">Prakti\u0161kos valymo tablet\u0117s, kurios akimirksniu paver\u010dia vandentiekio vanden\u012f veiksminga valymo priemone. Pripildykite \u012fsigyt\u0105 arba esam\u0105 pur\u0161kimo buteliuk\u0105 vandens, \u012fd\u0117kite tablet\u0119 ir tur\u0117site galing\u0105 \u012frank\u012f kasdienei vonios kambario ir tualeto prie\u017ei\u016brai.<\/p>\n<p data-start=\"308\" data-end=\"492\">Apelsin\u0173 kvapo formul\u0117 efektyviai pa\u0161alina kalki\u0173 nuos\u0117das ir padeda i\u0161vengti j\u0173 susidarymo. Idealus sprendimas tiems, kurie nori ma\u017eiau vienkartinio naudojimo plastiko, ma\u017eiau chemikal\u0173 ir daugiau draugi\u0161ko aplinkai.<\/p>\n<ul>\n<li data-start=\"494\" data-end=\"640\">Lengvai naudojamas ir greitai tirpsta<\/li>\n<li data-start=\"494\" data-end=\"640\">Efektyvus nuo masto<\/li>\n<li data-start=\"494\" data-end=\"640\">Veganas<\/li>\n<li data-start=\"494\" data-end=\"640\">Ma\u017eiau plastiko ir draugi\u0161kesnis piniginei<\/li>\n<\/ul>\n<p data-start=\"642\" data-end=\"700\" data-is-last-node=\"\" data-is-only-node=\"\">Sutaupykite vietos, suma\u017einkite atliekas ir i\u0161laikykite savo vonios kambar\u012f spindint\u012f.<\/p>","protected":false},"excerpt":{"rendered":"<p>Praktilised puhastustabletid, mis muudavad kraanivee hetkega t\u00f5husaks puhastusvahendiks. T\u00e4ida kord ostetud v\u00f5i olemasolev pihustipudel veega, lisa tablett ning saad v\u00f5imsa vahendi vannitoa&hellip;<\/p>","protected":false},"featured_media":246355,"comment_status":"open","ping_status":"closed","template":"","meta":{"wprm-recipe-roundup-name":"","wprm-recipe-roundup-description":""},"product_brand":[11998],"product_cat":[8002],"product_tag":[8003],"class_list":{"0":"post-246353","1":"product","2":"type-product","3":"status-publish","4":"has-post-thumbnail","6":"product_brand-cosmeau","7":"product_cat-puhastusvahendid","8":"product_tag-puhastustabletid","10":"first","11":"instock","12":"sale","13":"taxable","14":"shipping-taxable","15":"purchasable","16":"product-type-simple"},"supplier_id":246354,"supplier_sku":"","barcode":"8720655301247","atum_controlled":true,"out_stock_date":null,"out_stock_threshold":null,"inheritable":false,"inbound_stock":0,"stock_on_hold":0,"sold_today":0,"sales_last_days":0,"reserved_stock":0,"customer_returns":0,"warehouse_damage":0,"lost_in_post":0,"other_logs":0,"out_stock_days":0,"lost_sales":0,"has_location":false,"update_date":"2026-03-07T01:16:09","atum_locations":[],"atum_stock_status":"instock","restock_status":false,"low_stock_amount":"","sales_update_date":"2026-03-07T01:16:09","calc_backorders":null,"aioseo_notices":[],"_links":{"self":[{"href":"https:\/\/ecoshop.ee\/lt\/wp-json\/wp\/v2\/product\/246353","targetHints":{"allow":["GET"]}}],"collection":[{"href":"https:\/\/ecoshop.ee\/lt\/wp-json\/wp\/v2\/product"}],"about":[{"href":"https:\/\/ecoshop.ee\/lt\/wp-json\/wp\/v2\/types\/product"}],"replies":[{"embeddable":true,"href":"https:\/\/ecoshop.ee\/lt\/wp-json\/wp\/v2\/comments?post=246353"}],"version-history":[{"count":0,"href":"https:\/\/ecoshop.ee\/lt\/wp-json\/wp\/v2\/product\/246353\/revisions"}],"wp:featuredmedia":[{"embeddable":true,"href":"https:\/\/ecoshop.ee\/lt\/wp-json\/wp\/v2\/media\/246355"}],"wp:attachment":[{"href":"https:\/\/ecoshop.ee\/lt\/wp-json\/wp\/v2\/media?parent=246353"}],"wp:term":[{"taxonomy":"product_brand","embeddable":true,"href":"https:\/\/ecoshop.ee\/lt\/wp-json\/wp\/v2\/product_brand?post=246353"},{"taxonomy":"product_cat","embeddable":true,"href":"https:\/\/ecoshop.ee\/lt\/wp-json\/wp\/v2\/product_cat?post=246353"},{"taxonomy":"product_tag","embeddable":true,"href":"https:\/\/ecoshop.ee\/lt\/wp-json\/wp\/v2\/product_tag?post=246353"}],"curies":[{"name":"wp","href":"https:\/\/api.w.org\/{rel}","templated":true}]}}