{"id":246359,"date":"2025-11-28T11:48:26","date_gmt":"2025-11-28T08:48:26","guid":{"rendered":"https:\/\/ecoshop.ee\/?post_type=product&#038;p=246359"},"modified":"2026-01-29T11:09:37","modified_gmt":"2026-01-29T08:09:37","slug":"cosmeau-1tp206-skalbiklio-papildymo-pakuote","status":"publish","type":"product","link":"https:\/\/ecoshop.ee\/lt\/puhastusvahendid\/cosmeau-noudepesuvahendi-taitepakend\/","title":{"rendered":"Cosmeau ind\u0173 ploviklio papildymas, citrin\u017eol\u0117s kvapo"},"content":{"rendered":"<p data-start=\"75\" data-end=\"286\">Ind\u0173 ploviklis su citrin\u017eol\u0117s kvapu, kuris sumai\u0161omas su vandeniu i\u0161 \u010diaupo ir sukuria iki 400 ml veiksmingo ploviklio. Idealiai tinka naudoti su gra\u017eiu Cosmeau matinio stiklo dozatoriumi, bet taip pat telpa \u012f bet kok\u012f daugkartinio naudojimo buteliuk\u0105.<\/p>\n<p data-start=\"288\" data-end=\"523\">Formul\u0117 sukurta biologi\u0161kai skaidomos celiulioz\u0117s pagrindu ir pagaminta be agresyvi\u0173 chemini\u0173 med\u017eiag\u0173 \u2013 daugiau nei 95% ingredient\u0173 yra nat\u016bralios kilm\u0117s. Milteliai yra lengvi, u\u017eima ma\u017eai vietos ir suma\u017eina nereikaling\u0105 vandens transportavim\u0105 bei vienkartinio plastiko poreik\u012f.<\/p>\n<ul>\n<li data-start=\"525\" data-end=\"680\">Efektyvus riebal\u0173 valiklis<\/li>\n<li data-start=\"525\" data-end=\"680\">Vegani\u0161kas ir be \u017eiaurumo pagamintas<\/li>\n<li data-start=\"525\" data-end=\"680\">Suma\u017eina plastiko atliekas<\/li>\n<li data-start=\"525\" data-end=\"680\">Pinigin\u0119 tausojanti pildymo sistema<\/li>\n<li data-start=\"525\" data-end=\"680\">Sumai\u0161ius gaunama iki 400 ml ploviklio<\/li>\n<\/ul>\n<p data-start=\"682\" data-end=\"744\" data-is-last-node=\"\" data-is-only-node=\"\">Paprastas b\u016bdas kasdien\u012f ind\u0173 plovim\u0105 padaryti ekologi\u0161kesn\u012f.<\/p>","protected":false},"excerpt":{"rendered":"<p>Sidrunheina l\u00f5hnaga pulbriline n\u00f5udepesuvahend, mis segatakse kraaniveega, et saada kuni 400 ml t\u00f5husat pesuvahendit. Ideaalne kasutamiseks Cosmeau kauni mattklaasist dosaatoriga, kuid sobib&hellip;<\/p>","protected":false},"featured_media":246360,"comment_status":"open","ping_status":"closed","template":"","meta":{"wprm-recipe-roundup-name":"","wprm-recipe-roundup-description":""},"product_brand":[11998],"product_cat":[8002],"product_tag":[8004],"class_list":{"0":"post-246359","1":"product","2":"type-product","3":"status-publish","4":"has-post-thumbnail","6":"product_brand-cosmeau","7":"product_cat-puhastusvahendid","8":"product_tag-noudepesu","10":"first","11":"instock","12":"taxable","13":"shipping-taxable","14":"purchasable","15":"product-type-simple"},"supplier_id":246354,"supplier_sku":"","barcode":"8720655303135","atum_controlled":true,"out_stock_date":null,"out_stock_threshold":null,"inheritable":false,"inbound_stock":0,"stock_on_hold":0,"sold_today":0,"sales_last_days":0,"reserved_stock":0,"customer_returns":0,"warehouse_damage":0,"lost_in_post":0,"other_logs":0,"out_stock_days":0,"lost_sales":0,"has_location":false,"update_date":"2026-03-07T01:16:16","atum_locations":[],"atum_stock_status":"instock","restock_status":false,"low_stock_amount":"","sales_update_date":"2026-03-07T01:16:16","calc_backorders":null,"aioseo_notices":[],"_links":{"self":[{"href":"https:\/\/ecoshop.ee\/lt\/wp-json\/wp\/v2\/product\/246359","targetHints":{"allow":["GET"]}}],"collection":[{"href":"https:\/\/ecoshop.ee\/lt\/wp-json\/wp\/v2\/product"}],"about":[{"href":"https:\/\/ecoshop.ee\/lt\/wp-json\/wp\/v2\/types\/product"}],"replies":[{"embeddable":true,"href":"https:\/\/ecoshop.ee\/lt\/wp-json\/wp\/v2\/comments?post=246359"}],"version-history":[{"count":0,"href":"https:\/\/ecoshop.ee\/lt\/wp-json\/wp\/v2\/product\/246359\/revisions"}],"wp:featuredmedia":[{"embeddable":true,"href":"https:\/\/ecoshop.ee\/lt\/wp-json\/wp\/v2\/media\/246360"}],"wp:attachment":[{"href":"https:\/\/ecoshop.ee\/lt\/wp-json\/wp\/v2\/media?parent=246359"}],"wp:term":[{"taxonomy":"product_brand","embeddable":true,"href":"https:\/\/ecoshop.ee\/lt\/wp-json\/wp\/v2\/product_brand?post=246359"},{"taxonomy":"product_cat","embeddable":true,"href":"https:\/\/ecoshop.ee\/lt\/wp-json\/wp\/v2\/product_cat?post=246359"},{"taxonomy":"product_tag","embeddable":true,"href":"https:\/\/ecoshop.ee\/lt\/wp-json\/wp\/v2\/product_tag?post=246359"}],"curies":[{"name":"wp","href":"https:\/\/api.w.org\/{rel}","templated":true}]}}