{"id":246366,"date":"2025-11-28T12:16:18","date_gmt":"2025-11-28T09:16:18","guid":{"rendered":"https:\/\/ecoshop.ee\/?post_type=product&#038;p=246366"},"modified":"2026-04-03T22:27:32","modified_gmt":"2026-04-03T19:27:32","slug":"cosmeau-spalvu-stipriklis-nesvariems-skalbiniams-10-vnt","status":"publish","type":"product","link":"https:\/\/ecoshop.ee\/lt\/puhastusvahendid\/cosmeau-musta-pesu-varvitugevdaja-10tk\/","title":{"rendered":"Cosmeau juod\u0173 skalbini\u0173 spalvos stipriklis, 10 vnt."},"content":{"rendered":"<p data-start=\"78\" data-end=\"331\">Specialios spalv\u0173 pary\u0161kinimo juostel\u0117s, kurios sugr\u0105\u017eina i\u0161blukusiems juodiems skalbiniams sodrum\u0105. Tiesiog \u012fd\u0117kite juostel\u0119 \u012f skalbimo ma\u0161in\u0105 \u012fprasto skalbimo metu \u2013 rezultatas \u2013 tamsesni, intensyvesni atspalviai, kuri\u0173 negalima pasiekti naudojant \u012fprast\u0105 juod\u0173 skalbini\u0173 skalbikl\u012f.<\/p>\n<p data-start=\"333\" data-end=\"638\">Pastaba! Tai n\u0117ra skalbiklis. Naudokite <strong data-start=\"367\" data-end=\"388\">tik juodi skalbiniai<\/strong> Ned\u0117kite ant \u0161viesi\u0173, spalvot\u0173 ar balt\u0173 drabu\u017ei\u0173 \u2013 juostel\u0117 gali i\u0161blukinti \u0161viesias spalvas. Jei drabu\u017eiai turi balt\u0105 logotip\u0105 ar ra\u0161t\u0105, ji taip pat gali i\u0161blukti. Kasdieniam skalbimui be papildomo stipriklio geriau tinka juodos skalbini\u0173 juostel\u0117s Cosmeau.<\/p>\n<ul>\n<li data-start=\"640\" data-end=\"833\">Suteikia sodresn\u012f atspalv\u012f tamsesniems skalbiniams<\/li>\n<li data-start=\"640\" data-end=\"833\">Paprasta naudoti, tiesiog \u012fmai\u0161ykite \u012f \u012fprastus skalbinius<\/li>\n<li data-start=\"640\" data-end=\"833\">Tinka visoms temperat\u016broms<\/li>\n<li data-start=\"640\" data-end=\"833\">Tinka vilnai ir \u0161ilkui<\/li>\n<li data-start=\"640\" data-end=\"833\">Patogesnis ir ekologi\u0161kesnis pasirinkimas<\/li>\n<\/ul>\n<p data-start=\"835\" data-end=\"872\" data-is-last-node=\"\" data-is-only-node=\"\"><em data-start=\"835\" data-end=\"872\" data-is-last-node=\"\">Pastaba: juostel\u0117 visi\u0161kai nei\u0161tirps.<\/em><\/p>","protected":false},"excerpt":{"rendered":"<p>Spetsiaalsed v\u00e4rvitugevdaja ribad, mis annavad tuhmunud mustale pesule uuesti s\u00fcgavuse. Lisa riba lihtsalt pesumasinasse oma tavalise pesurutiini juurde \u2013 tulemuseks on tumedamad,&hellip;<\/p>","protected":false},"featured_media":246367,"comment_status":"open","ping_status":"closed","template":"","meta":{"wprm-recipe-roundup-name":"","wprm-recipe-roundup-description":""},"product_brand":[11998],"product_cat":[8002],"product_tag":[],"class_list":{"0":"post-246366","1":"product","2":"type-product","3":"status-publish","4":"has-post-thumbnail","6":"product_brand-cosmeau","7":"product_cat-puhastusvahendid","9":"first","10":"instock","11":"taxable","12":"shipping-taxable","13":"purchasable","14":"product-type-simple"},"supplier_id":246354,"supplier_sku":"","barcode":"8720655301407","atum_controlled":true,"out_stock_date":null,"out_stock_threshold":null,"inheritable":false,"inbound_stock":0,"stock_on_hold":0,"sold_today":0,"sales_last_days":1,"reserved_stock":0,"customer_returns":0,"warehouse_damage":0,"lost_in_post":0,"other_logs":0,"out_stock_days":0,"lost_sales":0,"has_location":false,"update_date":"2026-04-07T16:51:56","atum_locations":[],"atum_stock_status":"instock","restock_status":false,"low_stock_amount":"","sales_update_date":"2026-04-07T16:51:56","calc_backorders":null,"aioseo_notices":[],"_links":{"self":[{"href":"https:\/\/ecoshop.ee\/lt\/wp-json\/wp\/v2\/product\/246366","targetHints":{"allow":["GET"]}}],"collection":[{"href":"https:\/\/ecoshop.ee\/lt\/wp-json\/wp\/v2\/product"}],"about":[{"href":"https:\/\/ecoshop.ee\/lt\/wp-json\/wp\/v2\/types\/product"}],"replies":[{"embeddable":true,"href":"https:\/\/ecoshop.ee\/lt\/wp-json\/wp\/v2\/comments?post=246366"}],"version-history":[{"count":0,"href":"https:\/\/ecoshop.ee\/lt\/wp-json\/wp\/v2\/product\/246366\/revisions"}],"wp:featuredmedia":[{"embeddable":true,"href":"https:\/\/ecoshop.ee\/lt\/wp-json\/wp\/v2\/media\/246367"}],"wp:attachment":[{"href":"https:\/\/ecoshop.ee\/lt\/wp-json\/wp\/v2\/media?parent=246366"}],"wp:term":[{"taxonomy":"product_brand","embeddable":true,"href":"https:\/\/ecoshop.ee\/lt\/wp-json\/wp\/v2\/product_brand?post=246366"},{"taxonomy":"product_cat","embeddable":true,"href":"https:\/\/ecoshop.ee\/lt\/wp-json\/wp\/v2\/product_cat?post=246366"},{"taxonomy":"product_tag","embeddable":true,"href":"https:\/\/ecoshop.ee\/lt\/wp-json\/wp\/v2\/product_tag?post=246366"}],"curies":[{"name":"wp","href":"https:\/\/api.w.org\/{rel}","templated":true}]}}