{"id":246370,"date":"2025-11-28T12:43:33","date_gmt":"2025-11-28T09:43:33","guid":{"rendered":"https:\/\/ecoshop.ee\/?post_type=product&#038;p=246370"},"modified":"2025-11-28T12:43:35","modified_gmt":"2025-11-28T09:43:35","slug":"cosmeau-stiklo-valymo-tabletes-6-vnt","status":"publish","type":"product","link":"https:\/\/ecoshop.ee\/lt\/puhastusvahendid\/cosmeau-klaasipuhastustabletid-6tk\/","title":{"rendered":"Cosmeau stiklo valymo tablet\u0117s, 6 vnt."},"content":{"rendered":"<p data-start=\"50\" data-end=\"244\">Efektyvios stiklo valymo tablet\u0117s, kurios akimirksniu paver\u010dia vandentiekio vanden\u012f stiklo valikliu. Tiesiog nusipirkite pur\u0161kimo buteliuk\u0105, pripildykite j\u012f vandens, \u012fd\u0117kite tablet\u0119 \u2013 ir gausite spindin\u010dius \u0161varos rezultatus be plastiko pertekliaus.<\/p>\n<p data-start=\"246\" data-end=\"392\">Lengvos tablet\u0117s suma\u017eina nereikaling\u0105 vandens transportavim\u0105, chemini\u0173 med\u017eiag\u0173 sunaudojim\u0105 ir pakuo\u010di\u0173 atliekas. Patogus b\u016bdas palaikyti nam\u0173 \u0161var\u0105 ir prisid\u0117ti prie tvarumo.<\/p>\n<ul>\n<li data-start=\"394\" data-end=\"511\">Ekonomi\u0161kas ir be plastiko pasirinkimas<\/li>\n<li data-start=\"394\" data-end=\"511\">Efektyv\u016bs ir be dry\u017ei\u0173 valymo rezultatai<\/li>\n<li data-start=\"394\" data-end=\"511\">Veganas<\/li>\n<li data-start=\"394\" data-end=\"511\">\u012eperkama u\u017epildymo sistema<\/li>\n<\/ul>\n<p data-start=\"513\" data-end=\"623\"><strong data-start=\"513\" data-end=\"536\">Bekvap\u0117 formul\u0117<\/strong><br data-start=\"536\" data-end=\"539\" \/>Tinka langams, veidrod\u017eiams ir bet kokiam stikliniam pavir\u0161iui \u2013 palieka pavir\u0161i\u0173 be dry\u017ei\u0173 ir blizgant\u012f.<\/p>\n<p data-start=\"625\" data-end=\"747\">O jeigu atsiranda dry\u017ei\u0173 ar r\u016bko?<br data-start=\"653\" data-end=\"656\" \/>\u2022 \u012epilkite \u0161lakel\u012f acto arba 500 ml buteliukui naudokite pus\u0119 tablet\u0117s \u2013 taip u\u017eteks ilgiau.<\/p>\n<p data-start=\"749\" data-end=\"822\">Jei valymo geb\u0117jimas i\u0161lieka silpnas:<br data-start=\"780\" data-end=\"783\" \/>\u2022 Stipresniam poveikiui naudokite dvigub\u0105 tablet\u0119.<\/p>\n<p data-start=\"824\" data-end=\"1006\" data-is-last-node=\"\" data-is-only-node=\"\">Ar galiu j\u012f naudoti su savo pur\u0161kimo buteliuku?<br data-start=\"862\" data-end=\"865\" \/>\u2022 Taip! Vienai tabletei \u012fpilkite 500 ml vandens. Jei reikia, galite suma\u017einti arba padidinti vandens kiek\u012f, kad pasiektum\u0117te norim\u0105 stiprum\u0105 ir veikimo trukm\u0119.<\/p>","protected":false},"excerpt":{"rendered":"<p>T\u00f5husad klaasipuhastustabletid, mis muudavad kraanivee hetkega klaasipuhastusvahendiks. Osta pihustipudel vaid korra, t\u00e4ida see veega, lisa tablett \u2013 ja sul on s\u00e4ravpuhas tulemus&hellip;<\/p>","protected":false},"featured_media":246371,"comment_status":"open","ping_status":"closed","template":"","meta":{"wprm-recipe-roundup-name":"","wprm-recipe-roundup-description":""},"product_brand":[11998],"product_cat":[8002],"product_tag":[],"class_list":{"0":"post-246370","1":"product","2":"type-product","3":"status-publish","4":"has-post-thumbnail","6":"product_brand-cosmeau","7":"product_cat-puhastusvahendid","9":"first","10":"instock","11":"sale","12":"taxable","13":"shipping-taxable","14":"purchasable","15":"product-type-simple"},"supplier_id":246354,"supplier_sku":"","barcode":"8720655301254","atum_controlled":true,"out_stock_date":null,"out_stock_threshold":null,"inheritable":false,"inbound_stock":0,"stock_on_hold":0,"sold_today":0,"sales_last_days":0,"reserved_stock":0,"customer_returns":0,"warehouse_damage":0,"lost_in_post":0,"other_logs":0,"out_stock_days":0,"lost_sales":0,"has_location":false,"update_date":"2026-03-07T01:16:09","atum_locations":[],"atum_stock_status":"instock","restock_status":false,"low_stock_amount":"","sales_update_date":"2026-03-07T01:16:09","calc_backorders":null,"aioseo_notices":[],"_links":{"self":[{"href":"https:\/\/ecoshop.ee\/lt\/wp-json\/wp\/v2\/product\/246370","targetHints":{"allow":["GET"]}}],"collection":[{"href":"https:\/\/ecoshop.ee\/lt\/wp-json\/wp\/v2\/product"}],"about":[{"href":"https:\/\/ecoshop.ee\/lt\/wp-json\/wp\/v2\/types\/product"}],"replies":[{"embeddable":true,"href":"https:\/\/ecoshop.ee\/lt\/wp-json\/wp\/v2\/comments?post=246370"}],"version-history":[{"count":0,"href":"https:\/\/ecoshop.ee\/lt\/wp-json\/wp\/v2\/product\/246370\/revisions"}],"wp:featuredmedia":[{"embeddable":true,"href":"https:\/\/ecoshop.ee\/lt\/wp-json\/wp\/v2\/media\/246371"}],"wp:attachment":[{"href":"https:\/\/ecoshop.ee\/lt\/wp-json\/wp\/v2\/media?parent=246370"}],"wp:term":[{"taxonomy":"product_brand","embeddable":true,"href":"https:\/\/ecoshop.ee\/lt\/wp-json\/wp\/v2\/product_brand?post=246370"},{"taxonomy":"product_cat","embeddable":true,"href":"https:\/\/ecoshop.ee\/lt\/wp-json\/wp\/v2\/product_cat?post=246370"},{"taxonomy":"product_tag","embeddable":true,"href":"https:\/\/ecoshop.ee\/lt\/wp-json\/wp\/v2\/product_tag?post=246370"}],"curies":[{"name":"wp","href":"https:\/\/api.w.org\/{rel}","templated":true}]}}