{"id":246374,"date":"2025-11-28T13:00:07","date_gmt":"2025-11-28T10:00:07","guid":{"rendered":"https:\/\/ecoshop.ee\/?post_type=product&#038;p=246374"},"modified":"2026-02-03T15:09:32","modified_gmt":"2026-02-03T12:09:32","slug":"cosmeau-universalios-valymo-tabletes-6-vnt","status":"publish","type":"product","link":"https:\/\/ecoshop.ee\/lt\/puhastusvahendid\/cosmeau-universaalsed-puhastustabletid-6tk\/","title":{"rendered":"Cosmeau universalios valymo tablet\u0117s, 6 vnt."},"content":{"rendered":"<p data-start=\"58\" data-end=\"244\">Daugiafunkcin\u0117s valymo tablet\u0117s, kurios greitai paver\u010dia vandentiekio vanden\u012f veiksminga valymo priemone. Tiesiog nusipirkite pur\u0161kimo buteliuk\u0105, pripildykite j\u012f vandens, \u012fd\u0117kite tablet\u0119 \u2013 ir galite prad\u0117ti valyti.<\/p>\n<p data-start=\"246\" data-end=\"453\">Lengvos tablet\u0117s suma\u017eina nereikaling\u0105 vandens transportavim\u0105, chemini\u0173 med\u017eiag\u0173 sunaudojim\u0105 ir vienkartinio plastiko naudojim\u0105. \u012eperkamos papildymo tablet\u0117s atkeliauja patogioje pa\u0161to d\u0117\u017eut\u0117s pakuot\u0117je ir padeda i\u0161laikyti j\u016bs\u0173 namus \u0161varius ir ekologi\u0161kus.<\/p>\n<ul>\n<li data-start=\"455\" data-end=\"557\">Efektyvus universalus valiklis<\/li>\n<li data-start=\"455\" data-end=\"557\">Ekonomi\u0161kas ir be plastiko sprendimas<\/li>\n<li data-start=\"455\" data-end=\"557\">Veganas<\/li>\n<li data-start=\"455\" data-end=\"557\">\u012eperkama u\u017epildymo sistema<\/li>\n<\/ul>\n<p data-start=\"559\" data-end=\"644\">Jei valymo geb\u0117jimas i\u0161lieka silpnas:<br data-start=\"594\" data-end=\"597\" \/>\u2022 Nor\u0117dami gauti stipresn\u012f tirpal\u0105, naudokite dvi tabletes.<\/p>\n<p data-start=\"646\" data-end=\"818\" data-is-last-node=\"\" data-is-only-node=\"\">Ar galiu j\u012f naudoti su savo pur\u0161kimo buteliuku?<br data-start=\"688\" data-end=\"691\" \/>\u2022 Taip! Vienai tabletei sumai\u0161ykite 500 ml vandens. Tirpal\u0105 galima stiprinti arba skystinti pagal poreik\u012f, reguliuojant vandens kiek\u012f.<\/p>","protected":false},"excerpt":{"rendered":"<p>Mitmeotstarbelised puhastustabletid, mis muudavad kraanivee kiiresti t\u00f5husaks puhastusvahendiks. Osta pihustipudel vaid korra, t\u00e4ida see veega, lisa tablett \u2013 ja oledki valmis koristama.&hellip;<\/p>","protected":false},"featured_media":246375,"comment_status":"open","ping_status":"closed","template":"","meta":{"wprm-recipe-roundup-name":"","wprm-recipe-roundup-description":""},"product_brand":[11998],"product_cat":[8002],"product_tag":[],"class_list":{"0":"post-246374","1":"product","2":"type-product","3":"status-publish","4":"has-post-thumbnail","6":"product_brand-cosmeau","7":"product_cat-puhastusvahendid","9":"first","10":"instock","11":"sale","12":"taxable","13":"shipping-taxable","14":"purchasable","15":"product-type-simple"},"supplier_id":246354,"supplier_sku":"","barcode":"8720655301223","atum_controlled":true,"out_stock_date":null,"out_stock_threshold":null,"inheritable":false,"inbound_stock":0,"stock_on_hold":0,"sold_today":0,"sales_last_days":0,"reserved_stock":0,"customer_returns":0,"warehouse_damage":0,"lost_in_post":0,"other_logs":0,"out_stock_days":0,"lost_sales":0,"has_location":false,"update_date":"2026-03-07T01:16:16","atum_locations":[],"atum_stock_status":"instock","restock_status":false,"low_stock_amount":"","sales_update_date":"2026-03-07T01:16:16","calc_backorders":null,"aioseo_notices":[],"_links":{"self":[{"href":"https:\/\/ecoshop.ee\/lt\/wp-json\/wp\/v2\/product\/246374","targetHints":{"allow":["GET"]}}],"collection":[{"href":"https:\/\/ecoshop.ee\/lt\/wp-json\/wp\/v2\/product"}],"about":[{"href":"https:\/\/ecoshop.ee\/lt\/wp-json\/wp\/v2\/types\/product"}],"replies":[{"embeddable":true,"href":"https:\/\/ecoshop.ee\/lt\/wp-json\/wp\/v2\/comments?post=246374"}],"version-history":[{"count":0,"href":"https:\/\/ecoshop.ee\/lt\/wp-json\/wp\/v2\/product\/246374\/revisions"}],"wp:featuredmedia":[{"embeddable":true,"href":"https:\/\/ecoshop.ee\/lt\/wp-json\/wp\/v2\/media\/246375"}],"wp:attachment":[{"href":"https:\/\/ecoshop.ee\/lt\/wp-json\/wp\/v2\/media?parent=246374"}],"wp:term":[{"taxonomy":"product_brand","embeddable":true,"href":"https:\/\/ecoshop.ee\/lt\/wp-json\/wp\/v2\/product_brand?post=246374"},{"taxonomy":"product_cat","embeddable":true,"href":"https:\/\/ecoshop.ee\/lt\/wp-json\/wp\/v2\/product_cat?post=246374"},{"taxonomy":"product_tag","embeddable":true,"href":"https:\/\/ecoshop.ee\/lt\/wp-json\/wp\/v2\/product_tag?post=246374"}],"curies":[{"name":"wp","href":"https:\/\/api.w.org\/{rel}","templated":true}]}}