{"id":246379,"date":"2025-11-28T13:15:21","date_gmt":"2025-11-28T10:15:21","guid":{"rendered":"https:\/\/ecoshop.ee\/?post_type=product&#038;p=246379"},"modified":"2025-11-28T13:15:22","modified_gmt":"2025-11-28T10:15:22","slug":"cosmeau-torto-valymo-tabletes-6-vnt","status":"publish","type":"product","link":"https:\/\/ecoshop.ee\/lt\/puhastusvahendid\/cosmeau-koogipuhastuse-tabletid-6tk\/","title":{"rendered":"Cosmeau virtuv\u0117s valymo tablet\u0117s, 6 vnt."},"content":{"rendered":"<p data-start=\"51\" data-end=\"264\">Prakti\u0161kos virtuv\u0117s valymo tablet\u0117s, kurios greitai paver\u010dia vandentiekio vanden\u012f veiksminga valymo priemone. \u012esigykite pur\u0161kimo buteliuk\u0105, pripildykite vandens, \u012fd\u0117kite tablet\u0119 \u2013 ir tur\u0117site aplinkai nekenksming\u0105 kasdienio valymo sprendim\u0105.<\/p>\n<p data-start=\"266\" data-end=\"472\">Lengvos tablet\u0117s suma\u017eina nereikaling\u0105 vandens transportavim\u0105, chemini\u0173 med\u017eiag\u0173 sunaudojim\u0105 ir vienkartinio plastiko naudojim\u0105. \u012eperkamos papildymo tablet\u0117s atkeliauja pa\u0161to d\u0117\u017eut\u0117s formatu ir padeda i\u0161laikyti j\u016bs\u0173 namus \u0161varius, o planet\u0105 \u2013 saugi\u0105.<\/p>\n<ul>\n<li>Efektyvus riebal\u0173 ir maisto liku\u010di\u0173 valiklis<\/li>\n<li>Ekonomi\u0161kas ir be plastiko pasirinkimas<\/li>\n<li>Veganas<\/li>\n<li>\u012eperkama u\u017epildymo sistema<\/li>\n<\/ul>\n<p data-start=\"589\" data-end=\"703\"><strong>Laimo kvapo formul\u0117<\/strong><br data-start=\"620\" data-end=\"623\" \/>Sukurta kaitlent\u0117ms, stalvir\u0161iams ir grindims. Gaivus laimo kvapas.<\/p>\n<p data-start=\"705\" data-end=\"796\">Jei valymo geb\u0117jimas i\u0161lieka silpnas:<br data-start=\"740\" data-end=\"743\" \/>\u2022 Stipresniems rezultatams naudokite dvigub\u0105 tablet\u0119.<\/p>\n<p data-start=\"798\" data-end=\"970\" data-is-last-node=\"\" data-is-only-node=\"\">Ar galiu j\u012f naudoti su savo pur\u0161kimo buteliuku?<br data-start=\"840\" data-end=\"843\" \/>\u2022 Taip! Kiekvienai tabletei \u012fpilkite 500 ml vandens. Jei reikia, galite pakoreguoti vandens kiek\u012f, kad tirpalas b\u016bt\u0173 stipresnis arba ilgiau veikt\u0173.<\/p>","protected":false},"excerpt":{"rendered":"<p>Praktilised k\u00f6\u00f6gipuhastustabletid, mis muudavad kraanivee kiiresti t\u00f5husaks puhastusvahendiks. Osta pihustipudel \u00fcks kord, t\u00e4ida veega, lisa tablett \u2013 ja saad keskkonnas\u00e4\u00e4stliku lahenduse igap\u00e4evaseks&hellip;<\/p>","protected":false},"featured_media":246381,"comment_status":"open","ping_status":"closed","template":"","meta":{"wprm-recipe-roundup-name":"","wprm-recipe-roundup-description":""},"product_brand":[11998],"product_cat":[8002],"product_tag":[],"class_list":{"0":"post-246379","1":"product","2":"type-product","3":"status-publish","4":"has-post-thumbnail","6":"product_brand-cosmeau","7":"product_cat-puhastusvahendid","9":"first","10":"instock","11":"sale","12":"taxable","13":"shipping-taxable","14":"purchasable","15":"product-type-simple"},"supplier_id":246354,"supplier_sku":"","barcode":"8720655301230","atum_controlled":true,"out_stock_date":null,"out_stock_threshold":null,"inheritable":false,"inbound_stock":0,"stock_on_hold":0,"sold_today":0,"sales_last_days":0,"reserved_stock":0,"customer_returns":0,"warehouse_damage":0,"lost_in_post":0,"other_logs":0,"out_stock_days":0,"lost_sales":0,"has_location":false,"update_date":"2026-03-07T01:16:05","atum_locations":[],"atum_stock_status":"instock","restock_status":false,"low_stock_amount":"","sales_update_date":"2026-03-07T01:16:05","calc_backorders":null,"aioseo_notices":[],"_links":{"self":[{"href":"https:\/\/ecoshop.ee\/lt\/wp-json\/wp\/v2\/product\/246379","targetHints":{"allow":["GET"]}}],"collection":[{"href":"https:\/\/ecoshop.ee\/lt\/wp-json\/wp\/v2\/product"}],"about":[{"href":"https:\/\/ecoshop.ee\/lt\/wp-json\/wp\/v2\/types\/product"}],"replies":[{"embeddable":true,"href":"https:\/\/ecoshop.ee\/lt\/wp-json\/wp\/v2\/comments?post=246379"}],"version-history":[{"count":0,"href":"https:\/\/ecoshop.ee\/lt\/wp-json\/wp\/v2\/product\/246379\/revisions"}],"wp:featuredmedia":[{"embeddable":true,"href":"https:\/\/ecoshop.ee\/lt\/wp-json\/wp\/v2\/media\/246381"}],"wp:attachment":[{"href":"https:\/\/ecoshop.ee\/lt\/wp-json\/wp\/v2\/media?parent=246379"}],"wp:term":[{"taxonomy":"product_brand","embeddable":true,"href":"https:\/\/ecoshop.ee\/lt\/wp-json\/wp\/v2\/product_brand?post=246379"},{"taxonomy":"product_cat","embeddable":true,"href":"https:\/\/ecoshop.ee\/lt\/wp-json\/wp\/v2\/product_cat?post=246379"},{"taxonomy":"product_tag","embeddable":true,"href":"https:\/\/ecoshop.ee\/lt\/wp-json\/wp\/v2\/product_tag?post=246379"}],"curies":[{"name":"wp","href":"https:\/\/api.w.org\/{rel}","templated":true}]}}