{"id":246407,"date":"2025-11-28T15:50:43","date_gmt":"2025-11-28T12:50:43","guid":{"rendered":"https:\/\/ecoshop.ee\/?post_type=product&#038;p=246407"},"modified":"2026-04-14T14:14:04","modified_gmt":"2026-04-14T11:14:04","slug":"cosmeau-skalbiniu-juosteles-debeseliu-pavidalu-60-vnt","status":"publish","type":"product","link":"https:\/\/ecoshop.ee\/lt\/puhastusvahendid\/cosmeau-pesuribad-pilved-60tk\/","title":{"rendered":"Cosmeau skalbini\u0173 juostel\u0117s, debes\u0117liai, 60 vnt."},"content":{"rendered":"<p data-start=\"56\" data-end=\"357\">Universalios penki\u0173 viename skalbimo juostel\u0117s su gaiviu ir gaiviu aromatu, primenan\u010diu skraidym\u0105 sapne \u2013 lengvas v\u0117jelis veide, mink\u0161ti debes\u0117liai aplinkui ir grynas gaivumas. Idealiai tinka patalynei, norint sukurti rami\u0105 ir svajing\u0105 nuotaik\u0105. Kvapas universalus, \u0161varus ir geriausiai \u012fvertintas nam\u0173 mug\u0117je.<\/p>\n<p data-start=\"359\" data-end=\"609\">Labai koncentruota formul\u0117 tirpsta tiek \u0161altame, tiek kar\u0161tame vandenyje, u\u017etikrindama \u0161var\u0105 ir nat\u016braliai mink\u0161tindama skalbinius \u2013 nereikia mink\u0161tiklio. Kvapas aktyvuojamas trinties: po d\u017eiovinimo lengvai patrynus drabu\u017eius, skleid\u017eiamas gaivus, subtilus aromatas.<\/p>\n<ul>\n<li data-start=\"611\" data-end=\"1120\">Nauja fermentais sustiprinta valymo galia<\/li>\n<li data-start=\"611\" data-end=\"1120\">Ilgai i\u0161liekan\u010dio kvapo technologija TP204 Tlogy<\/li>\n<li data-start=\"611\" data-end=\"1120\">5 viename: spalvota, balta, juoda, mink\u0161tumas ir kvapas viename<\/li>\n<li data-start=\"611\" data-end=\"1120\">Tinka skalbti visomis temperat\u016bromis (15\u201390 \u00b0C), taip pat rankoms.<\/li>\n<li data-start=\"611\" data-end=\"1120\">Vegani\u0161kas, be plastiko ir biologi\u0161kai skaidus<\/li>\n<li data-start=\"611\" data-end=\"1120\">Dermatologi\u0161kai patikrintas jautriai odai<\/li>\n<li data-start=\"611\" data-end=\"1120\">Tinka baltiems, spalvotiems ir tamsiems skalbiniams<\/li>\n<li data-start=\"611\" data-end=\"1120\">Nat\u016braliai mink\u0161tina skalbinius \u2013 nereikia mink\u0161tiklio<\/li>\n<li data-start=\"611\" data-end=\"1120\">Sud\u0117tyje n\u0117ra paraben\u0173, fosfat\u0173, limoneno, chloro baliklio ar da\u017eikli\u0173<\/li>\n<\/ul>\n<p>Paprastas, kompakti\u0161kas ir ekologi\u0161kas b\u016bdas skalbti.<\/p>\n<p data-start=\"1122\" data-end=\"1434\"><strong data-start=\"1122\" data-end=\"1129\">Pastaba!<\/strong><br data-start=\"1129\" data-end=\"1132\" \/>\u2022 Netinka vilnai ir \u0161ilkui \u2013 \u0161iems skalbiniams naudokite Cosmeau vilnos ir \u0161ilko skalbini\u0173 juosteles.<br data-start=\"1216\" data-end=\"1219\" \/>\u2022 Skalbimo juosteli\u0173 kvapas yra \u0161velnesnio intensyvumo nei kapsuli\u0173. Kvapas sustipr\u0117ja judant ir trintis.<br data-start=\"1322\" data-end=\"1325\" \/>\u2022 Jei d\u0117m\u0117s sunkiai \u012fveikiamos, prie\u0161 skalbim\u0105 nupl\u0117\u0161kite juostel\u0117s gabal\u0117l\u012f ir \u012ftrinkite juo \u0161lapi\u0105 d\u0117m\u0119 \u2013 taip ji bus tvirtesn\u0117.<\/p>","protected":false},"excerpt":{"rendered":"<p>Universaalsed viis-\u00fches pesuribad v\u00e4rske ja \u00f5hulise aroomiga, mis meenutab unistustest tuttavat lendamist \u2013 kerge tuule\u00f5hk n\u00e4ol, pehmed pilved \u00fcmberringi ja puhas v\u00e4rskus.&hellip;<\/p>","protected":false},"featured_media":246408,"comment_status":"open","ping_status":"closed","template":"","meta":{"wprm-recipe-roundup-name":"","wprm-recipe-roundup-description":""},"product_brand":[11998],"product_cat":[8002],"product_tag":[],"class_list":{"0":"post-246407","1":"product","2":"type-product","3":"status-publish","4":"has-post-thumbnail","6":"product_brand-cosmeau","7":"product_cat-puhastusvahendid","9":"first","10":"instock","11":"taxable","12":"shipping-taxable","13":"purchasable","14":"product-type-simple"},"supplier_id":246354,"supplier_sku":"","barcode":"8720655303623","atum_controlled":true,"out_stock_date":null,"out_stock_threshold":null,"inheritable":false,"inbound_stock":0,"stock_on_hold":0,"sold_today":0,"sales_last_days":1,"reserved_stock":0,"customer_returns":0,"warehouse_damage":0,"lost_in_post":0,"other_logs":0,"out_stock_days":0,"lost_sales":0,"has_location":false,"update_date":"2026-04-17T07:24:10","atum_locations":[],"atum_stock_status":"instock","restock_status":false,"low_stock_amount":"","sales_update_date":"2026-04-17T07:24:10","calc_backorders":null,"aioseo_notices":[],"_links":{"self":[{"href":"https:\/\/ecoshop.ee\/lt\/wp-json\/wp\/v2\/product\/246407","targetHints":{"allow":["GET"]}}],"collection":[{"href":"https:\/\/ecoshop.ee\/lt\/wp-json\/wp\/v2\/product"}],"about":[{"href":"https:\/\/ecoshop.ee\/lt\/wp-json\/wp\/v2\/types\/product"}],"replies":[{"embeddable":true,"href":"https:\/\/ecoshop.ee\/lt\/wp-json\/wp\/v2\/comments?post=246407"}],"version-history":[{"count":0,"href":"https:\/\/ecoshop.ee\/lt\/wp-json\/wp\/v2\/product\/246407\/revisions"}],"wp:featuredmedia":[{"embeddable":true,"href":"https:\/\/ecoshop.ee\/lt\/wp-json\/wp\/v2\/media\/246408"}],"wp:attachment":[{"href":"https:\/\/ecoshop.ee\/lt\/wp-json\/wp\/v2\/media?parent=246407"}],"wp:term":[{"taxonomy":"product_brand","embeddable":true,"href":"https:\/\/ecoshop.ee\/lt\/wp-json\/wp\/v2\/product_brand?post=246407"},{"taxonomy":"product_cat","embeddable":true,"href":"https:\/\/ecoshop.ee\/lt\/wp-json\/wp\/v2\/product_cat?post=246407"},{"taxonomy":"product_tag","embeddable":true,"href":"https:\/\/ecoshop.ee\/lt\/wp-json\/wp\/v2\/product_tag?post=246407"}],"curies":[{"name":"wp","href":"https:\/\/api.w.org\/{rel}","templated":true}]}}