{"id":246414,"date":"2025-11-28T16:21:36","date_gmt":"2025-11-28T13:21:36","guid":{"rendered":"https:\/\/ecoshop.ee\/?post_type=product&#038;p=246414"},"modified":"2025-12-02T10:20:04","modified_gmt":"2025-12-02T07:20:04","slug":"cosmeau-skalbiniu-juosteles-vilnai-ir-silkui-60-vnt","status":"publish","type":"product","link":"https:\/\/ecoshop.ee\/lt\/puhastusvahendid\/cosmeau-pesuribad-villale-ja-siidile-60tk\/","title":{"rendered":"Cosmeau skalbini\u0173 juostel\u0117s, vilnai ir \u0161ilkui, 60 vnt."},"content":{"rendered":"<p>\u0160velnus 5 viename skalbimo sprendimas j\u016bs\u0173 subtiliausiems drabu\u017eiams. \u0160ios skalbimo juostel\u0117s yra specialiai sukurtos vilnai ir \u0161ilkui, tinka \u0161viesiems, spalvotiems ir tamsiems skalbiniams. Plonos, be plastiko ir biologi\u0161kai skaid\u017eios juostel\u0117s greitai i\u0161tirpsta, tod\u0117l j\u016bs\u0173 skalbiniai lieka \u0161var\u016bs ir gaiv\u016bs, nenaudojant agresyvi\u0173 chemini\u0173 med\u017eiag\u0173.<\/p>\n<p>Labai koncentruota formul\u0117 tirpsta tiek \u0161altame, tiek kar\u0161tame vandenyje, u\u017etikrindama \u0161var\u0105 ir palikdama skalbinius nat\u016braliai mink\u0161tus \u2013 nereikia mink\u0161tiklio. Kvapas \u0161velnus ir subtilus \u2013 jis suaktyvinamas tik lengvai patrynus drabu\u017eius po d\u017eiovinimo, tod\u0117l kvapas ilgiau i\u0161lieka judant ir d\u0117vint.<\/p>\n<ul>\n<li data-start=\"611\" data-end=\"1120\">Sukurta specialiai \u0161velniam vilnos ir \u0161ilko skalbimui<\/li>\n<li data-start=\"611\" data-end=\"1120\">Ilgai i\u0161liekan\u010dio kvapo technologija TP204 Tlogy<\/li>\n<li data-start=\"611\" data-end=\"1120\">5 viename: spalvota, balta, juoda, mink\u0161tumas ir kvapas viename<\/li>\n<li data-start=\"611\" data-end=\"1120\">Tinka skalbti visomis temperat\u016bromis (15\u201390 \u00b0C), taip pat rankoms.<\/li>\n<li data-start=\"611\" data-end=\"1120\">Vegani\u0161kas, be plastiko ir biologi\u0161kai skaidus<\/li>\n<li data-start=\"611\" data-end=\"1120\">Dermatologi\u0161kai patikrintas jautriai odai<\/li>\n<li data-start=\"611\" data-end=\"1120\">Tinka baltiems, spalvotiems ir tamsiems skalbiniams<\/li>\n<li data-start=\"611\" data-end=\"1120\">Nat\u016braliai mink\u0161tina skalbinius \u2013 nereikia mink\u0161tiklio<\/li>\n<li data-start=\"611\" data-end=\"1120\">Sud\u0117tyje n\u0117ra paraben\u0173, fosfat\u0173, limoneno, chloro baliklio ar da\u017eikli\u0173<\/li>\n<\/ul>\n<p>Paprastas, kompakti\u0161kas ir ekologi\u0161kas b\u016bdas skalbti.<\/p>\n<p data-start=\"1122\" data-end=\"1434\"><strong data-start=\"1122\" data-end=\"1129\">Pastaba!<\/strong><br data-start=\"1216\" data-end=\"1219\" \/>\u2022 Skalbimo juosteli\u0173 kvapas yra \u0161velnesnio intensyvumo nei kapsuli\u0173. Kvapas sustipr\u0117ja judant ir trintis.<br data-start=\"1322\" data-end=\"1325\" \/>\u2022 Jei d\u0117m\u0117s sunkiai \u012fveikiamos, prie\u0161 skalbim\u0105 nupl\u0117\u0161kite juostel\u0117s gabal\u0117l\u012f ir \u012ftrinkite juo \u0161lapi\u0105 d\u0117m\u0119 \u2013 taip ji bus tvirtesn\u0117.<\/p>","protected":false},"excerpt":{"rendered":"<p>\u00d5rn viis-\u00fches pesulahendus sinu k\u00f5ige delikaatsematele riietele. Need pesuribad on loodud spetsiaalselt villa ja siidi jaoks, sobides nii heledale, v\u00e4rvilisele kui tumedale&hellip;<\/p>","protected":false},"featured_media":246415,"comment_status":"open","ping_status":"closed","template":"","meta":{"wprm-recipe-roundup-name":"","wprm-recipe-roundup-description":""},"product_brand":[11998],"product_cat":[8002],"product_tag":[],"class_list":{"0":"post-246414","1":"product","2":"type-product","3":"status-publish","4":"has-post-thumbnail","6":"product_brand-cosmeau","7":"product_cat-puhastusvahendid","9":"first","10":"instock","11":"taxable","12":"shipping-taxable","13":"purchasable","14":"product-type-simple"},"supplier_id":246354,"supplier_sku":"","barcode":"8720655302831","atum_controlled":true,"out_stock_date":null,"out_stock_threshold":null,"inheritable":false,"inbound_stock":0,"stock_on_hold":0,"sold_today":0,"sales_last_days":0,"reserved_stock":0,"customer_returns":0,"warehouse_damage":0,"lost_in_post":0,"other_logs":0,"out_stock_days":0,"lost_sales":0,"has_location":false,"update_date":"2026-04-10T14:29:34","atum_locations":[],"atum_stock_status":"instock","restock_status":false,"low_stock_amount":"","sales_update_date":"2026-04-10T14:29:34","calc_backorders":null,"aioseo_notices":[],"_links":{"self":[{"href":"https:\/\/ecoshop.ee\/lt\/wp-json\/wp\/v2\/product\/246414","targetHints":{"allow":["GET"]}}],"collection":[{"href":"https:\/\/ecoshop.ee\/lt\/wp-json\/wp\/v2\/product"}],"about":[{"href":"https:\/\/ecoshop.ee\/lt\/wp-json\/wp\/v2\/types\/product"}],"replies":[{"embeddable":true,"href":"https:\/\/ecoshop.ee\/lt\/wp-json\/wp\/v2\/comments?post=246414"}],"version-history":[{"count":0,"href":"https:\/\/ecoshop.ee\/lt\/wp-json\/wp\/v2\/product\/246414\/revisions"}],"wp:featuredmedia":[{"embeddable":true,"href":"https:\/\/ecoshop.ee\/lt\/wp-json\/wp\/v2\/media\/246415"}],"wp:attachment":[{"href":"https:\/\/ecoshop.ee\/lt\/wp-json\/wp\/v2\/media?parent=246414"}],"wp:term":[{"taxonomy":"product_brand","embeddable":true,"href":"https:\/\/ecoshop.ee\/lt\/wp-json\/wp\/v2\/product_brand?post=246414"},{"taxonomy":"product_cat","embeddable":true,"href":"https:\/\/ecoshop.ee\/lt\/wp-json\/wp\/v2\/product_cat?post=246414"},{"taxonomy":"product_tag","embeddable":true,"href":"https:\/\/ecoshop.ee\/lt\/wp-json\/wp\/v2\/product_tag?post=246414"}],"curies":[{"name":"wp","href":"https:\/\/api.w.org\/{rel}","templated":true}]}}