{"id":246423,"date":"2025-11-28T17:07:53","date_gmt":"2025-11-28T14:07:53","guid":{"rendered":"https:\/\/ecoshop.ee\/?post_type=product&#038;p=246423"},"modified":"2026-01-08T22:53:27","modified_gmt":"2026-01-08T19:53:27","slug":"cosmeau-valymo-tableciu-pradinis-rinkinys-8-vnt","status":"publish","type":"product","link":"https:\/\/ecoshop.ee\/lt\/puhastusvahendid\/cosmeau-puhastustablettide-stardikomplekt-8tk\/","title":{"rendered":"Cosmeau valymo table\u010di\u0173 pradinis rinkinys, 8 vnt."},"content":{"rendered":"<p data-start=\"93\" data-end=\"367\">Universalus valymo rinkinys, kuriame yra keturios skirtingos valymo tablet\u0117s kasdienei nam\u0173 prie\u017ei\u016brai. Pripildykite pur\u0161kimo buteliuk\u0105 vandeniu i\u0161 \u010diaupo, \u012fd\u0117kite tablet\u0119 ir tur\u0117site veiksming\u0105 valymo priemon\u0119 be nereikalingo plastiko ir per didelio vandens transportavimo. Ekonomi\u0161kas, draugi\u0161kas aplinkai, taupantis viet\u0105 ir patogus.<\/p>\n<p data-start=\"369\" data-end=\"494\">\u2022 Suma\u017eina plastiko ir vandens perne\u0161im\u0105<br data-start=\"406\" data-end=\"409\" \/>\u2022 Efektyvus bet kokio pavir\u0161iaus valymas<br data-start=\"439\" data-end=\"442\" \/>\u2022 Vegani\u0161kas<br data-start=\"449\" data-end=\"452\" \/>\u2022 \u012eperkama ir prakti\u0161ka u\u017epildymo sistema<\/p>\n<p data-start=\"496\" data-end=\"669\"><strong data-start=\"496\" data-end=\"518\">\u012e rinkin\u012f \u012feina:<\/strong><br data-start=\"518\" data-end=\"521\" \/>\u2022 <strong data-start=\"523\" data-end=\"554\">2\u00d7 Stiklo valiklis \u2013 bekvapis<\/strong><br data-start=\"554\" data-end=\"557\" \/>Rezultatai be dry\u017ei\u0173 ant lang\u0173, veidrod\u017ei\u0173 ir vis\u0173 stiklini\u0173 pavir\u0161i\u0173. Jei dry\u017ei\u0173 ar rasos lieka, \u012fpilkite \u0161iek tiek acto.<\/p>\n<p data-start=\"671\" data-end=\"800\">\u2022 <strong data-start=\"673\" data-end=\"691\">2\u00d7 Virtuv\u0117 \u2013 laimas<\/strong><br data-start=\"691\" data-end=\"694\" \/>Skirta riebalams ir maisto liku\u010diams \u0161alinti nuo kaitlen\u010di\u0173, darbo pavir\u0161i\u0173 ir grind\u0173. Gaivus \u017eali\u0173j\u0173 citrin\u0173 kvapas.<\/p>\n<p data-start=\"802\" data-end=\"906\">\u2022 <strong data-start=\"804\" data-end=\"841\">2\u00d7 Vonios kambarys ir santechnika \u2013 oran\u017ein\u0117<\/strong><br data-start=\"841\" data-end=\"844\" \/>Pa\u0161alina ir apsaugo nuo kalki\u0173 nuos\u0117d\u0173. Tinka vonios kambariams ir tualetams.<\/p>\n<p data-start=\"908\" data-end=\"1018\">\u2022 <strong data-start=\"910\" data-end=\"946\">2\u00d7 Universalus valiklis \u2013 levand\u0173<\/strong><br data-start=\"946\" data-end=\"949\" \/>Universalus valiklis daugeliui pavir\u0161i\u0173, su subtiliu levand\u0173 kvapu.<\/p>\n<p data-start=\"1020\" data-end=\"1113\"><strong data-start=\"1020\" data-end=\"1055\">Jei valymo geb\u0117jimas i\u0161lieka silpnas:<\/strong><br data-start=\"1055\" data-end=\"1058\" \/>Stipresniam poveikiui naudokite dvi tabletes.<\/p>\n<p data-start=\"1115\" data-end=\"1226\"><strong data-start=\"1115\" data-end=\"1157\">Ar galiu j\u012f naudoti su savo pur\u0161kimo buteliuku?<\/strong><br data-start=\"1157\" data-end=\"1160\" \/>Taip, tablet\u0117s tinka daugumai siaurakakli\u0173 pur\u0161kikli\u0173.<\/p>","protected":false},"excerpt":{"rendered":"<p>Mitmek\u00fclgne puhastuskomplekt, mis sisaldab nelja erinevat puhastustabletti igap\u00e4evase koduhoolduse jaoks. T\u00e4ida pihustipudel kraaniveega, lisa tablett ja saad t\u00f5husa puhastusvahendi ilma tarbetu plastikuta&hellip;<\/p>","protected":false},"featured_media":246424,"comment_status":"open","ping_status":"closed","template":"","meta":{"wprm-recipe-roundup-name":"","wprm-recipe-roundup-description":""},"product_brand":[11998],"product_cat":[8002],"product_tag":[],"class_list":{"0":"post-246423","1":"product","2":"type-product","3":"status-publish","4":"has-post-thumbnail","6":"product_brand-cosmeau","7":"product_cat-puhastusvahendid","9":"first","10":"instock","11":"taxable","12":"shipping-taxable","13":"purchasable","14":"product-type-simple"},"supplier_id":246354,"supplier_sku":"","barcode":"8720655301445","atum_controlled":true,"out_stock_date":null,"out_stock_threshold":null,"inheritable":false,"inbound_stock":0,"stock_on_hold":0,"sold_today":0,"sales_last_days":0,"reserved_stock":0,"customer_returns":0,"warehouse_damage":0,"lost_in_post":0,"other_logs":0,"out_stock_days":0,"lost_sales":0,"has_location":false,"update_date":"2026-04-20T21:45:56","atum_locations":[],"atum_stock_status":"instock","restock_status":false,"low_stock_amount":"","sales_update_date":"2026-04-20T21:45:56","calc_backorders":null,"aioseo_notices":[],"_links":{"self":[{"href":"https:\/\/ecoshop.ee\/lt\/wp-json\/wp\/v2\/product\/246423","targetHints":{"allow":["GET"]}}],"collection":[{"href":"https:\/\/ecoshop.ee\/lt\/wp-json\/wp\/v2\/product"}],"about":[{"href":"https:\/\/ecoshop.ee\/lt\/wp-json\/wp\/v2\/types\/product"}],"replies":[{"embeddable":true,"href":"https:\/\/ecoshop.ee\/lt\/wp-json\/wp\/v2\/comments?post=246423"}],"version-history":[{"count":0,"href":"https:\/\/ecoshop.ee\/lt\/wp-json\/wp\/v2\/product\/246423\/revisions"}],"wp:featuredmedia":[{"embeddable":true,"href":"https:\/\/ecoshop.ee\/lt\/wp-json\/wp\/v2\/media\/246424"}],"wp:attachment":[{"href":"https:\/\/ecoshop.ee\/lt\/wp-json\/wp\/v2\/media?parent=246423"}],"wp:term":[{"taxonomy":"product_brand","embeddable":true,"href":"https:\/\/ecoshop.ee\/lt\/wp-json\/wp\/v2\/product_brand?post=246423"},{"taxonomy":"product_cat","embeddable":true,"href":"https:\/\/ecoshop.ee\/lt\/wp-json\/wp\/v2\/product_cat?post=246423"},{"taxonomy":"product_tag","embeddable":true,"href":"https:\/\/ecoshop.ee\/lt\/wp-json\/wp\/v2\/product_tag?post=246423"}],"curies":[{"name":"wp","href":"https:\/\/api.w.org\/{rel}","templated":true}]}}