{"id":246426,"date":"2025-11-28T17:28:01","date_gmt":"2025-11-28T14:28:01","guid":{"rendered":"https:\/\/ecoshop.ee\/?post_type=product&#038;p=246426"},"modified":"2025-11-28T17:28:03","modified_gmt":"2025-11-28T14:28:03","slug":"cosmeau-kvapieji-perlai-pavasariui-50-skalbimu","status":"publish","type":"product","link":"https:\/\/ecoshop.ee\/lt\/puhastusvahendid\/cosmeau-lohnaparlid-kevad-50-pesu\/","title":{"rendered":"Cosmeau kvapi\u0173j\u0173 perl\u0173, pavasario, 50 skalbim\u0173"},"content":{"rendered":"<p data-start=\"47\" data-end=\"347\">Ekologi\u0161ki kvap\u0173 perlai, suteikiantys skalbiniams gaiv\u0173 ir ilgai i\u0161liekant\u012f aromat\u0105. Mikrokvap\u0173 kapsul\u0117s i\u0161siskiria trinant \u2013 einant, judant ar sportuojant \u2013 ir skleid\u017eia malon\u0173 kvap\u0105 iki 12 savai\u010di\u0173. Kvapas yra nat\u016bralus, ne sintetinis, tinka tiek moterims, tiek vyrams.<\/p>\n<p data-start=\"349\" data-end=\"541\"><em data-start=\"349\" data-end=\"363\">Pavasario gaivumas<\/em>\u00a0Sukelia saul\u0117tos pavasario dienos jausm\u0105: \u0161iltas oras, pauk\u0161\u010di\u0173 \u010diulb\u0117jimas ir lengvas g\u0117li\u0173 aromatas. Idealiai tinka patalynei, suteikia \u0161veln\u0173, gaiv\u0173 ir ne per sald\u0173 aromat\u0105.<\/p>\n<ul>\n<li data-start=\"543\" data-end=\"991\">Suteikia skalbiniams papildomo kvapo<\/li>\n<li data-start=\"543\" data-end=\"991\">Pagaminta i\u0161 kukur\u016bz\u0173 krakmolo, vegani\u0161ka<\/li>\n<li data-start=\"543\" data-end=\"991\">Nat\u016bralus kvapas<\/li>\n<li data-start=\"543\" data-end=\"991\">Iki 12 savai\u010di\u0173 \u0161vie\u017eumo<\/li>\n<li data-start=\"543\" data-end=\"991\">Matavimo puodelis pridedamas<\/li>\n<li data-start=\"543\" data-end=\"991\">Iki 50 skalbim\u0173 su lengvu kvapu arba 25 skalbim\u0173 su stipresniu kvapu<\/li>\n<li data-start=\"543\" data-end=\"991\">Prie\u0161 skalbim\u0105 \u012fpilkite tiesiai \u012f tu\u0161\u010di\u0105 b\u016bgn\u0105<\/li>\n<li data-start=\"543\" data-end=\"991\">Puikiai tinka Cosmeau plovimo juostel\u0117ms<\/li>\n<\/ul>\n<p data-start=\"993\" data-end=\"1072\" data-is-last-node=\"\" data-is-only-node=\"\">\u0160velnus, pavasari\u0161kas gaivumas po kiekvieno skalbimo \u2013 nat\u016bralus, ilgaam\u017eis ir tvarus.<\/p>\n<p data-start=\"0\" data-end=\"17\"><strong data-start=\"0\" data-end=\"17\">Papildymo pakuot\u0117s<\/strong><\/p>\n<p data-start=\"19\" data-end=\"251\" data-is-last-node=\"\" data-is-only-node=\"\">Standartinis t\u016bbel\u0117 su matavimo puodeliu supakuota taip, kad kvapas i\u0161likt\u0173 kuo ilgiau. Nereikia jos kaskart keisti \u2013 ateityje galite tiesiog u\u017esisakyti pigesni\u0173 papildym\u0173, kuriems reikia ma\u017eiau pakuot\u0117s.<\/p>","protected":false},"excerpt":{"rendered":"<p>Keskkonnas\u00f5bralikud l\u00f5hnap\u00e4rlid, mis annavad pesule v\u00e4rske ja kauap\u00fcsiva aroomi. Mikro-l\u00f5hnakapslid vabanevad h\u00f5\u00f5rdumisel \u2013 k\u00f5ndides, liikudes v\u00f5i trenni tehes \u2013 ning pakuvad kuni&hellip;<\/p>","protected":false},"featured_media":246427,"comment_status":"open","ping_status":"closed","template":"","meta":{"wprm-recipe-roundup-name":"","wprm-recipe-roundup-description":""},"product_brand":[11998],"product_cat":[8002],"product_tag":[],"class_list":{"0":"post-246426","1":"product","2":"type-product","3":"status-publish","4":"has-post-thumbnail","6":"product_brand-cosmeau","7":"product_cat-puhastusvahendid","9":"first","10":"instock","11":"taxable","12":"shipping-taxable","13":"purchasable","14":"product-type-simple"},"supplier_id":246354,"supplier_sku":"","barcode":"8720655301452","atum_controlled":true,"out_stock_date":null,"out_stock_threshold":null,"inheritable":false,"inbound_stock":0,"stock_on_hold":0,"sold_today":0,"sales_last_days":0,"reserved_stock":0,"customer_returns":0,"warehouse_damage":0,"lost_in_post":0,"other_logs":0,"out_stock_days":0,"lost_sales":0,"has_location":false,"update_date":"2026-04-20T21:45:56","atum_locations":[],"atum_stock_status":"instock","restock_status":false,"low_stock_amount":"","sales_update_date":"2026-04-20T21:45:56","calc_backorders":null,"aioseo_notices":[],"_links":{"self":[{"href":"https:\/\/ecoshop.ee\/lt\/wp-json\/wp\/v2\/product\/246426","targetHints":{"allow":["GET"]}}],"collection":[{"href":"https:\/\/ecoshop.ee\/lt\/wp-json\/wp\/v2\/product"}],"about":[{"href":"https:\/\/ecoshop.ee\/lt\/wp-json\/wp\/v2\/types\/product"}],"replies":[{"embeddable":true,"href":"https:\/\/ecoshop.ee\/lt\/wp-json\/wp\/v2\/comments?post=246426"}],"version-history":[{"count":0,"href":"https:\/\/ecoshop.ee\/lt\/wp-json\/wp\/v2\/product\/246426\/revisions"}],"wp:featuredmedia":[{"embeddable":true,"href":"https:\/\/ecoshop.ee\/lt\/wp-json\/wp\/v2\/media\/246427"}],"wp:attachment":[{"href":"https:\/\/ecoshop.ee\/lt\/wp-json\/wp\/v2\/media?parent=246426"}],"wp:term":[{"taxonomy":"product_brand","embeddable":true,"href":"https:\/\/ecoshop.ee\/lt\/wp-json\/wp\/v2\/product_brand?post=246426"},{"taxonomy":"product_cat","embeddable":true,"href":"https:\/\/ecoshop.ee\/lt\/wp-json\/wp\/v2\/product_cat?post=246426"},{"taxonomy":"product_tag","embeddable":true,"href":"https:\/\/ecoshop.ee\/lt\/wp-json\/wp\/v2\/product_tag?post=246426"}],"curies":[{"name":"wp","href":"https:\/\/api.w.org\/{rel}","templated":true}]}}