{"id":246450,"date":"2025-11-30T18:55:07","date_gmt":"2025-11-30T15:55:07","guid":{"rendered":"https:\/\/ecoshop.ee\/?post_type=product&#038;p=246450"},"modified":"2025-11-30T18:55:08","modified_gmt":"2025-11-30T15:55:08","slug":"cosmeau-tualeto-valymo-juosteles-60-vnt","status":"publish","type":"product","link":"https:\/\/ecoshop.ee\/lt\/puhastusvahendid\/cosmeau-wc-puhastusribad-60tk\/","title":{"rendered":"Cosmeau Tualeto valymo juostel\u0117s, 60 vnt."},"content":{"rendered":"<p data-start=\"30\" data-end=\"347\">Ekologi\u0161kas tualeto valiklis patogioje popierini\u0173 juosteli\u0173 formoje \u2013 tiesiog \u012fd\u0117kite vien\u0105 juostel\u0119 \u012f indel\u012f ir leiskite jam atlikti savo darb\u0105. Biologi\u0161kai skaidus, taupantis viet\u0105 ir pigesnis nei tradiciniai tualeto geliai. Itin koncentruota formul\u0117 pa\u0161alina ne\u0161varumus ir apna\u0161as be fosfat\u0173, balikli\u0173 ar stipri\u0173 chemini\u0173 med\u017eiag\u0173.<\/p>\n<p data-start=\"349\" data-end=\"535\">\u2022 Efektyvus kalki\u0173 ir ne\u0161varum\u0173 \u0161alinimas<br data-start=\"386\" data-end=\"389\" \/>\u2022 Gaivus kvapas<br data-start=\"402\" data-end=\"405\" \/>\u2022 pH neutralus \u2013 nepa\u017eeid\u017eia puodo, metalini\u0173 ar plastikini\u0173 dali\u0173<br data-start=\"466\" data-end=\"469\" \/>\u2022 Visi\u0161kai tirpus ir neu\u017ekem\u0161a vandens<br data-start=\"504\" data-end=\"507\" \/>\u2022 Be plastiko ir biologi\u0161kai skaidus<\/p>\n<p data-start=\"349\" data-end=\"535\">\n<p data-start=\"537\" data-end=\"559\"><strong data-start=\"537\" data-end=\"557\">Kaip naudoti?<\/strong><\/p>\n<ol data-start=\"560\" data-end=\"789\">\n<li data-start=\"560\" data-end=\"631\">\n<p data-start=\"563\" data-end=\"631\">Perpl\u0117\u0161kite juostel\u0119 per pus\u0119 i\u0161ilgai perforacijos arba naudokite vis\u0105 juostel\u0119.<\/p>\n<\/li>\n<li data-start=\"632\" data-end=\"662\">\n<p data-start=\"635\" data-end=\"662\">\u012ed\u0117kite juostel\u0119 \u012f tualeto duben\u0117lio vanden\u012f.<\/p>\n<\/li>\n<li data-start=\"663\" data-end=\"706\">\n<p data-start=\"666\" data-end=\"706\">Leiskite jam i\u0161tirpti 20\u201330 sekund\u017ei\u0173.<\/p>\n<\/li>\n<li data-start=\"707\" data-end=\"742\">\n<p data-start=\"710\" data-end=\"742\">I\u0161valykite puod\u0105 tualetiniu \u0161epe\u010diu.<\/p>\n<\/li>\n<li data-start=\"743\" data-end=\"789\">\n<p data-start=\"746\" data-end=\"789\">Nuplaukite arba palikite ilgiau.<\/p>\n<\/li>\n<\/ol>\n<p data-start=\"791\" data-end=\"880\"><strong data-start=\"791\" data-end=\"806\">Doseerimine<\/strong><br data-start=\"806\" data-end=\"809\" \/>\u2022 <strong data-start=\"811\" data-end=\"821\">\u00bd juostel\u0117s<\/strong> \u2013 reguliarus valymas<br data-start=\"841\" data-end=\"844\" \/>\u2022 <strong data-start=\"846\" data-end=\"856\">1 juostel\u0117<\/strong> \u2013 kruop\u0161tesnis valymas<\/p>\n<p data-start=\"882\" data-end=\"983\" data-is-last-node=\"\" data-is-only-node=\"\">30 juosteli\u0173 pakanka iki 60 kart\u0173.<strong data-start=\"904\" data-end=\"927\">\u00a0valymo tikslais<\/strong>.<\/p>","protected":false},"excerpt":{"rendered":"<p>Keskkonnas\u00f5bralik WC-puhastusvahend mugaval pabeririba kujul \u2013 lihtsalt lisa \u00fcks riba potti ja lase sellel oma t\u00f6\u00f6 \u00e4ra teha. Biolagunev, ruumis\u00e4\u00e4stlik ning soodsam&hellip;<\/p>","protected":false},"featured_media":246451,"comment_status":"open","ping_status":"closed","template":"","meta":{"wprm-recipe-roundup-name":"","wprm-recipe-roundup-description":""},"product_brand":[11998],"product_cat":[8002],"product_tag":[],"class_list":{"0":"post-246450","1":"product","2":"type-product","3":"status-publish","4":"has-post-thumbnail","6":"product_brand-cosmeau","7":"product_cat-puhastusvahendid","9":"first","10":"instock","11":"taxable","12":"shipping-taxable","13":"purchasable","14":"product-type-simple"},"supplier_id":246354,"supplier_sku":"","barcode":"8720655301391","atum_controlled":true,"out_stock_date":null,"out_stock_threshold":null,"inheritable":false,"inbound_stock":0,"stock_on_hold":0,"sold_today":0,"sales_last_days":0,"reserved_stock":0,"customer_returns":0,"warehouse_damage":0,"lost_in_post":0,"other_logs":0,"out_stock_days":0,"lost_sales":0,"has_location":false,"update_date":"2026-04-20T21:45:56","atum_locations":[],"atum_stock_status":"instock","restock_status":false,"low_stock_amount":"","sales_update_date":"2026-04-20T21:45:56","calc_backorders":null,"aioseo_notices":[],"_links":{"self":[{"href":"https:\/\/ecoshop.ee\/lt\/wp-json\/wp\/v2\/product\/246450","targetHints":{"allow":["GET"]}}],"collection":[{"href":"https:\/\/ecoshop.ee\/lt\/wp-json\/wp\/v2\/product"}],"about":[{"href":"https:\/\/ecoshop.ee\/lt\/wp-json\/wp\/v2\/types\/product"}],"replies":[{"embeddable":true,"href":"https:\/\/ecoshop.ee\/lt\/wp-json\/wp\/v2\/comments?post=246450"}],"version-history":[{"count":0,"href":"https:\/\/ecoshop.ee\/lt\/wp-json\/wp\/v2\/product\/246450\/revisions"}],"wp:featuredmedia":[{"embeddable":true,"href":"https:\/\/ecoshop.ee\/lt\/wp-json\/wp\/v2\/media\/246451"}],"wp:attachment":[{"href":"https:\/\/ecoshop.ee\/lt\/wp-json\/wp\/v2\/media?parent=246450"}],"wp:term":[{"taxonomy":"product_brand","embeddable":true,"href":"https:\/\/ecoshop.ee\/lt\/wp-json\/wp\/v2\/product_brand?post=246450"},{"taxonomy":"product_cat","embeddable":true,"href":"https:\/\/ecoshop.ee\/lt\/wp-json\/wp\/v2\/product_cat?post=246450"},{"taxonomy":"product_tag","embeddable":true,"href":"https:\/\/ecoshop.ee\/lt\/wp-json\/wp\/v2\/product_tag?post=246450"}],"curies":[{"name":"wp","href":"https:\/\/api.w.org\/{rel}","templated":true}]}}