{"id":246453,"date":"2025-11-30T19:06:58","date_gmt":"2025-11-30T16:06:58","guid":{"rendered":"https:\/\/ecoshop.ee\/?post_type=product&#038;p=246453"},"modified":"2025-11-30T19:06:59","modified_gmt":"2025-11-30T16:06:59","slug":"cosmeau-graztu-valymo-juosteles-60-vnt","status":"publish","type":"product","link":"https:\/\/ecoshop.ee\/lt\/puhastusvahendid\/cosmeau-porandapuhastusribad-60tk\/","title":{"rendered":"Cosmeau grind\u0173 valymo juostel\u0117s, 60 vnt."},"content":{"rendered":"<p data-start=\"34\" data-end=\"239\">Ekologi\u0161kas grind\u0173 valiklis patogios popierin\u0117s juostel\u0117s pavidalu \u2013 tiesiog \u012fd\u0117kite juostel\u0119 \u012f kibir\u0105 ir leiskite jai i\u0161tirpti. Biologi\u0161kai skaidus, taupantis viet\u0105 ir pigesnis nei tradiciniai grind\u0173 valikliai.<\/p>\n<p data-start=\"241\" data-end=\"583\">\u2022 Itin koncentruotas \u2013 pa\u0161alina ne\u0161varumus, d\u0117mes ir bakterijas, naudodamas fermentus<br data-start=\"319\" data-end=\"322\" \/>\u2022 \u0160velni formul\u0117, nepa\u017eeid\u017eianti grind\u0173 ir k\u016bdikio bas\u0173 p\u0117du\u010di\u0173<br data-start=\"407\" data-end=\"410\" \/>\u2022 Sud\u0117tyje n\u0117ra fosfat\u0173, balikli\u0173 ar agresyvi\u0173 chemini\u0173 med\u017eiag\u0173<br data-start=\"471\" data-end=\"474\" \/>\u2022 Tinka vis\u0173 tip\u0173 grindims: laminatui, medin\u0117ms, plytel\u0117ms, liejin\u0117ms grindims ir kt.<br data-start=\"545\" data-end=\"548\" \/>\u2022 Visi\u0161kai tirpus ir be plastiko<\/p>\n<p data-start=\"241\" data-end=\"583\">Paprastas, efektyvus ir ekologi\u0161kas b\u016bdas suteikti j\u016bs\u0173 grindims spindesio.<\/p>\n<p data-start=\"585\" data-end=\"607\"><strong data-start=\"585\" data-end=\"605\">Kaip naudoti?<\/strong><\/p>\n<ol data-start=\"608\" data-end=\"852\">\n<li data-start=\"608\" data-end=\"679\">\n<p data-start=\"611\" data-end=\"679\">Perpl\u0117\u0161kite juostel\u0119 per pus\u0119 i\u0161ilgai perforacijos arba naudokite vis\u0105 juostel\u0119.<\/p>\n<\/li>\n<li data-start=\"680\" data-end=\"736\">\n<p data-start=\"683\" data-end=\"736\">\u012ed\u0117kite juostel\u0119 \u012f kibir\u0105, pripildyt\u0105 kar\u0161to arba \u0161alto vandens.<\/p>\n<\/li>\n<li data-start=\"737\" data-end=\"780\">\n<p data-start=\"740\" data-end=\"780\">Leiskite jam i\u0161tirpti 20\u201330 sekund\u017ei\u0173.<\/p>\n<\/li>\n<li data-start=\"781\" data-end=\"815\">\n<p data-start=\"784\" data-end=\"815\">Visi\u0161kai panardinkite \u0161luost\u0119 \u012f vanden\u012f.<\/p>\n<\/li>\n<li data-start=\"816\" data-end=\"852\">\n<p data-start=\"819\" data-end=\"852\">Valykite grindis kaip \u012fprasta.<\/p>\n<\/li>\n<\/ol>\n<p data-start=\"854\" data-end=\"1028\"><strong data-start=\"854\" data-end=\"869\">Doseerimine<\/strong><br data-start=\"869\" data-end=\"872\" \/>\u2022 <strong data-start=\"874\" data-end=\"884\">\u00bd juostel\u0117s<\/strong> \u2013 ma\u017edaug 5 litr\u0173 kibirui arba \u012fprastam valymui<br data-start=\"944\" data-end=\"947\" \/>\u2022 <strong data-start=\"949\" data-end=\"959\">1 juostel\u0117<\/strong> \u2013 10 litr\u0173 kibirui arba labai ne\u0161vari\u0173 grind\u0173 valymui<\/p>","protected":false},"excerpt":{"rendered":"<p>Keskkonnas\u00f5bralik p\u00f5randapuhastusvahend mugava pabeririba kujul \u2013 lihtsalt lisa riba \u00e4mbrisse ja lase sellel lahustuda. Biolagunev, ruumis\u00e4\u00e4stlik ning soodsam kui traditsioonilised p\u00f5randapuhastusvahendid. \u2022&hellip;<\/p>","protected":false},"featured_media":246454,"comment_status":"open","ping_status":"closed","template":"","meta":{"wprm-recipe-roundup-name":"","wprm-recipe-roundup-description":""},"product_brand":[11998],"product_cat":[8002],"product_tag":[],"class_list":{"0":"post-246453","1":"product","2":"type-product","3":"status-publish","4":"has-post-thumbnail","6":"product_brand-cosmeau","7":"product_cat-puhastusvahendid","9":"first","10":"instock","11":"taxable","12":"shipping-taxable","13":"purchasable","14":"product-type-simple"},"supplier_id":246354,"supplier_sku":"","barcode":"8720655301353","atum_controlled":true,"out_stock_date":null,"out_stock_threshold":null,"inheritable":false,"inbound_stock":0,"stock_on_hold":0,"sold_today":0,"sales_last_days":0,"reserved_stock":0,"customer_returns":0,"warehouse_damage":0,"lost_in_post":0,"other_logs":0,"out_stock_days":0,"lost_sales":0,"has_location":false,"update_date":"2026-04-20T21:45:56","atum_locations":[],"atum_stock_status":"instock","restock_status":false,"low_stock_amount":"","sales_update_date":"2026-04-20T21:45:56","calc_backorders":null,"aioseo_notices":[],"_links":{"self":[{"href":"https:\/\/ecoshop.ee\/lt\/wp-json\/wp\/v2\/product\/246453","targetHints":{"allow":["GET"]}}],"collection":[{"href":"https:\/\/ecoshop.ee\/lt\/wp-json\/wp\/v2\/product"}],"about":[{"href":"https:\/\/ecoshop.ee\/lt\/wp-json\/wp\/v2\/types\/product"}],"replies":[{"embeddable":true,"href":"https:\/\/ecoshop.ee\/lt\/wp-json\/wp\/v2\/comments?post=246453"}],"version-history":[{"count":0,"href":"https:\/\/ecoshop.ee\/lt\/wp-json\/wp\/v2\/product\/246453\/revisions"}],"wp:featuredmedia":[{"embeddable":true,"href":"https:\/\/ecoshop.ee\/lt\/wp-json\/wp\/v2\/media\/246454"}],"wp:attachment":[{"href":"https:\/\/ecoshop.ee\/lt\/wp-json\/wp\/v2\/media?parent=246453"}],"wp:term":[{"taxonomy":"product_brand","embeddable":true,"href":"https:\/\/ecoshop.ee\/lt\/wp-json\/wp\/v2\/product_brand?post=246453"},{"taxonomy":"product_cat","embeddable":true,"href":"https:\/\/ecoshop.ee\/lt\/wp-json\/wp\/v2\/product_cat?post=246453"},{"taxonomy":"product_tag","embeddable":true,"href":"https:\/\/ecoshop.ee\/lt\/wp-json\/wp\/v2\/product_tag?post=246453"}],"curies":[{"name":"wp","href":"https:\/\/api.w.org\/{rel}","templated":true}]}}