{"id":246456,"date":"2025-11-30T19:21:09","date_gmt":"2025-11-30T16:21:09","guid":{"rendered":"https:\/\/ecoshop.ee\/?post_type=product&#038;p=246456"},"modified":"2026-04-20T12:03:34","modified_gmt":"2026-04-20T09:03:34","slug":"cosmeau-noude-skalbimo-masinos-juosteles-60-vnt","status":"publish","type":"product","link":"https:\/\/ecoshop.ee\/lt\/puhastusvahendid\/cosmeau-noudepesumasina-ribad-60tk\/","title":{"rendered":"Cosmeau indaplov\u0117s juostel\u0117s, 60 vnt."},"content":{"rendered":"<p data-start=\"35\" data-end=\"216\">Ekologi\u0161kas ir patogus indaplovi\u0173 ploviklis popierin\u0117s juostel\u0117s pavidalu. Nupl\u0117\u0161kite, dozuokite ir \u012fd\u0117kite \u012f skalbimo ma\u0161in\u0105 \u2013 paprasta! Biologi\u0161kai skaidus pagal ES reikalavimus, be plastiko ir itin taupantis viet\u0105.<\/p>\n<p data-start=\"218\" data-end=\"479\">\u2022 Itin koncentruota formul\u0117, naudodama fermentus, pa\u0161alina ne\u0161varumus, d\u0117mes, maisto liku\u010dius ir bakterijas<br data-start=\"318\" data-end=\"321\" \/>\u2022 Sud\u0117tyje n\u0117ra paraben\u0173, fosfat\u0173 ar agresyvi\u0173 chemini\u0173 med\u017eiag\u0173<br data-start=\"381\" data-end=\"384\" \/>\u2022 Visi\u0161kai tirpstanti juostel\u0117<br data-start=\"410\" data-end=\"413\" \/>\u2022 Pakuot\u0117 be plastiko<br data-start=\"432\" data-end=\"435\" \/>\u2022 Dozuojama pagal u\u017eter\u0161tumo lyg\u012f<\/p>\n<p data-start=\"481\" data-end=\"503\"><strong data-start=\"481\" data-end=\"501\">Kaip naudoti?<\/strong><\/p>\n<ol data-start=\"504\" data-end=\"833\">\n<li data-start=\"504\" data-end=\"626\">\n<p data-start=\"507\" data-end=\"626\">Sulenkite juostel\u0119, kad ji tilpt\u0173 \u012f dozatori\u0173. Jei reikia, nupl\u0117\u0161kite gabal\u0117l\u012f ir pad\u0117kite j\u012f indaplov\u0117s apa\u010dioje i\u0161ankstiniam plovimui.<\/p>\n<\/li>\n<li data-start=\"627\" data-end=\"661\">\n<p data-start=\"630\" data-end=\"661\">Po naudojimo nusiplaukite rankas.<\/p>\n<\/li>\n<li data-start=\"662\" data-end=\"833\">\n<p data-start=\"665\" data-end=\"833\"><strong data-start=\"665\" data-end=\"680\">D\u0117mesio!<\/strong> Ma\u017eoms arba senesn\u0117ms indaplov\u0117ms naudokite ne daugiau kaip \u00bd baro arba \u00bc baro sl\u0117g\u012f, kad i\u0161vengtum\u0117te per didelio putojimo. Jei put\u0173 per daug, suma\u017einkite j\u0173 kiek\u012f.<\/p>\n<\/li>\n<\/ol>\n<p data-start=\"835\" data-end=\"979\"><strong data-start=\"835\" data-end=\"850\">Doseerimine<\/strong><br data-start=\"850\" data-end=\"853\" \/>\u2022 <strong data-start=\"855\" data-end=\"865\">\u00bd juostel\u0117s<\/strong> \u2013 \u012fprastai u\u017eter\u0161tiems indams<br data-start=\"902\" data-end=\"905\" \/>\u2022 <strong data-start=\"907\" data-end=\"917\">1 juostel\u0117<\/strong> \u2013 labai ne\u0161variems indams (naudokite auk\u0161tesn\u0119 temperat\u016br\u0105)<\/p>\n<p data-start=\"981\" data-end=\"1098\">\u012esitikinkite, kad indaplov\u0117je yra pakankamai druskos tirpalo, ir, jei ant stiklini\u0173 liko liku\u010di\u0173, \u012fpilkite skalavimo priemon\u0117s.<\/p>","protected":false},"excerpt":{"rendered":"<p>Keskkonnas\u00f5bralik ja mugav n\u00f5udepesumasina pesuvahend pabeririba kujul. Rebi, doseeri ja aseta masinasse \u2013 lihtne! Biolagunev EU n\u00f5uete j\u00e4rgi, plastikuvaba ja eriti ruumis\u00e4\u00e4stlik.&hellip;<\/p>","protected":false},"featured_media":246457,"comment_status":"open","ping_status":"closed","template":"","meta":{"wprm-recipe-roundup-name":"","wprm-recipe-roundup-description":""},"product_brand":[11998],"product_cat":[8002],"product_tag":[],"class_list":{"0":"post-246456","1":"product","2":"type-product","3":"status-publish","4":"has-post-thumbnail","6":"product_brand-cosmeau","7":"product_cat-puhastusvahendid","9":"first","10":"instock","11":"taxable","12":"shipping-taxable","13":"purchasable","14":"product-type-simple"},"supplier_id":246354,"supplier_sku":"","barcode":"8720655302466","atum_controlled":true,"out_stock_date":null,"out_stock_threshold":null,"inheritable":false,"inbound_stock":0,"stock_on_hold":0,"sold_today":0,"sales_last_days":3,"reserved_stock":0,"customer_returns":0,"warehouse_damage":0,"lost_in_post":0,"other_logs":0,"out_stock_days":0,"lost_sales":0,"has_location":false,"update_date":"2026-04-22T08:48:01","atum_locations":[],"atum_stock_status":"instock","restock_status":true,"low_stock_amount":"","sales_update_date":"2026-04-22T08:48:01","calc_backorders":null,"aioseo_notices":[],"_links":{"self":[{"href":"https:\/\/ecoshop.ee\/lt\/wp-json\/wp\/v2\/product\/246456","targetHints":{"allow":["GET"]}}],"collection":[{"href":"https:\/\/ecoshop.ee\/lt\/wp-json\/wp\/v2\/product"}],"about":[{"href":"https:\/\/ecoshop.ee\/lt\/wp-json\/wp\/v2\/types\/product"}],"replies":[{"embeddable":true,"href":"https:\/\/ecoshop.ee\/lt\/wp-json\/wp\/v2\/comments?post=246456"}],"version-history":[{"count":0,"href":"https:\/\/ecoshop.ee\/lt\/wp-json\/wp\/v2\/product\/246456\/revisions"}],"wp:featuredmedia":[{"embeddable":true,"href":"https:\/\/ecoshop.ee\/lt\/wp-json\/wp\/v2\/media\/246457"}],"wp:attachment":[{"href":"https:\/\/ecoshop.ee\/lt\/wp-json\/wp\/v2\/media?parent=246456"}],"wp:term":[{"taxonomy":"product_brand","embeddable":true,"href":"https:\/\/ecoshop.ee\/lt\/wp-json\/wp\/v2\/product_brand?post=246456"},{"taxonomy":"product_cat","embeddable":true,"href":"https:\/\/ecoshop.ee\/lt\/wp-json\/wp\/v2\/product_cat?post=246456"},{"taxonomy":"product_tag","embeddable":true,"href":"https:\/\/ecoshop.ee\/lt\/wp-json\/wp\/v2\/product_tag?post=246456"}],"curies":[{"name":"wp","href":"https:\/\/api.w.org\/{rel}","templated":true}]}}