{"id":246463,"date":"2025-11-30T19:54:13","date_gmt":"2025-11-30T16:54:13","guid":{"rendered":"https:\/\/ecoshop.ee\/?post_type=product&#038;p=246463"},"modified":"2026-04-03T13:03:37","modified_gmt":"2026-04-03T10:03:37","slug":"cosmeau-skalbimo-masinos-universalios-valymo-tabletes-12-vnt","status":"publish","type":"product","link":"https:\/\/ecoshop.ee\/lt\/puhastusvahendid\/cosmeau-pesumasina-suvapuhastustabletid-12-tk\/","title":{"rendered":"Cosmeau skalbimo ma\u0161inos giluminio valymo tablet\u0117s, 12 vnt."},"content":{"rendered":"<p data-start=\"45\" data-end=\"268\">Ar j\u016bs\u0173 skalbimo ma\u0161inoje yra pel\u0117sio ar nemalonaus kvapo? Giluminio valymo tablet\u0117s padeda i\u0161valyti skalbimo ma\u0161inos vid\u0173, pa\u0161alindamos ne\u0161varumus, riebalus ir kalki\u0173 nuos\u0117das \u2013 taip ma\u0161ina i\u0161lieka higieni\u0161ka, o j\u016bs\u0173 skalbiniai visada kvepia gaiviai.<\/p>\n<p data-start=\"45\" data-end=\"268\">\n<p data-start=\"275\" data-end=\"290\"><strong data-start=\"279\" data-end=\"290\">Privalumai<\/strong><\/p>\n<ul>\n<li data-start=\"292\" data-end=\"636\"><strong data-start=\"294\" data-end=\"310\">Gilus valymas<\/strong> \u2013 pa\u0161alina susikaupusius ne\u0161varumus, riebalus, bakterijas ir nemaloni\u0173 kvap\u0173 \u0161altinius<\/li>\n<li data-start=\"292\" data-end=\"636\"><strong data-start=\"390\" data-end=\"429\">Gaivina ir neutralizuoja kvapus<\/strong><\/li>\n<li data-start=\"292\" data-end=\"636\"><strong data-start=\"434\" data-end=\"460\">Prailgina ma\u0161inos tarnavimo laik\u0105<\/strong> \u2013 palaiko skalbimo ma\u0161inos ger\u0105 darbin\u0119 b\u016bkl\u0119<\/li>\n<li data-start=\"292\" data-end=\"636\"><strong data-start=\"499\" data-end=\"520\">Ekologi\u0161kas<\/strong> \u2013 biologi\u0161kai skaid\u016bs ingredientai, be kenksming\u0173 chemini\u0173 med\u017eiag\u0173<\/li>\n<li data-start=\"292\" data-end=\"636\"><strong data-start=\"582\" data-end=\"601\">Lengva naudoti<\/strong> \u2013 tinka visoms skalbimo ma\u0161inoms<\/li>\n<\/ul>\n<p data-start=\"643\" data-end=\"667\"><strong data-start=\"647\" data-end=\"667\">Kaip naudoti?<\/strong><\/p>\n<ol data-start=\"669\" data-end=\"836\">\n<li data-start=\"669\" data-end=\"719\">\n<p data-start=\"672\" data-end=\"719\">\u012ed\u0117kite vien\u0105 tablet\u0119 \u012f tu\u0161\u010di\u0105 skalbimo ma\u0161inos b\u016bgn\u0105.<\/p>\n<\/li>\n<li data-start=\"720\" data-end=\"781\">\n<p data-start=\"723\" data-end=\"781\">Paleiskite skalbimo program\u0105 60 \u00b0C arba 90 \u00b0C temperat\u016broje be skalbini\u0173.<\/p>\n<\/li>\n<li data-start=\"782\" data-end=\"836\">\n<p data-start=\"785\" data-end=\"836\">Nor\u0117dami u\u017etikrinti geriausius rezultatus, pakartokite proces\u0105 kart\u0105 per m\u0117nes\u012f.<\/p>\n<\/li>\n<\/ol>\n<p>&nbsp;<\/p>\n<p data-start=\"843\" data-end=\"868\"><strong data-start=\"847\" data-end=\"868\">Prie\u017ei\u016bros rekomendacijosused<\/strong><\/p>\n<p data-start=\"870\" data-end=\"1097\">\u2022 Skalbimo ma\u0161inos stikl\u0105 ir dureli\u0173 kra\u0161tus valykite dr\u0117gnu skudur\u0117liu.<br data-start=\"925\" data-end=\"928\" \/>\u2022 Patikrinkite dureli\u0173 sandariklius, ar n\u0117ra ne\u0161varum\u0173 ir nuos\u0117d\u0173.<br data-start=\"987\" data-end=\"990\" \/>\u2022 I\u0161valykite filtr\u0105 \u2013 jame da\u017enai kaupiasi plaukai ir daiktai<br data-start=\"1050\" data-end=\"1053\" \/>\u2022 I\u0161imkite ir i\u0161valykite skalbimo priemoni\u0173 stal\u010diuk\u0105<\/p>\n<p data-start=\"1104\" data-end=\"1130\"><strong data-start=\"1108\" data-end=\"1130\">Kaip tai veikia?<\/strong><\/p>\n<p data-start=\"1132\" data-end=\"1199\">Giluminio valymo tablet\u0117 veikia d\u0117l keli\u0173 veiksming\u0173 ingredient\u0173 s\u0105veikos:<\/p>\n<ul data-start=\"1201\" data-end=\"1638\">\n<li data-start=\"1201\" data-end=\"1311\">\n<p data-start=\"1203\" data-end=\"1311\"><strong data-start=\"1203\" data-end=\"1227\">Natrio perkarbonatas<\/strong> s\u0105lytyje su vandeniu i\u0161skiria vandenilio peroksid\u0105, kuris oksiduoja organines priemai\u0161as.<\/p>\n<\/li>\n<li data-start=\"1312\" data-end=\"1411\">\n<p data-start=\"1314\" data-end=\"1411\"><strong data-start=\"1314\" data-end=\"1358\">Natrio karbonatas ir natrio bikarbonatas<\/strong> pakelkite pH lyg\u012f, i\u0161tirpinkite riebalus ir muilo liku\u010dius.<\/p>\n<\/li>\n<li data-start=\"1412\" data-end=\"1475\">\n<p data-start=\"1414\" data-end=\"1475\"><strong data-start=\"1414\" data-end=\"1428\">Citrin\u0173 r\u016bg\u0161tis<\/strong> skaido kalki\u0173 ir mineral\u0173 nuos\u0117das.<\/p>\n<\/li>\n<li data-start=\"1476\" data-end=\"1543\">\n<p data-start=\"1478\" data-end=\"1543\"><strong data-start=\"1478\" data-end=\"1501\">Pavir\u0161inio aktyvumo med\u017eiagos<\/strong> pa\u0161alina ne\u0161varumus ir d\u0117mes nuo pavir\u0161i\u0173.<\/p>\n<\/li>\n<li data-start=\"1544\" data-end=\"1638\">\n<p data-start=\"1546\" data-end=\"1638\"><strong data-start=\"1546\" data-end=\"1577\">Ceolitas ir natrio silikatas<\/strong> palaikyti valymo proces\u0105 ir apsaugoti ma\u0161inos komponentus.<\/p>\n<\/li>\n<\/ul>\n<p>&nbsp;<\/p>\n<p data-start=\"1912\" data-end=\"1928\"><strong data-start=\"1916\" data-end=\"1928\">Sud\u0117tyje yra<\/strong><\/p>\n<p><strong data-start=\"1930\" data-end=\"1965\">12 table\u010di\u0173 \u2013 u\u017eteks iki 1 met\u0173<\/strong><\/p>","protected":false},"excerpt":{"rendered":"<p>Pesumasinas on umbne v\u00f5i ebameeldiv l\u00f5hn? S\u00fcvapuhastustabletid aitavad puhastada pesumasina seestpoolt, eemaldades mustuse, rasva ja katlakivi \u2013 nii p\u00fcsib masin h\u00fcgieeniline ja&hellip;<\/p>","protected":false},"featured_media":246464,"comment_status":"open","ping_status":"closed","template":"","meta":{"wprm-recipe-roundup-name":"","wprm-recipe-roundup-description":""},"product_brand":[11998],"product_cat":[8002],"product_tag":[],"class_list":{"0":"post-246463","1":"product","2":"type-product","3":"status-publish","4":"has-post-thumbnail","6":"product_brand-cosmeau","7":"product_cat-puhastusvahendid","9":"first","10":"instock","11":"taxable","12":"shipping-taxable","13":"purchasable","14":"product-type-simple"},"supplier_id":246354,"supplier_sku":"","barcode":"8720655303753","atum_controlled":true,"out_stock_date":null,"out_stock_threshold":null,"inheritable":false,"inbound_stock":0,"stock_on_hold":0,"sold_today":0,"sales_last_days":0,"reserved_stock":0,"customer_returns":0,"warehouse_damage":0,"lost_in_post":0,"other_logs":0,"out_stock_days":0,"lost_sales":0,"has_location":false,"update_date":"2026-04-20T21:45:55","atum_locations":[],"atum_stock_status":"instock","restock_status":false,"low_stock_amount":"","sales_update_date":"2026-04-20T21:45:55","calc_backorders":null,"aioseo_notices":[],"_links":{"self":[{"href":"https:\/\/ecoshop.ee\/lt\/wp-json\/wp\/v2\/product\/246463","targetHints":{"allow":["GET"]}}],"collection":[{"href":"https:\/\/ecoshop.ee\/lt\/wp-json\/wp\/v2\/product"}],"about":[{"href":"https:\/\/ecoshop.ee\/lt\/wp-json\/wp\/v2\/types\/product"}],"replies":[{"embeddable":true,"href":"https:\/\/ecoshop.ee\/lt\/wp-json\/wp\/v2\/comments?post=246463"}],"version-history":[{"count":0,"href":"https:\/\/ecoshop.ee\/lt\/wp-json\/wp\/v2\/product\/246463\/revisions"}],"wp:featuredmedia":[{"embeddable":true,"href":"https:\/\/ecoshop.ee\/lt\/wp-json\/wp\/v2\/media\/246464"}],"wp:attachment":[{"href":"https:\/\/ecoshop.ee\/lt\/wp-json\/wp\/v2\/media?parent=246463"}],"wp:term":[{"taxonomy":"product_brand","embeddable":true,"href":"https:\/\/ecoshop.ee\/lt\/wp-json\/wp\/v2\/product_brand?post=246463"},{"taxonomy":"product_cat","embeddable":true,"href":"https:\/\/ecoshop.ee\/lt\/wp-json\/wp\/v2\/product_cat?post=246463"},{"taxonomy":"product_tag","embeddable":true,"href":"https:\/\/ecoshop.ee\/lt\/wp-json\/wp\/v2\/product_tag?post=246463"}],"curies":[{"name":"wp","href":"https:\/\/api.w.org\/{rel}","templated":true}]}}