{"id":260318,"date":"2025-12-04T15:05:15","date_gmt":"2025-12-04T12:05:15","guid":{"rendered":"https:\/\/ecoshop.ee\/?post_type=product&#038;p=260318"},"modified":"2026-02-27T17:14:24","modified_gmt":"2026-02-27T14:14:24","slug":"alnatura-sokoladiniai-apelsininiai-sausainiai-150-g","status":"publish","type":"product","link":"https:\/\/ecoshop.ee\/lt\/vahvlid-ja-kupsised\/alnatura-sokolaadi-apelsinikupsised-150g\/","title":{"rendered":"Alnatura \u0161okoladiniai-apelsininiai sausainiai, 150 g"},"content":{"rendered":"<p>Gardus \u0161okoladinis sausainis su ypatingu apelsin\u0173 natomis. Lengvas tra\u0161kumas ir ry\u0161kus citrusini\u0173 vaisi\u0173 aromatas paver\u010dia j\u012f gard\u017eiu k\u0105sniu kavos pertrauk\u0117lei arba greitam u\u017ekand\u017eiui dienos metu. Atidarius pakuot\u0119, laikykite j\u0105 sandariai u\u017edaryt\u0105, kad sausainiai i\u0161likt\u0173 maloniai \u0161vie\u017ei.<\/p>","protected":false},"excerpt":{"rendered":"<p>M\u00f5nusalt \u0161okolaadine k\u00fcpsis, millele annab erilise n\u00fcansi peen apelsininoot. Kerge kr\u00f5mps ja s\u00e4rtsakas tsitrusearoom teevad sellest maitsva ampsu nii kohvipausile kui ka&hellip;<\/p>","protected":false},"featured_media":260319,"comment_status":"open","ping_status":"closed","template":"","meta":{"wprm-recipe-roundup-name":"","wprm-recipe-roundup-description":""},"product_brand":[12001],"product_cat":[148,303],"product_tag":[181,297],"class_list":{"0":"post-260318","1":"product","2":"type-product","3":"status-publish","4":"has-post-thumbnail","6":"product_brand-alnatura","7":"product_cat-vahvlid-ja-kupsised","8":"product_cat-mahetooted","9":"product_tag-kupsised","10":"product_tag-mahe","11":"j79_wcxd_expiry_type-best-before","13":"first","14":"instock","15":"taxable","16":"shipping-taxable","17":"purchasable","18":"product-type-simple"},"supplier_id":9158,"supplier_sku":"","barcode":"4104420053083","atum_controlled":true,"out_stock_date":null,"out_stock_threshold":null,"inheritable":false,"inbound_stock":0,"stock_on_hold":0,"sold_today":0,"sales_last_days":0,"reserved_stock":0,"customer_returns":0,"warehouse_damage":0,"lost_in_post":0,"other_logs":0,"out_stock_days":0,"lost_sales":0,"has_location":false,"update_date":"2026-04-20T21:45:55","atum_locations":[],"atum_stock_status":"instock","restock_status":false,"low_stock_amount":"","sales_update_date":"2026-04-20T21:45:55","calc_backorders":null,"aioseo_notices":[],"_links":{"self":[{"href":"https:\/\/ecoshop.ee\/lt\/wp-json\/wp\/v2\/product\/260318","targetHints":{"allow":["GET"]}}],"collection":[{"href":"https:\/\/ecoshop.ee\/lt\/wp-json\/wp\/v2\/product"}],"about":[{"href":"https:\/\/ecoshop.ee\/lt\/wp-json\/wp\/v2\/types\/product"}],"replies":[{"embeddable":true,"href":"https:\/\/ecoshop.ee\/lt\/wp-json\/wp\/v2\/comments?post=260318"}],"version-history":[{"count":0,"href":"https:\/\/ecoshop.ee\/lt\/wp-json\/wp\/v2\/product\/260318\/revisions"}],"wp:featuredmedia":[{"embeddable":true,"href":"https:\/\/ecoshop.ee\/lt\/wp-json\/wp\/v2\/media\/260319"}],"wp:attachment":[{"href":"https:\/\/ecoshop.ee\/lt\/wp-json\/wp\/v2\/media?parent=260318"}],"wp:term":[{"taxonomy":"product_brand","embeddable":true,"href":"https:\/\/ecoshop.ee\/lt\/wp-json\/wp\/v2\/product_brand?post=260318"},{"taxonomy":"product_cat","embeddable":true,"href":"https:\/\/ecoshop.ee\/lt\/wp-json\/wp\/v2\/product_cat?post=260318"},{"taxonomy":"product_tag","embeddable":true,"href":"https:\/\/ecoshop.ee\/lt\/wp-json\/wp\/v2\/product_tag?post=260318"}],"curies":[{"name":"wp","href":"https:\/\/api.w.org\/{rel}","templated":true}]}}