{"id":267294,"date":"2026-01-28T00:30:46","date_gmt":"2026-01-27T21:30:46","guid":{"rendered":"https:\/\/ecoshop.ee\/maaratlemata\/gift-card\/"},"modified":"2026-01-29T02:51:32","modified_gmt":"2026-01-28T23:51:32","slug":"dovanu-kortele","status":"publish","type":"product","link":"https:\/\/ecoshop.ee\/lt\/kingitused\/kinkekaart\/","title":{"rendered":"\u201eEcoshop\u201c dovan\u0173 kortel\u0117"},"content":{"rendered":"<h6 data-start=\"0\" data-end=\"53\"><strong data-start=\"0\" data-end=\"53\">\u201eEcoshop\u201c skaitmenin\u0117 dovan\u0173 kortel\u0117<\/strong><\/h6>\n<p data-start=\"55\" data-end=\"343\">Jei norite prad\u017eiuginti k\u0105 nors, bet nesate tikri, kuris produktas jam labiausiai patikt\u0173, skaitmenin\u0117 dovan\u0173 kortel\u0117 visada yra saugus pasirinkimas. Ji suteikia jums laisv\u0119 pasirinkti produktus, kurie geriausiai atitinka gav\u0117jo vertybes ir poreikius.<\/p>\n<p data-start=\"345\" data-end=\"489\">Dovan\u0173 kortel\u0117 puikiai tinka gimtadieniui, Kal\u0117doms, pad\u0117kos dovanai ar tiesiog smulkiam dalykui, kuriuo parodote, kad r\u016bpinat\u0117s \u2013 be nereikalingo persipirkimo ir \u0161vaistymo.<\/p>\n<h6 style=\"text-align: center;\" data-start=\"345\" data-end=\"489\"><\/h6>\n<p data-start=\"491\" data-end=\"515\"><strong data-start=\"491\" data-end=\"513\">Kaip tai veikia?<\/strong><\/p>\n<ul data-start=\"516\" data-end=\"648\">\n<li data-start=\"516\" data-end=\"578\">\n<p data-start=\"518\" data-end=\"578\">Dovan\u0173 kortel\u0117 bus i\u0161si\u0173sta el. pa\u0161tu i\u0161kart po pirkimo.<\/p>\n<\/li>\n<li data-start=\"579\" data-end=\"614\">\n<p data-start=\"581\" data-end=\"614\">\u012etrauktas unikalus nuolaidos kodas<\/p>\n<\/li>\n<li data-start=\"615\" data-end=\"648\">\n<p data-start=\"617\" data-end=\"648\">Galioja visoje ecoshop.ee internetin\u0117je parduotuv\u0117je<\/p>\n<\/li>\n<\/ul>\n<p>&nbsp;<\/p>\n<p data-start=\"650\" data-end=\"690\"><strong data-start=\"650\" data-end=\"688\">Kod\u0117l verta rinktis skaitmenin\u0119 dovan\u0173 kortel\u0119?<\/strong><\/p>\n<ul data-start=\"691\" data-end=\"789\">\n<li data-start=\"691\" data-end=\"724\">\n<p data-start=\"693\" data-end=\"724\">100% skaitmeninis ir bepopierius<\/p>\n<\/li>\n<li data-start=\"737\" data-end=\"762\">\n<p data-start=\"739\" data-end=\"762\">Galima \u012fsigyti dalimis<\/p>\n<\/li>\n<li data-start=\"763\" data-end=\"789\">\n<p data-start=\"765\" data-end=\"789\">Tinka bet kokiai progai<\/p>\n<\/li>\n<\/ul>\n<h6><strong>Pastaba! Dovan\u0173 kortel\u0117 galioja 1 metus nuo \u012fsigijimo datos!<\/strong><\/h6>\n<p>&nbsp;<\/p>\n<p><em>Jei norite dovan\u0173 kortel\u0119 \u012fteikti fizine forma, i\u0161si\u0173skite j\u0105 sau ir atsispausdinkite prid\u0117t\u0105 fail\u0105.<\/em><\/p>","protected":false},"excerpt":{"rendered":"<p>Ecoshopi digitaalne kinkekaart Kui tahad teha r\u00f5\u00f5mu, aga ei ole kindel, milline toode kingisaajale k\u00f5ige rohkem meeldiks, on digitaalne kinkekaart alati kindel&hellip;<\/p>","protected":false},"featured_media":267295,"comment_status":"open","ping_status":"closed","template":"","meta":{"wprm-recipe-roundup-name":"","wprm-recipe-roundup-description":""},"product_brand":[],"product_cat":[245,145],"product_tag":[150,8391],"class_list":{"0":"post-267294","1":"product","2":"type-product","3":"status-publish","4":"has-post-thumbnail","6":"product_cat-tarvikud","7":"product_cat-kingitused","8":"product_tag-kingitused","9":"product_tag-kinkekaart","11":"first","12":"instock","13":"virtual","14":"taxable","15":"purchasable","16":"product-type-simple"},"supplier_id":null,"supplier_sku":"","barcode":null,"atum_controlled":true,"out_stock_date":null,"out_stock_threshold":null,"inheritable":false,"inbound_stock":0,"stock_on_hold":0,"sold_today":0,"sales_last_days":0,"reserved_stock":0,"customer_returns":0,"warehouse_damage":0,"lost_in_post":0,"other_logs":0,"out_stock_days":0,"lost_sales":0,"has_location":false,"update_date":"2026-04-20T21:45:55","atum_locations":[],"atum_stock_status":"instock","restock_status":false,"low_stock_amount":"","sales_update_date":"2026-04-20T21:45:55","calc_backorders":null,"aioseo_notices":[],"_links":{"self":[{"href":"https:\/\/ecoshop.ee\/lt\/wp-json\/wp\/v2\/product\/267294","targetHints":{"allow":["GET"]}}],"collection":[{"href":"https:\/\/ecoshop.ee\/lt\/wp-json\/wp\/v2\/product"}],"about":[{"href":"https:\/\/ecoshop.ee\/lt\/wp-json\/wp\/v2\/types\/product"}],"replies":[{"embeddable":true,"href":"https:\/\/ecoshop.ee\/lt\/wp-json\/wp\/v2\/comments?post=267294"}],"version-history":[{"count":0,"href":"https:\/\/ecoshop.ee\/lt\/wp-json\/wp\/v2\/product\/267294\/revisions"}],"wp:featuredmedia":[{"embeddable":true,"href":"https:\/\/ecoshop.ee\/lt\/wp-json\/wp\/v2\/media\/267295"}],"wp:attachment":[{"href":"https:\/\/ecoshop.ee\/lt\/wp-json\/wp\/v2\/media?parent=267294"}],"wp:term":[{"taxonomy":"product_brand","embeddable":true,"href":"https:\/\/ecoshop.ee\/lt\/wp-json\/wp\/v2\/product_brand?post=267294"},{"taxonomy":"product_cat","embeddable":true,"href":"https:\/\/ecoshop.ee\/lt\/wp-json\/wp\/v2\/product_cat?post=267294"},{"taxonomy":"product_tag","embeddable":true,"href":"https:\/\/ecoshop.ee\/lt\/wp-json\/wp\/v2\/product_tag?post=267294"}],"curies":[{"name":"wp","href":"https:\/\/api.w.org\/{rel}","templated":true}]}}