{"id":3918,"date":"2024-05-31T23:22:33","date_gmt":"2024-05-31T20:22:33","guid":{"rendered":"https:\/\/ecoshop.ee\/?post_type=product&#038;p=3918"},"modified":"2026-04-14T00:50:21","modified_gmt":"2026-04-13T21:50:21","slug":"bambuko-servetele-rimi-dubuo-18-cm-2","status":"publish","type":"product","link":"https:\/\/ecoshop.ee\/lt\/noud-ja-koogitarbed\/bambusest-serveerimiskauss-18cm-2\/","title":{"rendered":"Bambukin\u0117 servet\u0117l\u0117 rimi-dubuo, 18 cm"},"content":{"rendered":"<p>Vidutinio dyd\u017eio bambukiniai serviravimo duben\u0117liai suteikia elegancijos bet kokiam patiekalui! Rank\u0173 darbo i\u0161 susukto bambuko pagaminti ir minimalistiniu teraco dizainu da\u017eyti dideli bambukiniai serviravimo duben\u0117liai puikiai tinka tiek naminiams, tiek tradiciniams patiekalams patiekti.<\/p>\n<p>Be serviravimo, m\u016bs\u0173 duben\u0117liai taip pat gali b\u016bti naudojami kaip stalo puo\u0161mena arba duben\u0117lis raktams, papuo\u0161alams ir kitiems smulkiems daiktams laikyti!<\/p>\n<p>Visi bambuko duben\u0117liai yra rank\u0173 darbo, naudojant tik paprastus \u012frankius, \u012fgudusias rankas ir ekologi\u0161k\u0105 vietnamieti\u0161k\u0105 bambuk\u0105. Pagaminta i\u0161 tvari\u0173 \u0161altini\u0173 ir eti\u0161kai!<\/p>\n<p>Pastaba: bambuko duben\u0117liai netinka maisto produktams su kar\u0161tais skys\u010diais, pavyzd\u017eiui, kariams, ko\u0161\u0117ms ar sriuboms. \u0160ie maisto produktai gali palikti d\u0117mes.<\/p>","protected":false},"excerpt":{"rendered":"<p>Keskmise suurusega bambusest serveerimiskausid lisavad elegantsi igale s\u00f6\u00f6gikorrale! K\u00e4sitsi valmistatud, kasutades keerutatud bambust ja v\u00e4rvitud minimalistliku terrazzo disainiga. Need suured bambusest kausid&hellip;<\/p>","protected":false},"featured_media":4541,"comment_status":"open","ping_status":"closed","template":"","meta":{"wprm-recipe-roundup-name":"","wprm-recipe-roundup-description":""},"product_brand":[12064],"product_cat":[163,247],"product_tag":[171],"class_list":{"0":"post-3918","1":"product","2":"type-product","3":"status-publish","4":"has-post-thumbnail","6":"product_brand-jungle-culture","7":"product_cat-kodutarbed","8":"product_cat-noud-ja-koogitarbed","9":"product_tag-kauss","11":"first","12":"instock","13":"taxable","14":"shipping-taxable","15":"purchasable","16":"product-type-simple"},"supplier_id":9133,"supplier_sku":"","barcode":null,"atum_controlled":true,"out_stock_date":null,"out_stock_threshold":null,"inheritable":false,"inbound_stock":0,"stock_on_hold":0,"sold_today":0,"sales_last_days":0,"reserved_stock":0,"customer_returns":0,"warehouse_damage":0,"lost_in_post":0,"other_logs":0,"out_stock_days":0,"lost_sales":0,"has_location":false,"update_date":"2026-04-13T21:50:22","atum_locations":[],"atum_stock_status":"instock","restock_status":false,"low_stock_amount":"","sales_update_date":"2026-03-07T01:16:01","calc_backorders":null,"aioseo_notices":[],"_links":{"self":[{"href":"https:\/\/ecoshop.ee\/lt\/wp-json\/wp\/v2\/product\/3918","targetHints":{"allow":["GET"]}}],"collection":[{"href":"https:\/\/ecoshop.ee\/lt\/wp-json\/wp\/v2\/product"}],"about":[{"href":"https:\/\/ecoshop.ee\/lt\/wp-json\/wp\/v2\/types\/product"}],"replies":[{"embeddable":true,"href":"https:\/\/ecoshop.ee\/lt\/wp-json\/wp\/v2\/comments?post=3918"}],"version-history":[{"count":0,"href":"https:\/\/ecoshop.ee\/lt\/wp-json\/wp\/v2\/product\/3918\/revisions"}],"wp:featuredmedia":[{"embeddable":true,"href":"https:\/\/ecoshop.ee\/lt\/wp-json\/wp\/v2\/media\/4541"}],"wp:attachment":[{"href":"https:\/\/ecoshop.ee\/lt\/wp-json\/wp\/v2\/media?parent=3918"}],"wp:term":[{"taxonomy":"product_brand","embeddable":true,"href":"https:\/\/ecoshop.ee\/lt\/wp-json\/wp\/v2\/product_brand?post=3918"},{"taxonomy":"product_cat","embeddable":true,"href":"https:\/\/ecoshop.ee\/lt\/wp-json\/wp\/v2\/product_cat?post=3918"},{"taxonomy":"product_tag","embeddable":true,"href":"https:\/\/ecoshop.ee\/lt\/wp-json\/wp\/v2\/product_tag?post=3918"}],"curies":[{"name":"wp","href":"https:\/\/api.w.org\/{rel}","templated":true}]}}