{"id":392281,"date":"2026-04-10T18:01:20","date_gmt":"2026-04-10T15:01:20","guid":{"rendered":"https:\/\/ecoshop.ee\/?post_type=product&#038;p=392281"},"modified":"2026-04-10T18:22:07","modified_gmt":"2026-04-10T15:22:07","slug":"omega-3-koncentratas-apelsinu-skonio-30-ml","status":"publish","type":"product","link":"https:\/\/ecoshop.ee\/lt\/vegan-toidulisandid\/omega-3-kontsentraat-apelsinimaitseline-30ml\/","title":{"rendered":"Omega-3 koncentratas, apelsin\u0173 skonio, 30 ml"},"content":{"rendered":"<p class=\"font-claude-response-body break-words whitespace-normal leading-[1.7]\">Omega-3 rasvhapped on keha ja vaimu jaoks asendamatud \u2013 eriti EPA ja DHA, mis toetavad s\u00fcdame-, aju- ja silmatervist. Kuna keha ei suuda neid ise toota, on usaldusv\u00e4\u00e4rne allikas h\u00e4davajalik. Enamik Omega-3 toidulisandeid p\u00e4rineb kalast, kuid tegelikult saavad kalad oma Omega-3 vetikate s\u00f6\u00f6misest. Meie l\u00e4heme otse allikani.<\/p>\n<p class=\"font-claude-response-body break-words whitespace-normal leading-[1.7]\">Vegetology Omega-3 vedelkontsentraat on valmistatud mikrovetikatest, mis kasvatatakse kontrollitud tingimustes farmaatsia kvaliteediga tootmisrajatises \u2013 ilma ookeani toksiinide, raskemetallide ja kaladeta. Vaid 1ml p\u00e4evas tilgutiga annab 150mg EPA-d ja 300mg DHA-d koos taimsest allikast p\u00e4rineva D3-vitamiiniga. Kerge apelsinimaitse teeb kogemuse meeldivaks \u2013 ei mingit kalah\u00f5ngu.<\/p>\n<p class=\"font-claude-response-body break-words whitespace-normal leading-[1.7]\">Sobib kogu perele, sh lastele, ning neile, kes eelistavad kapslitele lihtsamat alternatiivi. Heaks kiidetud nii Vegan Society kui Vegetarian Society poolt.<\/p>\n<p>&nbsp;<\/p>\n<p class=\"font-claude-response-body break-words whitespace-normal leading-[1.7]\"><strong>Peamised eelised:<\/strong><\/p>\n<ul>\n<li>S\u00fcdame normaalse talitluse toetamine<\/li>\n<li>Aju funktsiooni ja m\u00e4lu toetamine<\/li>\n<li>Silmade tervise s\u00e4ilitamine<\/li>\n<\/ul>\n","protected":false},"excerpt":{"rendered":"<p>Omega-3 rasvhapped on keha ja vaimu jaoks asendamatud \u2013 eriti EPA ja DHA, mis toetavad s\u00fcdame-, aju- ja silmatervist. Kuna keha ei&hellip;<\/p>","protected":false},"featured_media":392283,"comment_status":"open","ping_status":"closed","template":"","meta":{"wprm-recipe-roundup-name":"","wprm-recipe-roundup-description":""},"product_brand":[12063],"product_cat":[318],"product_tag":[319],"class_list":{"0":"post-392281","1":"product","2":"type-product","3":"status-publish","4":"has-post-thumbnail","6":"product_brand-vegetology","7":"product_cat-vegan-toidulisandid","8":"product_tag-omega-3","9":"j79_wcxd_expiry_type-best-before","11":"first","12":"instock","13":"taxable","14":"shipping-taxable","15":"purchasable","16":"product-type-simple"},"supplier_id":9147,"supplier_sku":"","barcode":"506031380843","atum_controlled":true,"out_stock_date":null,"out_stock_threshold":null,"inheritable":false,"inbound_stock":0,"stock_on_hold":0,"sold_today":0,"sales_last_days":0,"reserved_stock":0,"customer_returns":0,"warehouse_damage":0,"lost_in_post":0,"other_logs":0,"out_stock_days":0,"lost_sales":0,"has_location":false,"update_date":"2026-04-20T21:45:55","atum_locations":[],"atum_stock_status":"instock","restock_status":false,"low_stock_amount":"","sales_update_date":"2026-04-20T21:45:55","calc_backorders":null,"aioseo_notices":[],"_links":{"self":[{"href":"https:\/\/ecoshop.ee\/lt\/wp-json\/wp\/v2\/product\/392281","targetHints":{"allow":["GET"]}}],"collection":[{"href":"https:\/\/ecoshop.ee\/lt\/wp-json\/wp\/v2\/product"}],"about":[{"href":"https:\/\/ecoshop.ee\/lt\/wp-json\/wp\/v2\/types\/product"}],"replies":[{"embeddable":true,"href":"https:\/\/ecoshop.ee\/lt\/wp-json\/wp\/v2\/comments?post=392281"}],"version-history":[{"count":0,"href":"https:\/\/ecoshop.ee\/lt\/wp-json\/wp\/v2\/product\/392281\/revisions"}],"wp:featuredmedia":[{"embeddable":true,"href":"https:\/\/ecoshop.ee\/lt\/wp-json\/wp\/v2\/media\/392283"}],"wp:attachment":[{"href":"https:\/\/ecoshop.ee\/lt\/wp-json\/wp\/v2\/media?parent=392281"}],"wp:term":[{"taxonomy":"product_brand","embeddable":true,"href":"https:\/\/ecoshop.ee\/lt\/wp-json\/wp\/v2\/product_brand?post=392281"},{"taxonomy":"product_cat","embeddable":true,"href":"https:\/\/ecoshop.ee\/lt\/wp-json\/wp\/v2\/product_cat?post=392281"},{"taxonomy":"product_tag","embeddable":true,"href":"https:\/\/ecoshop.ee\/lt\/wp-json\/wp\/v2\/product_tag?post=392281"}],"curies":[{"name":"wp","href":"https:\/\/api.w.org\/{rel}","templated":true}]}}