{"id":3923,"date":"2024-05-31T23:55:08","date_gmt":"2024-05-31T20:55:08","guid":{"rendered":"https:\/\/ecoshop.ee\/?post_type=product&#038;p=3923"},"modified":"2026-04-14T00:41:55","modified_gmt":"2026-04-13T21:41:55","slug":"bambuko-ir-ekologiskos-vatos-tamponeliai-200-vnt","status":"publish","type":"product","link":"https:\/\/ecoshop.ee\/lt\/hugieenitarbed\/bambuse-ja-orgaanilise-puuvillaga-vatitikud-200tk\/","title":{"rendered":"Bambuko ir ekologi\u0161kos medviln\u0117s vatos tampon\u0117liai, 200 vnt."},"content":{"rendered":"<p>Pagaminti i\u0161 ekologi\u0161ko bambuko ir ekologi\u0161kos medviln\u0117s, \u201eJungle Culture\u201c aus\u0173 krap\u0161tukai yra geriausia ekologi\u0161ka alternatyva plastikiniams aus\u0173 krap\u0161tukams. Mes naudojame tvirt\u0105, stor\u0105 ir patvar\u0173 bambuk\u0105, kad aus\u0173 krap\u0161tukai nel\u016b\u017et\u0173.<\/p>\n<p>M\u016bs\u0173 ekologi\u0161ki vatos tampon\u0117liai supakuoti \u012f apvali\u0105, be atliek\u0173 popierin\u0119 d\u0117\u017eut\u0119. Tiesiog nuimkite dangtel\u012f ir palikite ekologi\u0161kus vatos tampon\u0117lius vonios kambaryje, kad jie visada b\u016bt\u0173 paruo\u0161ti naudoti!<\/p>\n<p>Bambukiniai vatos diskeliai turi sugeriam\u0105j\u012f pavir\u0161i\u0173 ir taip pat tinka aki\u0173 makia\u017eui pa\u0161alinti sunkiai pasiekiamose vietose, pavyzd\u017eiui, aki\u0173 kampu\u010diuose.<\/p>","protected":false},"excerpt":{"rendered":"<p>Valmistatud keskkonnas\u00f5bralikust bambusest ja orgaanilisest puuvillast, Jungle Culture&#8217;i vatitikud on parim \u00f6koloogiline alternatiiv plastikust k\u00f5rvatikkudele. Kasutame tugevat, paksu ja vastupidavat bambust, et&hellip;<\/p>","protected":false},"featured_media":3927,"comment_status":"open","ping_status":"closed","template":"","meta":{"wprm-recipe-roundup-name":"","wprm-recipe-roundup-description":""},"product_brand":[12064],"product_cat":[163,246],"product_tag":[172],"class_list":{"0":"post-3923","1":"product","2":"type-product","3":"status-publish","4":"has-post-thumbnail","6":"product_brand-jungle-culture","7":"product_cat-kodutarbed","8":"product_cat-hugieenitarbed","9":"product_tag-vatitikud","11":"first","12":"instock","13":"taxable","14":"shipping-taxable","15":"purchasable","16":"product-type-simple"},"supplier_id":9133,"supplier_sku":"","barcode":null,"atum_controlled":true,"out_stock_date":null,"out_stock_threshold":null,"inheritable":false,"inbound_stock":0,"stock_on_hold":0,"sold_today":0,"sales_last_days":0,"reserved_stock":0,"customer_returns":0,"warehouse_damage":0,"lost_in_post":0,"other_logs":0,"out_stock_days":0,"lost_sales":0,"has_location":false,"update_date":"2026-04-13T21:41:56","atum_locations":[],"atum_stock_status":"instock","restock_status":false,"low_stock_amount":"","sales_update_date":"2026-03-07T01:16:04","calc_backorders":null,"aioseo_notices":[],"_links":{"self":[{"href":"https:\/\/ecoshop.ee\/lt\/wp-json\/wp\/v2\/product\/3923","targetHints":{"allow":["GET"]}}],"collection":[{"href":"https:\/\/ecoshop.ee\/lt\/wp-json\/wp\/v2\/product"}],"about":[{"href":"https:\/\/ecoshop.ee\/lt\/wp-json\/wp\/v2\/types\/product"}],"replies":[{"embeddable":true,"href":"https:\/\/ecoshop.ee\/lt\/wp-json\/wp\/v2\/comments?post=3923"}],"version-history":[{"count":0,"href":"https:\/\/ecoshop.ee\/lt\/wp-json\/wp\/v2\/product\/3923\/revisions"}],"wp:featuredmedia":[{"embeddable":true,"href":"https:\/\/ecoshop.ee\/lt\/wp-json\/wp\/v2\/media\/3927"}],"wp:attachment":[{"href":"https:\/\/ecoshop.ee\/lt\/wp-json\/wp\/v2\/media?parent=3923"}],"wp:term":[{"taxonomy":"product_brand","embeddable":true,"href":"https:\/\/ecoshop.ee\/lt\/wp-json\/wp\/v2\/product_brand?post=3923"},{"taxonomy":"product_cat","embeddable":true,"href":"https:\/\/ecoshop.ee\/lt\/wp-json\/wp\/v2\/product_cat?post=3923"},{"taxonomy":"product_tag","embeddable":true,"href":"https:\/\/ecoshop.ee\/lt\/wp-json\/wp\/v2\/product_tag?post=3923"}],"curies":[{"name":"wp","href":"https:\/\/api.w.org\/{rel}","templated":true}]}}