{"id":3933,"date":"2024-06-01T01:08:34","date_gmt":"2024-05-31T22:08:34","guid":{"rendered":"https:\/\/ecoshop.ee\/?post_type=product&#038;p=3933"},"modified":"2026-04-14T00:41:50","modified_gmt":"2026-04-13T21:41:50","slug":"daugkartinio-naudojimo-ekologiskos-medvilnes-valymo-sluoste","status":"publish","type":"product","link":"https:\/\/ecoshop.ee\/lt\/noud-ja-koogitarbed\/orgaanilisest-puuvillast-taaskasutatav-puhastuslapp\/","title":{"rendered":"Daugkartinio naudojimo ekologi\u0161kos medviln\u0117s valymo \u0161luost\u0117"},"content":{"rendered":"<p style=\"text-align: left;\"><span class=\"jCAhz JxVs2d ChMk0b\"><span class=\"ryNqvb\">\u201eJungle Culture\u201c ekologi\u0161k\u0173 virtuv\u0117s ir vonios kambario valymo \u0161luos\u010di\u0173 asortimentas pagamintas i\u0161 sertifikuotos ekologi\u0161kos medviln\u0117s ir nat\u016bralaus sizalio. <\/span><\/span><span class=\"jCAhz JxVs2d ChMk0b\"><span class=\"ryNqvb\">\u0160velniam valymui naudokite mink\u0161t\u0105j\u0105 medvilnin\u0119 \u0161luos\u010di\u0173 pus\u0119, o atkaklesn\u0117ms d\u0117m\u0117ms \u2013 sizalio pus\u0119.<\/span><\/span><\/p>\n<p style=\"text-align: left;\"><span class=\"jCAhz JxVs2d ChMk0b\"><span class=\"ryNqvb\">M\u016bs\u0173 \u0161luost\u0117s su medvilnine kilpa gali b\u016bti lengvai pakabinamos ant sienini\u0173 kabliuk\u0173 arba virtuv\u0117s spinteli\u0173. <\/span><\/span><span class=\"jCAhz JxVs2d ChMk0b\"><span class=\"ryNqvb\">Mes netgi \u012freng\u0117me savo ekologi\u0161kas valymo servet\u0117les su ki\u0161en\u0117l\u0117mis.<\/span><\/span> <span class=\"jCAhz JxVs2d ChMk0b\"><span class=\"ryNqvb\">\u012eki\u0161kite muilo gabal\u0117l\u012f ir naudokite \u0161i\u0105 universali\u0105 \u0161luost\u0119 kaip k\u016bno \u0161veitikl\u012f! <\/span><\/span><span class=\"jCAhz JxVs2d ChMk0b\"><span class=\"ryNqvb\">Supakuota \u012f paprast\u0105 perdirbam\u0105 kraftpopieriaus \u012fmaut\u0119.<\/span><\/span> <span class=\"jCAhz JxVs2d ChMk0b\"><span class=\"ryNqvb\">\u0160i universali valymo \u0161luost\u0117 yra ma\u017eo poveikio, tvari ir eti\u0161kai pagaminta.<\/span><\/span><\/p>","protected":false},"excerpt":{"rendered":"<p>Jungle Culture&#8217;i orgaaniliste k\u00f6\u00f6gi- ja vannitoapuhastuslappide valik on valmistatud sertifitseeritud orgaanilisest puuvillast ja looduslikust sisalist. Kasutage meie lappide pehmet puuvillast poolt \u00f5rnaks&hellip;<\/p>","protected":false},"featured_media":3934,"comment_status":"open","ping_status":"closed","template":"","meta":{"wprm-recipe-roundup-name":"","wprm-recipe-roundup-description":""},"product_brand":[12064],"product_cat":[163,247],"product_tag":[173],"class_list":{"0":"post-3933","1":"product","2":"type-product","3":"status-publish","4":"has-post-thumbnail","6":"product_brand-jungle-culture","7":"product_cat-kodutarbed","8":"product_cat-noud-ja-koogitarbed","9":"product_tag-ratik","11":"first","12":"instock","13":"taxable","14":"shipping-taxable","15":"purchasable","16":"product-type-variable"},"supplier_id":null,"supplier_sku":"","barcode":null,"atum_controlled":true,"out_stock_date":null,"out_stock_threshold":null,"inheritable":true,"inbound_stock":0,"stock_on_hold":0,"sold_today":0,"sales_last_days":0,"reserved_stock":0,"customer_returns":0,"warehouse_damage":0,"lost_in_post":0,"other_logs":0,"out_stock_days":0,"lost_sales":0,"has_location":false,"update_date":"2026-04-13T21:41:51","atum_locations":[],"atum_stock_status":"instock","restock_status":false,"low_stock_amount":"","sales_update_date":"2026-03-07T01:16:10","calc_backorders":null,"aioseo_notices":[],"_links":{"self":[{"href":"https:\/\/ecoshop.ee\/lt\/wp-json\/wp\/v2\/product\/3933","targetHints":{"allow":["GET"]}}],"collection":[{"href":"https:\/\/ecoshop.ee\/lt\/wp-json\/wp\/v2\/product"}],"about":[{"href":"https:\/\/ecoshop.ee\/lt\/wp-json\/wp\/v2\/types\/product"}],"replies":[{"embeddable":true,"href":"https:\/\/ecoshop.ee\/lt\/wp-json\/wp\/v2\/comments?post=3933"}],"version-history":[{"count":0,"href":"https:\/\/ecoshop.ee\/lt\/wp-json\/wp\/v2\/product\/3933\/revisions"}],"wp:featuredmedia":[{"embeddable":true,"href":"https:\/\/ecoshop.ee\/lt\/wp-json\/wp\/v2\/media\/3934"}],"wp:attachment":[{"href":"https:\/\/ecoshop.ee\/lt\/wp-json\/wp\/v2\/media?parent=3933"}],"wp:term":[{"taxonomy":"product_brand","embeddable":true,"href":"https:\/\/ecoshop.ee\/lt\/wp-json\/wp\/v2\/product_brand?post=3933"},{"taxonomy":"product_cat","embeddable":true,"href":"https:\/\/ecoshop.ee\/lt\/wp-json\/wp\/v2\/product_cat?post=3933"},{"taxonomy":"product_tag","embeddable":true,"href":"https:\/\/ecoshop.ee\/lt\/wp-json\/wp\/v2\/product_tag?post=3933"}],"curies":[{"name":"wp","href":"https:\/\/api.w.org\/{rel}","templated":true}]}}