{"id":395496,"date":"2026-04-15T16:44:52","date_gmt":"2026-04-15T13:44:52","guid":{"rendered":"https:\/\/ecoshop.ee\/maaratlemata\/hoofdkussen-wit-premium\/"},"modified":"2026-05-13T05:55:10","modified_gmt":"2026-05-13T02:55:10","slug":"bambusest-padi-valge-premium","status":"publish","type":"product","link":"https:\/\/ecoshop.ee\/lt\/bambusest-padjad\/bambusest-padi-valge-premium\/","title":{"rendered":"Bambuko pagalv\u0117 \u2013 Balta \u2013 Premium"},"content":{"rendered":"<p>Bambuko pagalv\u0117 suteikia i\u0161skirtin\u012f miego komfort\u0105, kuris prasideda jau pirm\u0105j\u0105 nakt\u012f. 100% ekologi\u0161ko bambuko pluo\u0161to u\u017evalkalas apgaubia pagalv\u0119 itin mink\u0161tu, \u0161ilkiniu pavir\u0161iumi, kuris yra laidus orui, sugeria dr\u0117gm\u0119 ir nat\u016braliai hipoalerginis. Bambukas sugeria dr\u0117gm\u0119 ir ilgiau i\u0161laiko pagalv\u0119 gaivi\u0105 ir maloniai kvepian\u010di\u0105 \u2013 ypa\u010d naudinga tiems, kurie gausiai prakaituoja nakt\u012f.<\/p>\n<ul>\n<li>Itin mink\u0161tas bambuko pluo\u0161to u\u017evalkalas \u2013 \u0161ilkinis ir \u0161velnus odai<\/li>\n<li>Temperat\u016bros reguliavimas \u2013 nat\u016bral\u016bs bambuko oro kanalai u\u017etikrina nuolatin\u0119 oro cirkuliacij\u0105<\/li>\n<li>Dr\u0117gm\u0119 sugerianti \u2013 pagalv\u0117 i\u0161lieka gaivi ir maloniai kvepianti<\/li>\n<li>Hipoalerginis ir antistatinis \u2013 tinka alergi\u0161kiems, astmai ir jautri\u0105 od\u0105 turintiems \u017emon\u0117ms<\/li>\n<li>Vidutinio kietumo \u2013 tinka \u012fvairioms miegojimo pozoms<\/li>\n<li>Sertifikuota pagal OEKO-TEX\u00ae, Ecocert ir Organic 100<\/li>\n<li>Skalbti skalbimo ma\u0161inoje \u2013 neprarandant kokyb\u0117s<\/li>\n<\/ul>\n<p><strong>Dydis:<\/strong><br \/>\n50 x 75 cm (1,6 kg)<\/p>\n<p><strong>Spalva: balta<\/strong><br \/>\nBalta spalva yra klasikinis ir \u0161varus pasirinkimas, tinkantis bet kokiam miegamajam. Grynas baltas atspalvis suteikia kambariui gaivumo, \u0161varos ir erdvumo poj\u016bt\u012f bei dera su visomis spalvomis ir dekoro stiliais.<\/p>\n<p><strong>Prie\u017ei\u016bra<\/strong><br \/>\nSkalbti \u0161velniu skalbikliu \u017eemoje temperat\u016broje. D\u017eiovinti ore arba d\u017eiovykl\u0117je \u0161velniausiu re\u017eimu.<\/p>\n<p><strong>K\u0105 mano klientai, \u012fsigij\u0119 produkt\u0105:<\/strong><br \/>\n\u201cGryna balta linin\u0117 med\u017eiaga, kuri ne\u012ftik\u0117tinai mink\u0161ta rankoje. Kokyb\u0117 daug geresn\u0117, nei tik\u0117jausi.\u201d<br \/>\n\u201cKlasikin\u0117 balta patalyn\u0117, kuri puikiai tinka m\u016bs\u0173 miegamajam. Med\u017eiaga \u0161velni kaip \u0161ilkas.\u201d<\/p>","protected":false},"excerpt":{"rendered":"<p>Bambusest padi pakub erakordset unemugavust, mis algab juba esimesel \u00f6\u00f6l. 100% orgaanilisest bambuskiust kate \u00fcmbritseb padi \u00fclipehme, siidja kattega mis on hingav,&hellip;<\/p>","protected":false},"featured_media":395495,"comment_status":"open","ping_status":"closed","template":"","meta":{"wprm-recipe-roundup-name":"","wprm-recipe-roundup-description":""},"product_brand":[],"product_cat":[12071],"product_tag":[12073,12182],"class_list":{"0":"post-395496","1":"product","2":"type-product","3":"status-publish","4":"has-post-thumbnail","6":"product_cat-bambusest-padjad","7":"product_tag-boomba-bamboo","8":"product_tag-hoofdkussens","9":"pa_brand-boomba-bamboo","11":"first","12":"instock","13":"taxable","14":"shipping-taxable","15":"purchasable","16":"product-type-simple"},"supplier_id":null,"supplier_sku":"","barcode":null,"atum_controlled":false,"out_stock_date":null,"out_stock_threshold":null,"inheritable":false,"inbound_stock":null,"stock_on_hold":null,"sold_today":null,"sales_last_days":null,"reserved_stock":null,"customer_returns":null,"warehouse_damage":null,"lost_in_post":null,"other_logs":null,"out_stock_days":null,"lost_sales":null,"has_location":false,"update_date":"2026-05-13T02:55:11","atum_locations":[],"atum_stock_status":"instock","restock_status":false,"low_stock_amount":"","sales_update_date":null,"calc_backorders":null,"aioseo_notices":[],"_links":{"self":[{"href":"https:\/\/ecoshop.ee\/lt\/wp-json\/wp\/v2\/product\/395496","targetHints":{"allow":["GET"]}}],"collection":[{"href":"https:\/\/ecoshop.ee\/lt\/wp-json\/wp\/v2\/product"}],"about":[{"href":"https:\/\/ecoshop.ee\/lt\/wp-json\/wp\/v2\/types\/product"}],"replies":[{"embeddable":true,"href":"https:\/\/ecoshop.ee\/lt\/wp-json\/wp\/v2\/comments?post=395496"}],"version-history":[{"count":3,"href":"https:\/\/ecoshop.ee\/lt\/wp-json\/wp\/v2\/product\/395496\/revisions"}],"predecessor-version":[{"id":395652,"href":"https:\/\/ecoshop.ee\/lt\/wp-json\/wp\/v2\/product\/395496\/revisions\/395652"}],"wp:featuredmedia":[{"embeddable":true,"href":"https:\/\/ecoshop.ee\/lt\/wp-json\/wp\/v2\/media\/395495"}],"wp:attachment":[{"href":"https:\/\/ecoshop.ee\/lt\/wp-json\/wp\/v2\/media?parent=395496"}],"wp:term":[{"taxonomy":"product_brand","embeddable":true,"href":"https:\/\/ecoshop.ee\/lt\/wp-json\/wp\/v2\/product_brand?post=395496"},{"taxonomy":"product_cat","embeddable":true,"href":"https:\/\/ecoshop.ee\/lt\/wp-json\/wp\/v2\/product_cat?post=395496"},{"taxonomy":"product_tag","embeddable":true,"href":"https:\/\/ecoshop.ee\/lt\/wp-json\/wp\/v2\/product_tag?post=395496"}],"curies":[{"name":"wp","href":"https:\/\/api.w.org\/{rel}","templated":true}]}}