{"id":396139,"date":"2026-05-08T21:26:40","date_gmt":"2026-05-08T18:26:40","guid":{"rendered":"https:\/\/ecoshop.ee\/?post_type=product&#038;p=396139"},"modified":"2026-05-08T21:48:50","modified_gmt":"2026-05-08T18:48:50","slug":"ekologiskas-minkstai-rukytas-tofu-180-g","status":"publish","type":"product","link":"https:\/\/ecoshop.ee\/lt\/tofu\/tofuto-pehme-suitsutatud-tofu-mahe-180g\/","title":{"rendered":"ToFuTo mink\u0161tai r\u016bkytas tofu, ekologi\u0161kas, 180 g"},"content":{"rendered":"<p>\u0160velnus, kreminis ir sodraus d\u016bmo aromato \u2013 ekologi\u0161kai r\u016bkytas ToFuTo tofu yra tikras delikatesas. Nat\u016bral\u016bs \u0105\u017euolo d\u016bmai suteikia \u0161iam tofui unikal\u0173, gil\u0173 skon\u012f, tod\u0117l j\u012f galima kepti ant groteli\u0173, kepti orkait\u0117je arba valgyti tiesiai i\u0161 pakuot\u0117s. Didelis baltym\u0173 kiekis (25 g vienoje pakuot\u0117je) daro j\u012f puikiu m\u0117sos pakaitalu j\u016bs\u0173 kasdieniame meniu. Be glitimo, augalin\u0117s kilm\u0117s ir sertifikuotas ekologi\u0161kas \u2013 puikus pasirinkimas tiems, kurie vertina skon\u012f ir kokyb\u0119.<\/p>","protected":false},"excerpt":{"rendered":"<p>Pehme, kreemjas ja rikkaliku suitsuaroomiga \u2013 ToFuTo mahe suitsutatud tofu on t\u00f5eline delikatess. Looduslik tammepuidu suits annab sellele tofule ainulaadse s\u00fcgava maitse,&hellip;<\/p>","protected":false},"featured_media":396140,"comment_status":"open","ping_status":"closed","template":"","meta":{"wprm-recipe-roundup-name":"","wprm-recipe-roundup-description":""},"product_brand":[],"product_cat":[379],"product_tag":[5781],"class_list":{"0":"post-396139","1":"product","2":"type-product","3":"status-publish","4":"has-post-thumbnail","6":"product_cat-tofu","7":"product_tag-tofu","8":"j79_wcxd_expiry_type-best-before","10":"first","11":"instock","12":"taxable","13":"shipping-taxable","14":"purchasable","15":"product-type-simple"},"supplier_id":9165,"supplier_sku":"","barcode":"3800233784039","atum_controlled":true,"out_stock_date":null,"out_stock_threshold":null,"inheritable":false,"inbound_stock":null,"stock_on_hold":null,"sold_today":null,"sales_last_days":null,"reserved_stock":null,"customer_returns":null,"warehouse_damage":null,"lost_in_post":null,"other_logs":null,"out_stock_days":null,"lost_sales":null,"has_location":false,"update_date":"2026-05-08T18:48:51","atum_locations":[],"atum_stock_status":"instock","restock_status":false,"low_stock_amount":"","sales_update_date":null,"calc_backorders":null,"aioseo_notices":[],"_links":{"self":[{"href":"https:\/\/ecoshop.ee\/lt\/wp-json\/wp\/v2\/product\/396139","targetHints":{"allow":["GET"]}}],"collection":[{"href":"https:\/\/ecoshop.ee\/lt\/wp-json\/wp\/v2\/product"}],"about":[{"href":"https:\/\/ecoshop.ee\/lt\/wp-json\/wp\/v2\/types\/product"}],"replies":[{"embeddable":true,"href":"https:\/\/ecoshop.ee\/lt\/wp-json\/wp\/v2\/comments?post=396139"}],"version-history":[{"count":2,"href":"https:\/\/ecoshop.ee\/lt\/wp-json\/wp\/v2\/product\/396139\/revisions"}],"predecessor-version":[{"id":396146,"href":"https:\/\/ecoshop.ee\/lt\/wp-json\/wp\/v2\/product\/396139\/revisions\/396146"}],"wp:featuredmedia":[{"embeddable":true,"href":"https:\/\/ecoshop.ee\/lt\/wp-json\/wp\/v2\/media\/396140"}],"wp:attachment":[{"href":"https:\/\/ecoshop.ee\/lt\/wp-json\/wp\/v2\/media?parent=396139"}],"wp:term":[{"taxonomy":"product_brand","embeddable":true,"href":"https:\/\/ecoshop.ee\/lt\/wp-json\/wp\/v2\/product_brand?post=396139"},{"taxonomy":"product_cat","embeddable":true,"href":"https:\/\/ecoshop.ee\/lt\/wp-json\/wp\/v2\/product_cat?post=396139"},{"taxonomy":"product_tag","embeddable":true,"href":"https:\/\/ecoshop.ee\/lt\/wp-json\/wp\/v2\/product_tag?post=396139"}],"curies":[{"name":"wp","href":"https:\/\/api.w.org\/{rel}","templated":true}]}}