{"id":3992,"date":"2024-06-03T20:55:46","date_gmt":"2024-06-03T17:55:46","guid":{"rendered":"https:\/\/ecoshop.ee\/?post_type=product&#038;p=3992"},"modified":"2025-10-20T23:09:06","modified_gmt":"2025-10-20T20:09:06","slug":"nissin-veganiski-greito-paruosimo-miso-makaronai-100-g","status":"publish","type":"product","link":"https:\/\/ecoshop.ee\/lt\/sahvrikaubad\/nissin-miso-vegan-kiirnuudlid-100g\/","title":{"rendered":"Nissin Miso vegani\u0161ki greito paruo\u0161imo makaronai, 100 g"},"content":{"rendered":"<p>Nissin Miso vegani\u0161ki greitai paruo\u0161iami makaronai si\u016blo unikal\u0173 malonum\u0105, derindami gard\u0173 miso skon\u012f su keptais sezamais, imbieru, kepintais svog\u016bnais, \u010desnakais ir autenti\u0161kais Azijos prieskoniais \u2013 patirkite autenti\u0161k\u0105 ramen sriubos skon\u012f savo namuose ar biure. Nissini greitai paruo\u0161iami makaronai pabr\u0117\u017eia Azijos kulinarin\u0119 \u012fvairov\u0119 ir si\u016blo unikal\u0173 skon\u012f vos per kelias minutes. Nissin Demae Ramen Miso greitai paruo\u0161iami makaronai yra ne tik greitai ir lengvai paruo\u0161iami, bet ir nuostabiai original\u016bs bei skan\u016bs.<\/p>","protected":false},"excerpt":{"rendered":"<p>Nissin Miso vegan kiirnuudlid pakuvad unikaalset naudingut, \u00fchendades maitsva miso maitse r\u00f6stitud seesami, ingveri, r\u00f6stitud sibula, k\u00fc\u00fcslaugu ja ehtsate Aasia v\u00fcrtsidega &#8211;&hellip;<\/p>","protected":false},"featured_media":3993,"comment_status":"open","ping_status":"closed","template":"","meta":{"wprm-recipe-roundup-name":"","wprm-recipe-roundup-description":""},"product_brand":[12023],"product_cat":[363,323,240,161],"product_tag":[162],"class_list":{"0":"post-3992","1":"product","2":"type-product","3":"status-publish","4":"has-post-thumbnail","6":"product_brand-nissin","7":"product_cat-pastad-ja-nuudlid","8":"product_cat-kupsetussegud-ja-kuivained","9":"product_cat-allahinnatud","10":"product_cat-sahvrikaubad","11":"product_tag-kiirnuudlid","12":"j79_wcxd_expiry_type-best-before","14":"first","15":"outofstock","16":"sale","17":"taxable","18":"shipping-taxable","19":"purchasable","20":"product-type-simple"},"supplier_id":9158,"supplier_sku":"","barcode":"5997523335410","atum_controlled":true,"out_stock_date":"2025-10-20 23:09:06","out_stock_threshold":null,"inheritable":false,"inbound_stock":0,"stock_on_hold":0,"sold_today":0,"sales_last_days":0,"reserved_stock":0,"customer_returns":0,"warehouse_damage":0,"lost_in_post":0,"other_logs":0,"out_stock_days":137,"lost_sales":0,"has_location":false,"update_date":"2026-03-07T01:16:02","atum_locations":[],"atum_stock_status":"outofstock","restock_status":false,"low_stock_amount":"","sales_update_date":"2026-03-07T01:16:02","calc_backorders":null,"aioseo_notices":[],"_links":{"self":[{"href":"https:\/\/ecoshop.ee\/lt\/wp-json\/wp\/v2\/product\/3992","targetHints":{"allow":["GET"]}}],"collection":[{"href":"https:\/\/ecoshop.ee\/lt\/wp-json\/wp\/v2\/product"}],"about":[{"href":"https:\/\/ecoshop.ee\/lt\/wp-json\/wp\/v2\/types\/product"}],"replies":[{"embeddable":true,"href":"https:\/\/ecoshop.ee\/lt\/wp-json\/wp\/v2\/comments?post=3992"}],"version-history":[{"count":0,"href":"https:\/\/ecoshop.ee\/lt\/wp-json\/wp\/v2\/product\/3992\/revisions"}],"wp:featuredmedia":[{"embeddable":true,"href":"https:\/\/ecoshop.ee\/lt\/wp-json\/wp\/v2\/media\/3993"}],"wp:attachment":[{"href":"https:\/\/ecoshop.ee\/lt\/wp-json\/wp\/v2\/media?parent=3992"}],"wp:term":[{"taxonomy":"product_brand","embeddable":true,"href":"https:\/\/ecoshop.ee\/lt\/wp-json\/wp\/v2\/product_brand?post=3992"},{"taxonomy":"product_cat","embeddable":true,"href":"https:\/\/ecoshop.ee\/lt\/wp-json\/wp\/v2\/product_cat?post=3992"},{"taxonomy":"product_tag","embeddable":true,"href":"https:\/\/ecoshop.ee\/lt\/wp-json\/wp\/v2\/product_tag?post=3992"}],"curies":[{"name":"wp","href":"https:\/\/api.w.org\/{rel}","templated":true}]}}