{"id":4253,"date":"2024-06-11T01:36:04","date_gmt":"2024-06-10T22:36:04","guid":{"rendered":"https:\/\/ecoshop.ee\/?post_type=product&#038;p=4253"},"modified":"2026-04-14T00:41:45","modified_gmt":"2026-04-13T21:41:45","slug":"daugkartinio-naudojimo-nerudijancio-plieno-vandens-butelis-650-ml","status":"publish","type":"product","link":"https:\/\/ecoshop.ee\/lt\/korduvkasutus\/roostevabast-terasest-korduvkasutatav-veepudel-650ml\/","title":{"rendered":"Daugkartinio naudojimo ner\u016bdijan\u010dio plieno vandens butelis, 650 ml"},"content":{"rendered":"<p>Metalinis daugkartinio naudojimo vandens butelis \u201eJungle Culture\u201c yra vakuumi\u0161kai izoliuotas ir dvigubomis sienel\u0117mis, tod\u0117l skys\u010diai i\u0161lieka \u0161alti 24 valandas, o kar\u0161ti \u2013 12 valand\u0173!<\/p>\n<p>Mes naudojame profesionalios kokyb\u0117s ner\u016bdijant\u012f plien\u0105, kuris u\u017etikrina, kad buteliai b\u016bt\u0173 patvar\u016bs, atspar\u016bs r\u016bdims ir nepralaid\u016bs.<\/p>\n<p>M\u016bs\u0173 auk\u0161tos kokyb\u0117s med\u017eiagos nei\u0161laiko g\u0117rim\u0173 skonio, o matin\u0117 apdaila pa\u0161alina kondensacij\u0105 ir u\u017etikrina patog\u0173 su\u0117mim\u0105. Visi m\u016bs\u0173 metaliniai vandens buteliai be plastiko turi sandar\u0173 dangtel\u012f, kuris apsaugo nuo pratek\u0117jimo ir i\u0161siliejimo.<\/p>\n<ul>\n<li><strong>Tvarus ir be atliek\u0173<\/strong>Supakuota \u012f perdirbto kraftpopieriaus d\u0117\u017eutes ir apvyniota perdirbtu popieriumi.<\/li>\n<li><strong>Dvigubos sienel\u0117s izoliuotas ner\u016bdijantis plienas<\/strong>Kar\u0161tus g\u0117rimus i\u0161laikykite kar\u0161tus, o \u0161altus \u2013 \u0161altus, kad nenusidegintum\u0117te rank\u0173. Dangtelis su silikoniniu sandarikliu.<\/li>\n<li><strong>Sukurta kelion\u0117ms<\/strong>Lengvas ir patvarus dizainas, telpantis \u012f daugumos kuprini\u0173 \u0161onines ki\u0161enes.<\/li>\n<li><strong>Talpa ir matmenys<\/strong>Talpa: 650 ml, auk\u0161tis 30,5 cm, svoris 500 g.<\/li>\n<\/ul>","protected":false},"excerpt":{"rendered":"<p>Jungle Culture metallist korduvkasutatav veepudel on vaakumisolatsiooniga ja topelt seinaga, hoides vedelikud k\u00fclmana 24 tundi ja kuumana 12 tundi! Kasutame professionaalse kvaliteediga&hellip;<\/p>","protected":false},"featured_media":4254,"comment_status":"open","ping_status":"closed","template":"","meta":{"wprm-recipe-roundup-name":"","wprm-recipe-roundup-description":""},"product_brand":[12064],"product_cat":[163,248],"product_tag":[203],"class_list":{"0":"post-4253","1":"product","2":"type-product","3":"status-publish","4":"has-post-thumbnail","6":"product_brand-jungle-culture","7":"product_cat-kodutarbed","8":"product_cat-korduvkasutus","9":"product_tag-pudel","11":"first","12":"instock","13":"taxable","14":"shipping-taxable","15":"purchasable","16":"product-type-variable"},"supplier_id":null,"supplier_sku":"","barcode":null,"atum_controlled":true,"out_stock_date":null,"out_stock_threshold":null,"inheritable":true,"inbound_stock":0,"stock_on_hold":0,"sold_today":0,"sales_last_days":0,"reserved_stock":0,"customer_returns":0,"warehouse_damage":0,"lost_in_post":0,"other_logs":0,"out_stock_days":0,"lost_sales":0,"has_location":false,"update_date":"2026-04-13T21:41:46","atum_locations":[],"atum_stock_status":"instock","restock_status":false,"low_stock_amount":"","sales_update_date":"2026-03-07T01:16:08","calc_backorders":null,"aioseo_notices":[],"_links":{"self":[{"href":"https:\/\/ecoshop.ee\/lt\/wp-json\/wp\/v2\/product\/4253","targetHints":{"allow":["GET"]}}],"collection":[{"href":"https:\/\/ecoshop.ee\/lt\/wp-json\/wp\/v2\/product"}],"about":[{"href":"https:\/\/ecoshop.ee\/lt\/wp-json\/wp\/v2\/types\/product"}],"replies":[{"embeddable":true,"href":"https:\/\/ecoshop.ee\/lt\/wp-json\/wp\/v2\/comments?post=4253"}],"version-history":[{"count":0,"href":"https:\/\/ecoshop.ee\/lt\/wp-json\/wp\/v2\/product\/4253\/revisions"}],"wp:featuredmedia":[{"embeddable":true,"href":"https:\/\/ecoshop.ee\/lt\/wp-json\/wp\/v2\/media\/4254"}],"wp:attachment":[{"href":"https:\/\/ecoshop.ee\/lt\/wp-json\/wp\/v2\/media?parent=4253"}],"wp:term":[{"taxonomy":"product_brand","embeddable":true,"href":"https:\/\/ecoshop.ee\/lt\/wp-json\/wp\/v2\/product_brand?post=4253"},{"taxonomy":"product_cat","embeddable":true,"href":"https:\/\/ecoshop.ee\/lt\/wp-json\/wp\/v2\/product_cat?post=4253"},{"taxonomy":"product_tag","embeddable":true,"href":"https:\/\/ecoshop.ee\/lt\/wp-json\/wp\/v2\/product_tag?post=4253"}],"curies":[{"name":"wp","href":"https:\/\/api.w.org\/{rel}","templated":true}]}}