{"id":4468,"date":"2024-06-14T23:41:51","date_gmt":"2024-06-14T20:41:51","guid":{"rendered":"https:\/\/ecoshop.ee\/?post_type=product&#038;p=4468"},"modified":"2026-04-14T00:41:14","modified_gmt":"2026-04-13T21:41:14","slug":"skutimosi-peiliukai-10-vnt","status":"publish","type":"product","link":"https:\/\/ecoshop.ee\/lt\/raseerimistarvikud\/raseerija-terad-10tk\/","title":{"rendered":"Skustuvo peiliukai, 10 vnt."},"content":{"rendered":"<p>\u201eJungle Culture Double Edge Razorrimi\u201c peiliukai pagaminti i\u0161 auk\u0161tos kokyb\u0117s \u0161vedi\u0161ko ner\u016bdijan\u010dio plieno. M\u016bs\u0173 nulin\u0117s atliekos skutimosi peiliukai supakuoti \u012f plastiko neturin\u010dias perdirbto kraftpopieriaus d\u0117\u017eutes.<\/p>\n<p>\u0160ie skutimosi peiliukai tinka visiems klasikiniams skustuvams.<\/p>\n<p>Vienoje pakuot\u0117je yra 10 gr\u016bd\u0173.<\/p>","protected":false},"excerpt":{"rendered":"<p>Jungle Culture topeltservaga raseerimisterad on valmistatud kvaliteetsest Rootsi roostevabast terasest. Meie nullj\u00e4\u00e4tmetega raseerija terad on pakendatud plastivabalt taaskasutatud kraftpaberist karpidesse. Need raseerimisterad&hellip;<\/p>","protected":false},"featured_media":4469,"comment_status":"open","ping_status":"closed","template":"","meta":{"wprm-recipe-roundup-name":"","wprm-recipe-roundup-description":""},"product_brand":[12064],"product_cat":[163,281],"product_tag":[191],"class_list":{"0":"post-4468","1":"product","2":"type-product","3":"status-publish","4":"has-post-thumbnail","6":"product_brand-jungle-culture","7":"product_cat-kodutarbed","8":"product_cat-raseerimistarvikud","9":"product_tag-terad","11":"first","12":"instock","13":"taxable","14":"shipping-taxable","15":"purchasable","16":"product-type-simple"},"supplier_id":9133,"supplier_sku":"","barcode":null,"atum_controlled":true,"out_stock_date":null,"out_stock_threshold":null,"inheritable":false,"inbound_stock":0,"stock_on_hold":0,"sold_today":0,"sales_last_days":2,"reserved_stock":0,"customer_returns":0,"warehouse_damage":0,"lost_in_post":0,"other_logs":0,"out_stock_days":0,"lost_sales":0,"has_location":false,"update_date":"2026-04-13T21:41:15","atum_locations":[],"atum_stock_status":"instock","restock_status":false,"low_stock_amount":"","sales_update_date":"2026-03-26T14:33:03","calc_backorders":null,"aioseo_notices":[],"_links":{"self":[{"href":"https:\/\/ecoshop.ee\/lt\/wp-json\/wp\/v2\/product\/4468","targetHints":{"allow":["GET"]}}],"collection":[{"href":"https:\/\/ecoshop.ee\/lt\/wp-json\/wp\/v2\/product"}],"about":[{"href":"https:\/\/ecoshop.ee\/lt\/wp-json\/wp\/v2\/types\/product"}],"replies":[{"embeddable":true,"href":"https:\/\/ecoshop.ee\/lt\/wp-json\/wp\/v2\/comments?post=4468"}],"version-history":[{"count":0,"href":"https:\/\/ecoshop.ee\/lt\/wp-json\/wp\/v2\/product\/4468\/revisions"}],"wp:featuredmedia":[{"embeddable":true,"href":"https:\/\/ecoshop.ee\/lt\/wp-json\/wp\/v2\/media\/4469"}],"wp:attachment":[{"href":"https:\/\/ecoshop.ee\/lt\/wp-json\/wp\/v2\/media?parent=4468"}],"wp:term":[{"taxonomy":"product_brand","embeddable":true,"href":"https:\/\/ecoshop.ee\/lt\/wp-json\/wp\/v2\/product_brand?post=4468"},{"taxonomy":"product_cat","embeddable":true,"href":"https:\/\/ecoshop.ee\/lt\/wp-json\/wp\/v2\/product_cat?post=4468"},{"taxonomy":"product_tag","embeddable":true,"href":"https:\/\/ecoshop.ee\/lt\/wp-json\/wp\/v2\/product_tag?post=4468"}],"curies":[{"name":"wp","href":"https:\/\/api.w.org\/{rel}","templated":true}]}}