{"id":4501,"date":"2024-06-17T22:22:45","date_gmt":"2024-06-17T19:22:45","guid":{"rendered":"https:\/\/ecoshop.ee\/?post_type=product&#038;p=4501"},"modified":"2026-04-14T00:43:57","modified_gmt":"2026-04-13T21:43:57","slug":"daugkartinio-naudojimo-klasikinis-metalinis-skustuvas-10-asmenu","status":"publish","type":"product","link":"https:\/\/ecoshop.ee\/lt\/raseerijad\/korduvkasutatav-klassikaline-metallist-raseerija-10-tera\/","title":{"rendered":"Daugkartinio naudojimo klasikinis metalinis skustuvas + 10 a\u0161men\u0173"},"content":{"rendered":"<p><span class=\"jCAhz JxVs2d ChMk0b\"><span class=\"ryNqvb\">M\u016bs\u0173 pastelini\u0173 spalv\u0173 ir ekologi\u0161ki metaliniai skustuvai skirti tiek vyrams, tiek moterims. Jie yra tiksliai sukurti taip, kad skutimosi metu b\u016bt\u0173 sklandus ir patogus, be joki\u0173 atliek\u0173. <\/span><\/span><span class=\"jCAhz JxVs2d ChMk0b\"><span class=\"ryNqvb\">Kiekvienas ekologi\u0161kas ir saugus skustuvas pasi\u017eymi tekst\u016bruota, ilga chromuota rankena, kuri yra puikiai subalansuota, kad geriau pasiekt\u0173 sunkiai pasiekiamas vietas, skust\u0173si saugiai ir kaskart u\u017etikrint\u0173 tobulai glotn\u0173 rezultat\u0105.<br \/>\n<\/span><\/span><\/p>\n<p>&nbsp;<\/p>\n<p><strong><span class=\"jCAhz JxVs2d ChMk0b\"><span class=\"ryNqvb\">\u012e rinkin\u012f \u012feina:<\/span><\/span><\/strong><\/p>\n<ul>\n<li><span class=\"jCAhz JxVs2d ChMk0b\"><span class=\"ryNqvb\">1 metalinis skustuvas<\/span><\/span><\/li>\n<li><span class=\"jCAhz JxVs2d ChMk0b\"><span class=\"ryNqvb\">10 skutimosi peiliuk\u0173<\/span><\/span><\/li>\n<li><span class=\"jCAhz JxVs2d ChMk0b\"><span class=\"ryNqvb\">1 dovan\u0173 d\u0117\u017eut\u0117<\/span><\/span><\/li>\n<\/ul>","protected":false},"excerpt":{"rendered":"<p>Meie pastelsetes toonides ja keskkonnas\u00f5bralikud metallist raseerijad on nii meestele kui naistele. Need on t\u00e4pselt v\u00e4lja t\u00f6\u00f6tatud pakkumaks sujuvat ja mugavat j\u00e4\u00e4tmeteta&hellip;<\/p>","protected":false},"featured_media":6454,"comment_status":"open","ping_status":"closed","template":"","meta":{"wprm-recipe-roundup-name":"","wprm-recipe-roundup-description":""},"product_brand":[12064],"product_cat":[163,280],"product_tag":[190],"class_list":{"0":"post-4501","1":"product","2":"type-product","3":"status-publish","4":"has-post-thumbnail","6":"product_brand-jungle-culture","7":"product_cat-kodutarbed","8":"product_cat-raseerijad","9":"product_tag-raseerija","11":"first","12":"instock","13":"sale","14":"taxable","15":"shipping-taxable","16":"purchasable","17":"product-type-variable"},"supplier_id":null,"supplier_sku":"","barcode":null,"atum_controlled":true,"out_stock_date":null,"out_stock_threshold":null,"inheritable":true,"inbound_stock":0,"stock_on_hold":0,"sold_today":0,"sales_last_days":0,"reserved_stock":0,"customer_returns":0,"warehouse_damage":0,"lost_in_post":0,"other_logs":0,"out_stock_days":0,"lost_sales":0,"has_location":false,"update_date":"2026-04-13T21:43:57","atum_locations":[],"atum_stock_status":"instock","restock_status":false,"low_stock_amount":"","sales_update_date":"2026-03-07T01:16:08","calc_backorders":null,"aioseo_notices":[],"_links":{"self":[{"href":"https:\/\/ecoshop.ee\/lt\/wp-json\/wp\/v2\/product\/4501","targetHints":{"allow":["GET"]}}],"collection":[{"href":"https:\/\/ecoshop.ee\/lt\/wp-json\/wp\/v2\/product"}],"about":[{"href":"https:\/\/ecoshop.ee\/lt\/wp-json\/wp\/v2\/types\/product"}],"replies":[{"embeddable":true,"href":"https:\/\/ecoshop.ee\/lt\/wp-json\/wp\/v2\/comments?post=4501"}],"version-history":[{"count":0,"href":"https:\/\/ecoshop.ee\/lt\/wp-json\/wp\/v2\/product\/4501\/revisions"}],"wp:featuredmedia":[{"embeddable":true,"href":"https:\/\/ecoshop.ee\/lt\/wp-json\/wp\/v2\/media\/6454"}],"wp:attachment":[{"href":"https:\/\/ecoshop.ee\/lt\/wp-json\/wp\/v2\/media?parent=4501"}],"wp:term":[{"taxonomy":"product_brand","embeddable":true,"href":"https:\/\/ecoshop.ee\/lt\/wp-json\/wp\/v2\/product_brand?post=4501"},{"taxonomy":"product_cat","embeddable":true,"href":"https:\/\/ecoshop.ee\/lt\/wp-json\/wp\/v2\/product_cat?post=4501"},{"taxonomy":"product_tag","embeddable":true,"href":"https:\/\/ecoshop.ee\/lt\/wp-json\/wp\/v2\/product_tag?post=4501"}],"curies":[{"name":"wp","href":"https:\/\/api.w.org\/{rel}","templated":true}]}}