{"id":4518,"date":"2024-06-18T01:57:03","date_gmt":"2024-06-17T22:57:03","guid":{"rendered":"https:\/\/ecoshop.ee\/?post_type=product&#038;p=4518"},"modified":"2026-04-14T00:47:21","modified_gmt":"2026-04-13T21:47:21","slug":"bambuko-siaudeliai-12-vnt","status":"publish","type":"product","link":"https:\/\/ecoshop.ee\/lt\/korduvkasutus\/bambusest-korred-12tk\/","title":{"rendered":"Bambuko \u0161iaudeliai, 12 vnt."},"content":{"rendered":"<p>D\u017eiungli\u0173 \u0161iaudelius gamina vietos amatininkai ma\u017eame \u0161eimos versle Vietnamo kaime. \u0160ie daugkartinio naudojimo bambuko \u0161iaudeliai yra ekologi\u0161ka ir tvari alternatyva plastikiniams \u0161iaudeliams, pagaminti nenaudojant kenksming\u0173 pesticid\u0173 ar chemikal\u0173. Visas gamybos procesas yra saugus, netoksi\u0161kas ir visi\u0161kai ekologi\u0161kas (sertifikuotas SGS).<\/p>\n<p>100% ekologi\u0161kas, nat\u016bralus, biologi\u0161kai skaidus ir kompostuojamas.<br \/>\nIdealus ekologi\u0161kas rinkinys \u0161eimai.<br \/>\nBe BPA \u2013 m\u016bs\u0173 bambuko auginimui nenaudojamos jokios chemin\u0117s med\u017eiagos ar pesticidai.<br \/>\nDaugkartinio naudojimo \u0161iaudeliai \u2013 gali b\u016bti naudojami \u0161imtus, o gal net t\u016bkstan\u010dius kart\u0173.<br \/>\nGalima plauti indaplov\u0117je.<\/p>\n<p><strong><span class=\"jCAhz JxVs2d ChMk0b\"><span class=\"ryNqvb\">\u012e rinkin\u012f \u012feina:<\/span><\/span><\/strong><\/p>\n<ul>\n<li><span class=\"jCAhz JxVs2d ChMk0b\"><span class=\"ryNqvb\">12 bambuko geriam\u0173j\u0173 \u0161iaudeli\u0173<\/span><\/span><\/li>\n<li><span class=\"jCAhz JxVs2d ChMk0b\"><span class=\"ryNqvb\">1 d\u017eiuto laikymo krep\u0161ys (rudas)<\/span><\/span><\/li>\n<li><span class=\"jCAhz JxVs2d ChMk0b\"><span class=\"ryNqvb\">1 d\u017eiuto \u0161iaudeli\u0173 laikymo krep\u0161ys (baltas, telpa 2 \u0161iaudeliai)<\/span><\/span><\/li>\n<li><span class=\"jCAhz JxVs2d ChMk0b\"><span class=\"ryNqvb\">1 valymo \u0161epet\u0117lis<\/span><\/span><\/li>\n<\/ul>","protected":false},"excerpt":{"rendered":"<p>Jungle Straws on toodetud kohalike k\u00e4sit\u00f6\u00f6liste poolt v\u00e4ikeses pereettev\u00f5ttes Vietnami maapiirkonnas. Need korduvkasutatavad bambusest k\u00f5rred on looduss\u00f5bralik ja j\u00e4tkusuutlik alternatiiv plastikk\u00f5rtele, valmistatud&hellip;<\/p>","protected":false},"featured_media":4519,"comment_status":"open","ping_status":"closed","template":"","meta":{"wprm-recipe-roundup-name":"","wprm-recipe-roundup-description":""},"product_brand":[12064],"product_cat":[163,248,247],"product_tag":[195],"class_list":{"0":"post-4518","1":"product","2":"type-product","3":"status-publish","4":"has-post-thumbnail","6":"product_brand-jungle-culture","7":"product_cat-kodutarbed","8":"product_cat-korduvkasutus","9":"product_cat-noud-ja-koogitarbed","10":"product_tag-korred","12":"first","13":"instock","14":"taxable","15":"shipping-taxable","16":"purchasable","17":"product-type-simple"},"supplier_id":9133,"supplier_sku":"","barcode":null,"atum_controlled":true,"out_stock_date":null,"out_stock_threshold":null,"inheritable":false,"inbound_stock":0,"stock_on_hold":0,"sold_today":0,"sales_last_days":0,"reserved_stock":0,"customer_returns":0,"warehouse_damage":0,"lost_in_post":0,"other_logs":0,"out_stock_days":0,"lost_sales":0,"has_location":false,"update_date":"2026-04-13T21:47:22","atum_locations":[],"atum_stock_status":"instock","restock_status":false,"low_stock_amount":"","sales_update_date":"2026-03-07T01:16:04","calc_backorders":null,"aioseo_notices":[],"_links":{"self":[{"href":"https:\/\/ecoshop.ee\/lt\/wp-json\/wp\/v2\/product\/4518","targetHints":{"allow":["GET"]}}],"collection":[{"href":"https:\/\/ecoshop.ee\/lt\/wp-json\/wp\/v2\/product"}],"about":[{"href":"https:\/\/ecoshop.ee\/lt\/wp-json\/wp\/v2\/types\/product"}],"replies":[{"embeddable":true,"href":"https:\/\/ecoshop.ee\/lt\/wp-json\/wp\/v2\/comments?post=4518"}],"version-history":[{"count":0,"href":"https:\/\/ecoshop.ee\/lt\/wp-json\/wp\/v2\/product\/4518\/revisions"}],"wp:featuredmedia":[{"embeddable":true,"href":"https:\/\/ecoshop.ee\/lt\/wp-json\/wp\/v2\/media\/4519"}],"wp:attachment":[{"href":"https:\/\/ecoshop.ee\/lt\/wp-json\/wp\/v2\/media?parent=4518"}],"wp:term":[{"taxonomy":"product_brand","embeddable":true,"href":"https:\/\/ecoshop.ee\/lt\/wp-json\/wp\/v2\/product_brand?post=4518"},{"taxonomy":"product_cat","embeddable":true,"href":"https:\/\/ecoshop.ee\/lt\/wp-json\/wp\/v2\/product_cat?post=4518"},{"taxonomy":"product_tag","embeddable":true,"href":"https:\/\/ecoshop.ee\/lt\/wp-json\/wp\/v2\/product_tag?post=4518"}],"curies":[{"name":"wp","href":"https:\/\/api.w.org\/{rel}","templated":true}]}}