{"id":4576,"date":"2024-06-20T00:39:46","date_gmt":"2024-06-19T21:39:46","guid":{"rendered":"https:\/\/ecoshop.ee\/?post_type=product&#038;p=4576"},"modified":"2026-04-14T00:47:16","modified_gmt":"2026-04-13T21:47:16","slug":"nerudijancio-plieno-strypai","status":"publish","type":"product","link":"https:\/\/ecoshop.ee\/lt\/korduvkasutus\/roostevabast-terasest-korred\/","title":{"rendered":"Ner\u016bdijan\u010dio plieno \u0161iaudeliai"},"content":{"rendered":"<p>Pagaminti i\u0161 FDA patvirtinto maistinio plieno, \u0161ie metaliniai \u0161iaudeliai yra daugkartinio naudojimo ir patvar\u016bs. Juos taip pat galima plauti indaplov\u0117je, kad b\u016bt\u0173 lengva pri\u017ei\u016br\u0117ti. Jie yra keturi\u0173 eleganti\u0161k\u0173 spalv\u0173 ir dviej\u0173 dyd\u017ei\u0173.<\/p>\n<p>Rinkit\u0117s m\u016bs\u0173 ner\u016bdijan\u010dio plieno \u0161iaudelius, kad savo kasdienybei suteiktum\u0117te tvarumo ir elegancijos!<\/p>\n<p>&nbsp;<\/p>\n<p><strong>\u012eskai\u010diuota:<\/strong><\/p>\n<ul>\n<li>1 ner\u016bdijan\u010dio plieno \u0161iaudelis<\/li>\n<\/ul>","protected":false},"excerpt":{"rendered":"<p>Need metallist k\u00f5rred on valmistatud FDA poolt heakskiidetud toidukvaliteediga terasest, ning on l\u00f5putult taaskasutatavad ja vastupidavad. Lisaks on need n\u00f5udepesumasinas pestavad ja&hellip;<\/p>","protected":false},"featured_media":4578,"comment_status":"open","ping_status":"closed","template":"","meta":{"wprm-recipe-roundup-name":"","wprm-recipe-roundup-description":""},"product_brand":[12064],"product_cat":[163,248,247],"product_tag":[195],"class_list":{"0":"post-4576","1":"product","2":"type-product","3":"status-publish","4":"has-post-thumbnail","6":"product_brand-jungle-culture","7":"product_cat-kodutarbed","8":"product_cat-korduvkasutus","9":"product_cat-noud-ja-koogitarbed","10":"product_tag-korred","12":"first","13":"instock","14":"taxable","15":"shipping-taxable","16":"purchasable","17":"product-type-variable"},"supplier_id":null,"supplier_sku":"","barcode":null,"atum_controlled":true,"out_stock_date":null,"out_stock_threshold":null,"inheritable":true,"inbound_stock":0,"stock_on_hold":0,"sold_today":0,"sales_last_days":0,"reserved_stock":0,"customer_returns":0,"warehouse_damage":0,"lost_in_post":0,"other_logs":0,"out_stock_days":0,"lost_sales":0,"has_location":false,"update_date":"2026-04-13T21:47:16","atum_locations":[],"atum_stock_status":"instock","restock_status":false,"low_stock_amount":"","sales_update_date":"2026-03-07T01:16:08","calc_backorders":null,"aioseo_notices":[],"_links":{"self":[{"href":"https:\/\/ecoshop.ee\/lt\/wp-json\/wp\/v2\/product\/4576","targetHints":{"allow":["GET"]}}],"collection":[{"href":"https:\/\/ecoshop.ee\/lt\/wp-json\/wp\/v2\/product"}],"about":[{"href":"https:\/\/ecoshop.ee\/lt\/wp-json\/wp\/v2\/types\/product"}],"replies":[{"embeddable":true,"href":"https:\/\/ecoshop.ee\/lt\/wp-json\/wp\/v2\/comments?post=4576"}],"version-history":[{"count":0,"href":"https:\/\/ecoshop.ee\/lt\/wp-json\/wp\/v2\/product\/4576\/revisions"}],"wp:featuredmedia":[{"embeddable":true,"href":"https:\/\/ecoshop.ee\/lt\/wp-json\/wp\/v2\/media\/4578"}],"wp:attachment":[{"href":"https:\/\/ecoshop.ee\/lt\/wp-json\/wp\/v2\/media?parent=4576"}],"wp:term":[{"taxonomy":"product_brand","embeddable":true,"href":"https:\/\/ecoshop.ee\/lt\/wp-json\/wp\/v2\/product_brand?post=4576"},{"taxonomy":"product_cat","embeddable":true,"href":"https:\/\/ecoshop.ee\/lt\/wp-json\/wp\/v2\/product_cat?post=4576"},{"taxonomy":"product_tag","embeddable":true,"href":"https:\/\/ecoshop.ee\/lt\/wp-json\/wp\/v2\/product_tag?post=4576"}],"curies":[{"name":"wp","href":"https:\/\/api.w.org\/{rel}","templated":true}]}}