{"id":4622,"date":"2024-06-21T22:02:03","date_gmt":"2024-06-21T19:02:03","guid":{"rendered":"https:\/\/ecoshop.ee\/?post_type=product&#038;p=4622"},"modified":"2026-04-14T00:47:11","modified_gmt":"2026-04-13T21:47:11","slug":"vandenyno-ikveptas-daugkartinio-naudojimo-valymo-rinkinys","status":"publish","type":"product","link":"https:\/\/ecoshop.ee\/lt\/korduvkasutus\/ookeanist-inspireeritud-korduvkasutatav-korrekomplekt\/","title":{"rendered":"Vandenyno \u012fkv\u0117ptas daugkartinio naudojimo \u0161iaudeli\u0173 rinkinys"},"content":{"rendered":"<p>M\u016bs\u0173 gilios j\u016bros m\u0117lynos ir koral\u0173 raudonumo \u0161iaudeli\u0173 rinkiniai \u012fkv\u0117pti ramios m\u0117lynos j\u016bros, laukini\u0173 bang\u0173 ir ry\u0161ki\u0173 koralini\u0173 rif\u0173. Visi m\u016bs\u0173 ner\u016bdijan\u010dio plieno \u0161iaudeliai yra patvirtinti FDA ir sertifikuoti SGS, u\u017etikrinant auk\u0161\u010diausi\u0105 kokyb\u0119. \u0160ie daugkartinio naudojimo metaliniai \u0161iaudeliai yra lengvai pri\u017ei\u016brimi ir ilgaam\u017eiai.<\/p>\n<p>Rinkin\u012f galima \u012fsigyti dviej\u0173 unikali\u0173 dizain\u0173: gilios j\u016bros m\u0117lynos ir koral\u0173 raudonos.<\/p>\n<p>&nbsp;<\/p>\n<p><strong>\u012e rinkin\u012f \u012feina:<\/strong><\/p>\n<ul>\n<li>4 ties\u016bs ner\u016bdijan\u010dio plieno \u0161iaudeliai<\/li>\n<li>4 sulenkti ner\u016bdijan\u010dio plieno \u0161iaudeliai<\/li>\n<li>1 \u0161epet\u0117lis \u0161iaudeli\u0173 valymui<\/li>\n<li>1 nat\u016bralaus d\u017eiuto mai\u0161elis<\/li>\n<\/ul>","protected":false},"excerpt":{"rendered":"<p>Meie s\u00fcvameresinised ja korallpunased k\u00f5rrekomplektid on inspireeritud rahulikust sinisest merest, metsikutest lainetest ja elust pakatavatest korallriffidest. K\u00f5ik meie roostevabast terasest k\u00f5rred on&hellip;<\/p>","protected":false},"featured_media":4628,"comment_status":"open","ping_status":"closed","template":"","meta":{"wprm-recipe-roundup-name":"","wprm-recipe-roundup-description":""},"product_brand":[12064],"product_cat":[163,248,247],"product_tag":[195],"class_list":{"0":"post-4622","1":"product","2":"type-product","3":"status-publish","4":"has-post-thumbnail","6":"product_brand-jungle-culture","7":"product_cat-kodutarbed","8":"product_cat-korduvkasutus","9":"product_cat-noud-ja-koogitarbed","10":"product_tag-korred","12":"first","13":"instock","14":"taxable","15":"shipping-taxable","16":"purchasable","17":"product-type-variable"},"supplier_id":null,"supplier_sku":"","barcode":null,"atum_controlled":true,"out_stock_date":null,"out_stock_threshold":null,"inheritable":true,"inbound_stock":0,"stock_on_hold":0,"sold_today":0,"sales_last_days":0,"reserved_stock":0,"customer_returns":0,"warehouse_damage":0,"lost_in_post":0,"other_logs":0,"out_stock_days":0,"lost_sales":0,"has_location":false,"update_date":"2026-04-13T21:47:12","atum_locations":[],"atum_stock_status":"instock","restock_status":false,"low_stock_amount":"","sales_update_date":"2026-03-07T01:16:08","calc_backorders":null,"aioseo_notices":[],"_links":{"self":[{"href":"https:\/\/ecoshop.ee\/lt\/wp-json\/wp\/v2\/product\/4622","targetHints":{"allow":["GET"]}}],"collection":[{"href":"https:\/\/ecoshop.ee\/lt\/wp-json\/wp\/v2\/product"}],"about":[{"href":"https:\/\/ecoshop.ee\/lt\/wp-json\/wp\/v2\/types\/product"}],"replies":[{"embeddable":true,"href":"https:\/\/ecoshop.ee\/lt\/wp-json\/wp\/v2\/comments?post=4622"}],"version-history":[{"count":0,"href":"https:\/\/ecoshop.ee\/lt\/wp-json\/wp\/v2\/product\/4622\/revisions"}],"wp:featuredmedia":[{"embeddable":true,"href":"https:\/\/ecoshop.ee\/lt\/wp-json\/wp\/v2\/media\/4628"}],"wp:attachment":[{"href":"https:\/\/ecoshop.ee\/lt\/wp-json\/wp\/v2\/media?parent=4622"}],"wp:term":[{"taxonomy":"product_brand","embeddable":true,"href":"https:\/\/ecoshop.ee\/lt\/wp-json\/wp\/v2\/product_brand?post=4622"},{"taxonomy":"product_cat","embeddable":true,"href":"https:\/\/ecoshop.ee\/lt\/wp-json\/wp\/v2\/product_cat?post=4622"},{"taxonomy":"product_tag","embeddable":true,"href":"https:\/\/ecoshop.ee\/lt\/wp-json\/wp\/v2\/product_tag?post=4622"}],"curies":[{"name":"wp","href":"https:\/\/api.w.org\/{rel}","templated":true}]}}