{"id":4655,"date":"2024-06-22T22:51:19","date_gmt":"2024-06-22T19:51:19","guid":{"rendered":"https:\/\/ecoshop.ee\/?post_type=product&#038;p=4655"},"modified":"2025-12-25T19:36:49","modified_gmt":"2025-12-25T16:36:49","slug":"kamstinis-vyriskas-dirzas","status":"publish","type":"product","link":"https:\/\/ecoshop.ee\/lt\/rihmad\/korgist-meeste-puksirihm\/","title":{"rendered":"Vyri\u0161kas kam\u0161tinis dir\u017eas"},"content":{"rendered":"<p>Eleganti\u0161kas ir tvirtas vyri\u0161kas kam\u0161tinis dir\u017eas pagyvins j\u016bs\u0173 aprang\u0105 stilinga tekst\u016bra. \u0160is dir\u017eas puikiai tinka tiek vestuv\u0117ms, tiek biurui. Pagamintas i\u0161 auk\u0161tos kokyb\u0117s \u0105\u017euolo kam\u0161tienos, kuri yra ekologi\u0161ka, tvari, mink\u0161ta, lanksti ir patvari. Kam\u0161tis yra ekologi\u0161ka ir tvariai i\u0161gauta med\u017eiaga, kuri suma\u017eina \u0161io dir\u017eo ekologin\u012f p\u0117dsak\u0105.<\/p>\n<p>Kam\u0161tis nat\u016braliai atsparus vandeniui ir ugniai, tod\u0117l yra patvaresnis ir ilgaam\u017ei\u0161kesnis. Be to, kam\u0161tienos gamyba yra energij\u0105 taupanti, nes nereikia kirsti med\u017ei\u0173, o tik j\u0173 \u017eiev\u0117, kuri laikui b\u0117gant atsinaujina. Kam\u0161\u010dio lengvumas ir patogumas daro j\u012f idealiu pasirinkimu kasdieniam d\u0117v\u0117jimui.<\/p>\n<p>&nbsp;<\/p>\n<p><strong>Dydis ir tinkamumas:<\/strong><\/p>\n<ul>\n<li>Plotis: 3,3 cm<\/li>\n<li>Ilgis: 110\u2013120 cm<\/li>\n<li>Storis: 0,33 cm<\/li>\n<li>Svoris: 170 g<\/li>\n<\/ul>","protected":false},"excerpt":{"rendered":"<p>Elegantne ja tugev korgist meeste p\u00fcksirihm t\u00e4iustab riietust stiilse tekstuuriga. See v\u00f6\u00f6 on suurep\u00e4rane valik nii pulmas osalemiseks kui ka kontoris viibimiseks.&hellip;<\/p>","protected":false},"featured_media":4666,"comment_status":"open","ping_status":"closed","template":"","meta":{"wprm-recipe-roundup-name":"","wprm-recipe-roundup-description":""},"product_brand":[],"product_cat":[244],"product_tag":[214],"class_list":{"0":"post-4655","1":"product","2":"type-product","3":"status-publish","4":"has-post-thumbnail","6":"product_cat-rihmad","7":"product_tag-voo","9":"first","10":"instock","11":"taxable","12":"shipping-taxable","13":"purchasable","14":"product-type-variable"},"supplier_id":null,"supplier_sku":"","barcode":null,"atum_controlled":true,"out_stock_date":null,"out_stock_threshold":null,"inheritable":false,"inbound_stock":0,"stock_on_hold":0,"sold_today":0,"sales_last_days":0,"reserved_stock":0,"customer_returns":0,"warehouse_damage":0,"lost_in_post":0,"other_logs":0,"out_stock_days":0,"lost_sales":0,"has_location":false,"update_date":"2026-03-07T01:16:08","atum_locations":[],"atum_stock_status":"instock","restock_status":false,"low_stock_amount":"","sales_update_date":"2026-03-07T01:16:08","calc_backorders":null,"aioseo_notices":[],"_links":{"self":[{"href":"https:\/\/ecoshop.ee\/lt\/wp-json\/wp\/v2\/product\/4655","targetHints":{"allow":["GET"]}}],"collection":[{"href":"https:\/\/ecoshop.ee\/lt\/wp-json\/wp\/v2\/product"}],"about":[{"href":"https:\/\/ecoshop.ee\/lt\/wp-json\/wp\/v2\/types\/product"}],"replies":[{"embeddable":true,"href":"https:\/\/ecoshop.ee\/lt\/wp-json\/wp\/v2\/comments?post=4655"}],"version-history":[{"count":0,"href":"https:\/\/ecoshop.ee\/lt\/wp-json\/wp\/v2\/product\/4655\/revisions"}],"wp:featuredmedia":[{"embeddable":true,"href":"https:\/\/ecoshop.ee\/lt\/wp-json\/wp\/v2\/media\/4666"}],"wp:attachment":[{"href":"https:\/\/ecoshop.ee\/lt\/wp-json\/wp\/v2\/media?parent=4655"}],"wp:term":[{"taxonomy":"product_brand","embeddable":true,"href":"https:\/\/ecoshop.ee\/lt\/wp-json\/wp\/v2\/product_brand?post=4655"},{"taxonomy":"product_cat","embeddable":true,"href":"https:\/\/ecoshop.ee\/lt\/wp-json\/wp\/v2\/product_cat?post=4655"},{"taxonomy":"product_tag","embeddable":true,"href":"https:\/\/ecoshop.ee\/lt\/wp-json\/wp\/v2\/product_tag?post=4655"}],"curies":[{"name":"wp","href":"https:\/\/api.w.org\/{rel}","templated":true}]}}