{"id":4673,"date":"2024-06-22T23:37:04","date_gmt":"2024-06-22T20:37:04","guid":{"rendered":"https:\/\/ecoshop.ee\/?post_type=product&#038;p=4673"},"modified":"2025-12-25T19:35:23","modified_gmt":"2025-12-25T16:35:23","slug":"kamstines-korteles-kisene","status":"publish","type":"product","link":"https:\/\/ecoshop.ee\/lt\/rahakotid\/korgist-kaarditasku\/","title":{"rendered":"Kam\u0161tin\u0117s kortel\u0117s ki\u0161en\u0117"},"content":{"rendered":"<p>Kam\u0161tin\u0117 korteli\u0173 d\u0117kl\u0117, pagaminta i\u0161 nat\u016bralaus \u0105\u017euolo kam\u0161\u010dio ir si\u016bloma trij\u0173 stiling\u0173 spalv\u0173: juodos, rudos ir nat\u016bralios kam\u0161\u010dio. \u0160ioje kompakti\u0161koje ir plonoje pinigin\u0117je telpa iki \u0161e\u0161i\u0173 korteli\u0173, o permatomoje kortel\u0117s ki\u0161en\u0117je yra j\u016bs\u0173 asmens dokumentas. Be to, pinigin\u0117je yra RFID apsauga, kuri apsaugo j\u016bs\u0173 asmenin\u0119 ir banko informacij\u0105.<\/p>\n<p>Kam\u0161tinis korteli\u0173 d\u0117klas sukurtas taip, kad u\u017eimt\u0173 minimaliai vietos, tod\u0117l visas savo korteles ne\u0161iotis beveik nepastebimai. D\u0117l auk\u0161tos kokyb\u0117s ir patvaraus dizaino korteli\u0173 d\u0117klas yra puikus pasirinkimas visiems, kurie vertina ir stili\u0173, ir prakti\u0161kum\u0105. \u0160ie patvar\u016bs ir saug\u016bs korteli\u0173 d\u0117klai yra tinkami veganams ir tinka tiek moterims, tiek vyrams.<\/p>\n<p>Kam\u0161tis nat\u016braliai atsparus vandeniui ir ugniai, tod\u0117l yra patvaresnis ir ilgaam\u017ei\u0161kesnis. Be to, kam\u0161tienos gamyba yra energij\u0105 taupanti, nes nereikia kirsti med\u017ei\u0173, o tik j\u0173 \u017eiev\u0117, kuri laikui b\u0117gant atsinaujina. Kam\u0161\u010dio lengvumas ir patogumas daro j\u012f idealiu pasirinkimu kasdieniam d\u0117v\u0117jimui.<\/p>\n<p><strong>Produkto matmenys:<\/strong><\/p>\n<ul>\n<li>Ilgis: 7,5 cm<\/li>\n<li>Plotis: 11 cm<\/li>\n<\/ul>","protected":false},"excerpt":{"rendered":"<p>Korgist kaarditasku, valmistatud naturaalsest tammepuu korgist ja saadaval kolmes stiilses v\u00e4rvitoonis: must, pruun ja naturaalne kork. Sellel kompaktsel ja \u00f5hukesel rahakotil on&hellip;<\/p>","protected":false},"featured_media":4676,"comment_status":"open","ping_status":"closed","template":"","meta":{"wprm-recipe-roundup-name":"","wprm-recipe-roundup-description":""},"product_brand":[],"product_cat":[241],"product_tag":[],"class_list":{"0":"post-4673","1":"product","2":"type-product","3":"status-publish","4":"has-post-thumbnail","6":"product_cat-rahakotid","8":"first","9":"instock","10":"taxable","11":"shipping-taxable","12":"purchasable","13":"product-type-variable"},"supplier_id":null,"supplier_sku":"","barcode":null,"atum_controlled":true,"out_stock_date":null,"out_stock_threshold":null,"inheritable":false,"inbound_stock":0,"stock_on_hold":0,"sold_today":0,"sales_last_days":0,"reserved_stock":0,"customer_returns":0,"warehouse_damage":0,"lost_in_post":0,"other_logs":0,"out_stock_days":0,"lost_sales":0,"has_location":false,"update_date":"2026-03-07T01:16:08","atum_locations":[],"atum_stock_status":"instock","restock_status":false,"low_stock_amount":"","sales_update_date":"2026-03-07T01:16:08","calc_backorders":null,"aioseo_notices":[],"_links":{"self":[{"href":"https:\/\/ecoshop.ee\/lt\/wp-json\/wp\/v2\/product\/4673","targetHints":{"allow":["GET"]}}],"collection":[{"href":"https:\/\/ecoshop.ee\/lt\/wp-json\/wp\/v2\/product"}],"about":[{"href":"https:\/\/ecoshop.ee\/lt\/wp-json\/wp\/v2\/types\/product"}],"replies":[{"embeddable":true,"href":"https:\/\/ecoshop.ee\/lt\/wp-json\/wp\/v2\/comments?post=4673"}],"version-history":[{"count":0,"href":"https:\/\/ecoshop.ee\/lt\/wp-json\/wp\/v2\/product\/4673\/revisions"}],"wp:featuredmedia":[{"embeddable":true,"href":"https:\/\/ecoshop.ee\/lt\/wp-json\/wp\/v2\/media\/4676"}],"wp:attachment":[{"href":"https:\/\/ecoshop.ee\/lt\/wp-json\/wp\/v2\/media?parent=4673"}],"wp:term":[{"taxonomy":"product_brand","embeddable":true,"href":"https:\/\/ecoshop.ee\/lt\/wp-json\/wp\/v2\/product_brand?post=4673"},{"taxonomy":"product_cat","embeddable":true,"href":"https:\/\/ecoshop.ee\/lt\/wp-json\/wp\/v2\/product_cat?post=4673"},{"taxonomy":"product_tag","embeddable":true,"href":"https:\/\/ecoshop.ee\/lt\/wp-json\/wp\/v2\/product_tag?post=4673"}],"curies":[{"name":"wp","href":"https:\/\/api.w.org\/{rel}","templated":true}]}}