{"id":4686,"date":"2024-06-23T00:00:45","date_gmt":"2024-06-22T21:00:45","guid":{"rendered":"https:\/\/ecoshop.ee\/?post_type=product&#038;p=4686"},"modified":"2025-12-25T19:41:29","modified_gmt":"2025-12-25T16:41:29","slug":"auksine-kamstine-moteriska-kuprine","status":"publish","type":"product","link":"https:\/\/ecoshop.ee\/lt\/kotid\/kuldne-korgist-naiste-seljakott\/","title":{"rendered":"Auksin\u0117 kam\u0161tin\u0117 moteri\u0161ka kuprin\u0117"},"content":{"rendered":"<p>Auksin\u0117 kam\u0161tin\u0117 moteri\u0161ka kuprin\u0117, kurioje dera funkcionalumas ir stilius su kompakti\u0161ka konstrukcija. Daugyb\u0117 u\u017etraukiam\u0173 ki\u0161eni\u0173 daro \u0161i\u0105 kuprin\u0119 ypa\u010d prakti\u0161k\u0105 ir eleganti\u0161k\u0105. Pagaminta i\u0161 auk\u0161tos kokyb\u0117s \u0105\u017euolo kam\u0161tienos, kuri yra ekologi\u0161ka ir atspari vandeniui. Kam\u0161tis taip pat yra labai mink\u0161tas, lankstus, lengvas ir patvarus, u\u017etikrinantis komfort\u0105 ir ilgaam\u017ei\u0161kum\u0105. Be to, kam\u0161tienos gamyba yra energij\u0105 taupanti, nes nereikia kirsti med\u017ei\u0173, o tik j\u0173 \u017eiev\u0117, kuri laikui b\u0117gant atsinaujina. Kam\u0161\u010dio lengvumas ir patogumas daro j\u012f idealiu pasirinkimu kasdieniam d\u0117v\u0117jimui.<\/p>\n<p><strong>Didelisused:<\/strong><\/p>\n<ul>\n<li>Auk\u0161tis: 24 cm<\/li>\n<li>Plotis: 18 cm<\/li>\n<li>Storis: 14 cm<\/li>\n<\/ul>","protected":false},"excerpt":{"rendered":"<p>Kuldne korgist naiste seljakott, mis \u00fchendab funktsionaalsuse ja stiili kompaktse struktuuriga. Mitmed lukuga taskud muudavad selle seljakoti eriti praktiliseks ja elegantseks. Valmistatud&hellip;<\/p>","protected":false},"featured_media":4688,"comment_status":"open","ping_status":"closed","template":"","meta":{"wprm-recipe-roundup-name":"","wprm-recipe-roundup-description":""},"product_brand":[],"product_cat":[242],"product_tag":[202],"class_list":{"0":"post-4686","1":"product","2":"type-product","3":"status-publish","4":"has-post-thumbnail","6":"product_cat-kotid","7":"product_tag-kott","9":"first","10":"instock","11":"taxable","12":"shipping-taxable","13":"purchasable","14":"product-type-simple"},"supplier_id":9159,"supplier_sku":"","barcode":null,"atum_controlled":true,"out_stock_date":null,"out_stock_threshold":null,"inheritable":false,"inbound_stock":0,"stock_on_hold":0,"sold_today":0,"sales_last_days":0,"reserved_stock":0,"customer_returns":0,"warehouse_damage":0,"lost_in_post":0,"other_logs":0,"out_stock_days":0,"lost_sales":0,"has_location":false,"update_date":"2026-03-07T01:16:04","atum_locations":[],"atum_stock_status":"instock","restock_status":false,"low_stock_amount":"","sales_update_date":"2026-03-07T01:16:04","calc_backorders":null,"aioseo_notices":[],"_links":{"self":[{"href":"https:\/\/ecoshop.ee\/lt\/wp-json\/wp\/v2\/product\/4686","targetHints":{"allow":["GET"]}}],"collection":[{"href":"https:\/\/ecoshop.ee\/lt\/wp-json\/wp\/v2\/product"}],"about":[{"href":"https:\/\/ecoshop.ee\/lt\/wp-json\/wp\/v2\/types\/product"}],"replies":[{"embeddable":true,"href":"https:\/\/ecoshop.ee\/lt\/wp-json\/wp\/v2\/comments?post=4686"}],"version-history":[{"count":0,"href":"https:\/\/ecoshop.ee\/lt\/wp-json\/wp\/v2\/product\/4686\/revisions"}],"wp:featuredmedia":[{"embeddable":true,"href":"https:\/\/ecoshop.ee\/lt\/wp-json\/wp\/v2\/media\/4688"}],"wp:attachment":[{"href":"https:\/\/ecoshop.ee\/lt\/wp-json\/wp\/v2\/media?parent=4686"}],"wp:term":[{"taxonomy":"product_brand","embeddable":true,"href":"https:\/\/ecoshop.ee\/lt\/wp-json\/wp\/v2\/product_brand?post=4686"},{"taxonomy":"product_cat","embeddable":true,"href":"https:\/\/ecoshop.ee\/lt\/wp-json\/wp\/v2\/product_cat?post=4686"},{"taxonomy":"product_tag","embeddable":true,"href":"https:\/\/ecoshop.ee\/lt\/wp-json\/wp\/v2\/product_tag?post=4686"}],"curies":[{"name":"wp","href":"https:\/\/api.w.org\/{rel}","templated":true}]}}