{"id":4714,"date":"2024-06-23T18:01:43","date_gmt":"2024-06-23T15:01:43","guid":{"rendered":"https:\/\/ecoshop.ee\/?post_type=product&#038;p=4714"},"modified":"2025-12-25T19:36:49","modified_gmt":"2025-12-25T16:36:49","slug":"kamstinis-vyriskas-dirzas-2","status":"publish","type":"product","link":"https:\/\/ecoshop.ee\/lt\/rihmad\/korgist-meeste-puksirihm-2\/","title":{"rendered":"Vyri\u0161kas kam\u0161tinis dir\u017eas"},"content":{"rendered":"<p>Eleganti\u0161kas vyri\u0161kas kam\u0161tinis dir\u017eas, kuris suteiks j\u016bs\u0173 aprangai u\u017ebaigtumo. Dir\u017eas pagamintas i\u0161 kam\u0161tienos \u2013 med\u017eiagos, kuri gaunama ekologi\u0161kai ir tvariai i\u0161 \u0105\u017euol\u0173. Nesvarbu, ar einate \u012f vestuves, ar \u012f biur\u0105, \u0161is dir\u017eas yra puikus ir stilingas pasirinkimas. Kam\u0161tiniai dir\u017eai yra lankst\u016bs, lengvi ir patog\u016bs d\u0117v\u0117ti. Jie tarnauja ilgiau ir lengviau pri\u017ei\u016brimi nei dirbtin\u0117 oda ar net tikra oda!<\/p>\n<p>Kam\u0161tis nat\u016braliai atsparus vandeniui ir ugniai, tod\u0117l yra patvaresnis ir ilgaam\u017ei\u0161kesnis. Be to, kam\u0161tienos gamyba yra energij\u0105 taupanti, nes nereikia kirsti med\u017ei\u0173, o tik j\u0173 \u017eiev\u0117, kuri laikui b\u0117gant atsinaujina. Kam\u0161\u010dio lengvumas ir patogumas daro j\u012f idealiu pasirinkimu kasdieniam d\u0117v\u0117jimui.<\/p>\n<p><strong>Dydis ir tinkamumas:<\/strong><\/p>\n<ul>\n<li>Ilgis: 115 cm<\/li>\n<li>Plotis: 3,5 cm<\/li>\n<li>Svoris: 100 g<\/li>\n<\/ul>","protected":false},"excerpt":{"rendered":"<p>Elegantne korgist meeste p\u00fcksirihm, mis annab su riietusele viimase viimistluse. V\u00f6\u00f6 on valmistatud korgist, materjalist, mis on saadud orgaaniliselt ja j\u00e4tkusuutlikult tamme&hellip;<\/p>","protected":false},"featured_media":4717,"comment_status":"open","ping_status":"closed","template":"","meta":{"wprm-recipe-roundup-name":"","wprm-recipe-roundup-description":""},"product_brand":[],"product_cat":[244],"product_tag":[214],"class_list":{"0":"post-4714","1":"product","2":"type-product","3":"status-publish","4":"has-post-thumbnail","6":"product_cat-rihmad","7":"product_tag-voo","9":"first","10":"instock","11":"taxable","12":"shipping-taxable","13":"purchasable","14":"product-type-variable"},"supplier_id":null,"supplier_sku":"","barcode":null,"atum_controlled":true,"out_stock_date":null,"out_stock_threshold":null,"inheritable":false,"inbound_stock":0,"stock_on_hold":0,"sold_today":0,"sales_last_days":0,"reserved_stock":0,"customer_returns":0,"warehouse_damage":0,"lost_in_post":0,"other_logs":0,"out_stock_days":0,"lost_sales":0,"has_location":false,"update_date":"2026-03-07T01:16:08","atum_locations":[],"atum_stock_status":"instock","restock_status":false,"low_stock_amount":"","sales_update_date":"2026-03-07T01:16:08","calc_backorders":null,"aioseo_notices":[],"_links":{"self":[{"href":"https:\/\/ecoshop.ee\/lt\/wp-json\/wp\/v2\/product\/4714","targetHints":{"allow":["GET"]}}],"collection":[{"href":"https:\/\/ecoshop.ee\/lt\/wp-json\/wp\/v2\/product"}],"about":[{"href":"https:\/\/ecoshop.ee\/lt\/wp-json\/wp\/v2\/types\/product"}],"replies":[{"embeddable":true,"href":"https:\/\/ecoshop.ee\/lt\/wp-json\/wp\/v2\/comments?post=4714"}],"version-history":[{"count":0,"href":"https:\/\/ecoshop.ee\/lt\/wp-json\/wp\/v2\/product\/4714\/revisions"}],"wp:featuredmedia":[{"embeddable":true,"href":"https:\/\/ecoshop.ee\/lt\/wp-json\/wp\/v2\/media\/4717"}],"wp:attachment":[{"href":"https:\/\/ecoshop.ee\/lt\/wp-json\/wp\/v2\/media?parent=4714"}],"wp:term":[{"taxonomy":"product_brand","embeddable":true,"href":"https:\/\/ecoshop.ee\/lt\/wp-json\/wp\/v2\/product_brand?post=4714"},{"taxonomy":"product_cat","embeddable":true,"href":"https:\/\/ecoshop.ee\/lt\/wp-json\/wp\/v2\/product_cat?post=4714"},{"taxonomy":"product_tag","embeddable":true,"href":"https:\/\/ecoshop.ee\/lt\/wp-json\/wp\/v2\/product_tag?post=4714"}],"curies":[{"name":"wp","href":"https:\/\/api.w.org\/{rel}","templated":true}]}}