{"id":4731,"date":"2024-06-23T19:33:57","date_gmt":"2024-06-23T16:33:57","guid":{"rendered":"https:\/\/ecoshop.ee\/?post_type=product&#038;p=4731"},"modified":"2025-12-25T19:41:29","modified_gmt":"2025-12-25T16:41:29","slug":"kamstinis-ulelo-krepsys-su-auksiniais-akcentais-moterims","status":"publish","type":"product","link":"https:\/\/ecoshop.ee\/lt\/kotid\/kuldsete-aktsentidega-korgist-uleolakott-naistele\/","title":{"rendered":"Moteri\u0161ka kam\u0161tin\u0117 rankin\u0117 per pet\u012f su auksiniais akcentais"},"content":{"rendered":"<p>M\u016bs\u0173 nat\u016bralaus kam\u0161\u010dio rankin\u0117 per pet\u012f \u2013 stilingas moteri\u0161kas aksesuaras, dekoruotas auksin\u0117mis detal\u0117mis. Rankin\u0117 su reguliuojamu kam\u0161tiniu dir\u017eeliu tinka \u012fvairioms progoms. Auksinis u\u017esegimo mechanizmas u\u017etikrina j\u016bs\u0173 daikt\u0173 saugum\u0105. Kam\u0161tis yra nat\u016braliai atspari vandeniui, ugniai, lengvai pri\u017ei\u016brima ir patvari med\u017eiaga, i\u0161laikanti odos mink\u0161tum\u0105 ir tekst\u016br\u0105.<\/p>\n<p>Nesvarbu, ar vykstate \u012f kasdien\u0119 apsipirkimo kelion\u0119, laisvalaikio i\u0161vyk\u0105 ar socialin\u012f rengin\u012f, m\u016bs\u0173 nat\u016bralaus kam\u0161\u010dio moteri\u0161kas krep\u0161ys per pet\u012f yra puikus pasirinkimas. Jis ne tik skatina ekologi\u0161k\u0105 gyvenimo b\u016bd\u0105, bet ir yra stilingas bei prakti\u0161kas, leisdamas eleganti\u0161kai ir tvarkingai ne\u0161iotis b\u016btiniausius daiktus. Pasirinkite m\u0117gstam\u0105 spalv\u0105, kad j\u016bs\u0173 stilius b\u016bt\u0173 unikalus!<\/p>\n<p><strong>Pagrindin\u0117s savyb\u0117sused:<\/strong><\/p>\n<ul>\n<li>Pagaminta i\u0161 nat\u016bralios kam\u0161tin\u0117s med\u017eiagos<\/li>\n<li>Reguliuojamas kam\u0161tinis pe\u010di\u0173 dir\u017eelis<\/li>\n<li>Auksinis u\u017erakinimo mechanizmas<\/li>\n<li>2 skyriai viduje, tod\u0117l lengva susitvarkyti kasdienius daiktusrimist<\/li>\n<li>Talpina svarbius daiktus, tokius kaip telefonas, pinigin\u0117, raktai ir kt.<\/li>\n<\/ul>\n<p><strong>Matmenys:<\/strong><\/p>\n<ul>\n<li>Ilgis: 20 cm<\/li>\n<li>Plotis: 18 cm<\/li>\n<li>Auk\u0161tis: 9 cm<\/li>\n<\/ul>","protected":false},"excerpt":{"rendered":"<p>Meie looduslikust korgist \u00fcle\u00f5lakott on stiilne aksessuaar naistele, mida kaunistavad kuldsed detailid. Reguleeritava korgist \u00f5larihmaga kott sobib erinevateks puhkudeks. Kuldne lukustusmehhanism tagab&hellip;<\/p>","protected":false},"featured_media":4737,"comment_status":"open","ping_status":"closed","template":"","meta":{"wprm-recipe-roundup-name":"","wprm-recipe-roundup-description":""},"product_brand":[],"product_cat":[242],"product_tag":[202],"class_list":{"0":"post-4731","1":"product","2":"type-product","3":"status-publish","4":"has-post-thumbnail","6":"product_cat-kotid","7":"product_tag-kott","9":"first","10":"instock","11":"taxable","12":"shipping-taxable","13":"purchasable","14":"product-type-variable"},"supplier_id":null,"supplier_sku":"","barcode":null,"atum_controlled":true,"out_stock_date":null,"out_stock_threshold":null,"inheritable":false,"inbound_stock":0,"stock_on_hold":0,"sold_today":0,"sales_last_days":0,"reserved_stock":0,"customer_returns":0,"warehouse_damage":0,"lost_in_post":0,"other_logs":0,"out_stock_days":0,"lost_sales":0,"has_location":false,"update_date":"2026-03-07T01:16:10","atum_locations":[],"atum_stock_status":"instock","restock_status":false,"low_stock_amount":"","sales_update_date":"2026-03-07T01:16:10","calc_backorders":null,"aioseo_notices":[],"_links":{"self":[{"href":"https:\/\/ecoshop.ee\/lt\/wp-json\/wp\/v2\/product\/4731","targetHints":{"allow":["GET"]}}],"collection":[{"href":"https:\/\/ecoshop.ee\/lt\/wp-json\/wp\/v2\/product"}],"about":[{"href":"https:\/\/ecoshop.ee\/lt\/wp-json\/wp\/v2\/types\/product"}],"replies":[{"embeddable":true,"href":"https:\/\/ecoshop.ee\/lt\/wp-json\/wp\/v2\/comments?post=4731"}],"version-history":[{"count":0,"href":"https:\/\/ecoshop.ee\/lt\/wp-json\/wp\/v2\/product\/4731\/revisions"}],"wp:featuredmedia":[{"embeddable":true,"href":"https:\/\/ecoshop.ee\/lt\/wp-json\/wp\/v2\/media\/4737"}],"wp:attachment":[{"href":"https:\/\/ecoshop.ee\/lt\/wp-json\/wp\/v2\/media?parent=4731"}],"wp:term":[{"taxonomy":"product_brand","embeddable":true,"href":"https:\/\/ecoshop.ee\/lt\/wp-json\/wp\/v2\/product_brand?post=4731"},{"taxonomy":"product_cat","embeddable":true,"href":"https:\/\/ecoshop.ee\/lt\/wp-json\/wp\/v2\/product_cat?post=4731"},{"taxonomy":"product_tag","embeddable":true,"href":"https:\/\/ecoshop.ee\/lt\/wp-json\/wp\/v2\/product_tag?post=4731"}],"curies":[{"name":"wp","href":"https:\/\/api.w.org\/{rel}","templated":true}]}}