{"id":4755,"date":"2024-06-24T17:18:21","date_gmt":"2024-06-24T14:18:21","guid":{"rendered":"https:\/\/ecoshop.ee\/?post_type=product&#038;p=4755"},"modified":"2025-12-25T19:35:23","modified_gmt":"2025-12-25T16:35:23","slug":"kompaktiska-kamstine-pinigine-su-uztrauktuku","status":"publish","type":"product","link":"https:\/\/ecoshop.ee\/lt\/rahakotid\/kompaktne-tomblukuga-korgist-rahakott\/","title":{"rendered":"Kompakti\u0161ka kam\u0161tin\u0117 pinigin\u0117 su u\u017etrauktuku"},"content":{"rendered":"<p>Pristatome j\u016bs\u0173 nauj\u0105 kasdien\u012f palydov\u0105 \u2013 kompakti\u0161k\u0105 kam\u0161tin\u0119 pinigin\u0119 su u\u017etrauktuku. Sidabriniai \u0161ios pinigin\u0117s akcentai suteikia elegancijos ir spindesio bet kokiai aprangai. Vir\u0161utinis u\u017etrauktukas u\u017etikrina lengv\u0105 ir greit\u0105 prieig\u0105, tod\u0117l \u0161i pinigin\u0117 yra puikus pasirinkimas kasdieniam naudojimui.<\/p>\n<p>Kam\u0161tis yra med\u017eiaga, gaunama i\u0161 \u0105\u017euolo \u017eiev\u0117s. \u0160i kam\u0161tin\u0117 pinigin\u0117 yra ne tik ekologi\u0161ka ir tvari, bet ir labai patvari bei lanksti. Kam\u0161tis yra nat\u016braliai atsparus vandeniui, ugniai, tod\u0117l idealiai tinka kasdieniams aksesuarams. Mink\u0161ta kam\u0161\u010dio tekst\u016bra ir lengvumas leid\u017eia j\u012f maloniai d\u0117v\u0117ti, o laikui b\u0117gant jis nepraranda savo formos ar i\u0161vaizdos.<\/p>\n<p>&nbsp;<\/p>\n<p><strong>Didelisused:<\/strong><\/p>\n<ul>\n<li>Ilgis: 19 cm<\/li>\n<li>Plotis 10 cm<\/li>\n<li>Storis: 2,5 cm<\/li>\n<\/ul>","protected":false},"excerpt":{"rendered":"<p>Tutvustame sinu uut igap\u00e4evast kaaslast \u2013 kompaktset t\u00f5mblukuga korgist rahakotti. Selle rahakoti h\u00f5bedased aktsendid annavad igale riietusele s\u00e4rtsu ja elegantsi. \u00dclemine t\u00f5mblukk&hellip;<\/p>","protected":false},"featured_media":4761,"comment_status":"open","ping_status":"closed","template":"","meta":{"wprm-recipe-roundup-name":"","wprm-recipe-roundup-description":""},"product_brand":[],"product_cat":[241],"product_tag":[219],"class_list":{"0":"post-4755","1":"product","2":"type-product","3":"status-publish","4":"has-post-thumbnail","6":"product_cat-rahakotid","7":"product_tag-rahakott","9":"first","10":"instock","11":"taxable","12":"shipping-taxable","13":"purchasable","14":"product-type-variable"},"supplier_id":null,"supplier_sku":"","barcode":null,"atum_controlled":true,"out_stock_date":null,"out_stock_threshold":null,"inheritable":false,"inbound_stock":0,"stock_on_hold":0,"sold_today":0,"sales_last_days":0,"reserved_stock":0,"customer_returns":0,"warehouse_damage":0,"lost_in_post":0,"other_logs":0,"out_stock_days":0,"lost_sales":0,"has_location":false,"update_date":"2026-03-07T01:16:10","atum_locations":[],"atum_stock_status":"instock","restock_status":false,"low_stock_amount":"","sales_update_date":"2026-03-07T01:16:10","calc_backorders":null,"aioseo_notices":[],"_links":{"self":[{"href":"https:\/\/ecoshop.ee\/lt\/wp-json\/wp\/v2\/product\/4755","targetHints":{"allow":["GET"]}}],"collection":[{"href":"https:\/\/ecoshop.ee\/lt\/wp-json\/wp\/v2\/product"}],"about":[{"href":"https:\/\/ecoshop.ee\/lt\/wp-json\/wp\/v2\/types\/product"}],"replies":[{"embeddable":true,"href":"https:\/\/ecoshop.ee\/lt\/wp-json\/wp\/v2\/comments?post=4755"}],"version-history":[{"count":0,"href":"https:\/\/ecoshop.ee\/lt\/wp-json\/wp\/v2\/product\/4755\/revisions"}],"wp:featuredmedia":[{"embeddable":true,"href":"https:\/\/ecoshop.ee\/lt\/wp-json\/wp\/v2\/media\/4761"}],"wp:attachment":[{"href":"https:\/\/ecoshop.ee\/lt\/wp-json\/wp\/v2\/media?parent=4755"}],"wp:term":[{"taxonomy":"product_brand","embeddable":true,"href":"https:\/\/ecoshop.ee\/lt\/wp-json\/wp\/v2\/product_brand?post=4755"},{"taxonomy":"product_cat","embeddable":true,"href":"https:\/\/ecoshop.ee\/lt\/wp-json\/wp\/v2\/product_cat?post=4755"},{"taxonomy":"product_tag","embeddable":true,"href":"https:\/\/ecoshop.ee\/lt\/wp-json\/wp\/v2\/product_tag?post=4755"}],"curies":[{"name":"wp","href":"https:\/\/api.w.org\/{rel}","templated":true}]}}