{"id":47680,"date":"2025-01-17T15:33:13","date_gmt":"2025-01-17T13:33:13","guid":{"rendered":"https:\/\/ecoshop.ee\/?post_type=product&#038;p=47680"},"modified":"2026-05-04T11:29:13","modified_gmt":"2026-05-04T08:29:13","slug":"ichoc-veganiskas-sokoladas-su-riestainiu-80g","status":"publish","type":"product","link":"https:\/\/ecoshop.ee\/lt\/sokolaadid\/ichoc-soolakringliga-vegan-sokolaad-80g\/","title":{"rendered":"iChoc vegani\u0161kas \u0161okoladas su riestainiu, 80 g"},"content":{"rendered":"<p>iChoc S\u016brus riestainis \u2013 tai gardus vegani\u0161kas \u0161okoladas, pagamintas kakavos sviesto pagrindu ir praturtintas s\u016braus riestainio gabal\u0117liais bei j\u016bros druska. Jis puikiai \u012frodo, kad \u0161okoladas neb\u016btinai turi b\u016bti juodas \u2013 iChoci \u0161okoladas si\u016blo puiki\u0105 alternatyv\u0105 klasikiniams \u0161okoladams.<\/p>\n<p>Pagaminta i\u0161 sertifikuot\u0173 ekologi\u0161k\u0173 ingredient\u0173. \u0160is \u0161okoladas yra vegani\u0161kas, be palmi\u0173 aliejaus ir supakuotas ekologi\u0161kai. S\u016brus riestainis yra puikus pasirinkimas, jei ie\u0161kote ka\u017eko ypatingo, kuo save palepinti \u2013 gardaus ir tvaraus!<\/p>","protected":false},"excerpt":{"rendered":"<p>iChoc Salty Pretzel on maitsev vegan \u0161okolaad, mis on valmistatud kakaov\u00f5i baasil ja rikastatud soolaste kringlit\u00fckkide ning meresoolaga. See n\u00e4itab suurep\u00e4raselt, et&hellip;<\/p>","protected":false},"featured_media":47645,"comment_status":"open","ping_status":"closed","template":"","meta":{"wprm-recipe-roundup-name":"","wprm-recipe-roundup-description":""},"product_brand":[12028],"product_cat":[141],"product_tag":[297,142],"class_list":{"0":"post-47680","1":"product","2":"type-product","3":"status-publish","4":"has-post-thumbnail","6":"product_brand-ichoc","7":"product_cat-sokolaadid","8":"product_tag-mahe","9":"product_tag-sokolaad","10":"j79_wcxd_expiry_type-best-before","12":"first","13":"instock","14":"taxable","15":"shipping-taxable","16":"purchasable","17":"product-type-simple"},"supplier_id":390160,"supplier_sku":"","barcode":"4044889004649","atum_controlled":true,"out_stock_date":null,"out_stock_threshold":null,"inheritable":false,"inbound_stock":0,"stock_on_hold":0,"sold_today":0,"sales_last_days":1,"reserved_stock":0,"customer_returns":0,"warehouse_damage":0,"lost_in_post":0,"other_logs":0,"out_stock_days":0,"lost_sales":0,"has_location":false,"update_date":"2026-05-07T14:39:18","atum_locations":[],"atum_stock_status":"instock","restock_status":false,"low_stock_amount":"","sales_update_date":"2026-05-07T14:39:18","calc_backorders":null,"aioseo_notices":[],"_links":{"self":[{"href":"https:\/\/ecoshop.ee\/lt\/wp-json\/wp\/v2\/product\/47680","targetHints":{"allow":["GET"]}}],"collection":[{"href":"https:\/\/ecoshop.ee\/lt\/wp-json\/wp\/v2\/product"}],"about":[{"href":"https:\/\/ecoshop.ee\/lt\/wp-json\/wp\/v2\/types\/product"}],"replies":[{"embeddable":true,"href":"https:\/\/ecoshop.ee\/lt\/wp-json\/wp\/v2\/comments?post=47680"}],"version-history":[{"count":0,"href":"https:\/\/ecoshop.ee\/lt\/wp-json\/wp\/v2\/product\/47680\/revisions"}],"wp:featuredmedia":[{"embeddable":true,"href":"https:\/\/ecoshop.ee\/lt\/wp-json\/wp\/v2\/media\/47645"}],"wp:attachment":[{"href":"https:\/\/ecoshop.ee\/lt\/wp-json\/wp\/v2\/media?parent=47680"}],"wp:term":[{"taxonomy":"product_brand","embeddable":true,"href":"https:\/\/ecoshop.ee\/lt\/wp-json\/wp\/v2\/product_brand?post=47680"},{"taxonomy":"product_cat","embeddable":true,"href":"https:\/\/ecoshop.ee\/lt\/wp-json\/wp\/v2\/product_cat?post=47680"},{"taxonomy":"product_tag","embeddable":true,"href":"https:\/\/ecoshop.ee\/lt\/wp-json\/wp\/v2\/product_tag?post=47680"}],"curies":[{"name":"wp","href":"https:\/\/api.w.org\/{rel}","templated":true}]}}