{"id":47685,"date":"2025-01-17T15:42:19","date_gmt":"2025-01-17T13:42:19","guid":{"rendered":"https:\/\/ecoshop.ee\/?post_type=product&#038;p=47685"},"modified":"2026-05-04T11:29:13","modified_gmt":"2026-05-04T08:29:13","slug":"ichoc-rupus-baltas-veganiskas-praline-sokoladas-80g","status":"publish","type":"product","link":"https:\/\/ecoshop.ee\/lt\/sokolaadid\/ichoc-krobe-valge-vegan-pralinee-sokolaad-80g\/","title":{"rendered":"iChoc tra\u0161kus baltas vegani\u0161kas pralin\u0117 \u0161okoladas, 80 g"},"content":{"rendered":"<p>iChoc \u201cwhite and crisp\u201d \u2013 tai gardus vegani\u0161kas pralin\u0117 \u0161okoladas, pagamintas kakavos sviesto pagrindu, praturtintas lazdyno rie\u0161ut\u0173 trupiniais ir pasi\u017eymintis nepaprastai tra\u0161kia tekst\u016bra. Jis puikiai \u012frodo, kad \u0161okoladas neb\u016btinai turi b\u016bti juodas \u2013 iChoci White Nougat Crisp si\u016blo puiki\u0105 alternatyv\u0105 klasikiniam \u0161okoladui, pakeldamas j\u016bs\u0173 skonio receptorius \u012f nauj\u0105 lyg\u012f.<\/p>\n<p>Pagamintas i\u0161 sertifikuot\u0173 ekologi\u0161k\u0173 ingredient\u0173, \u0161is \u0161okoladas yra vegani\u0161kas, be palmi\u0173 aliejaus ir draugi\u0161kas aplinkai. M\u0117gaukit\u0117s tobulu tra\u0161kumu!<\/p>","protected":false},"excerpt":{"rendered":"<p>iChoc &#8220;valge ja kr\u00f5be&#8221; on maitsev vegan pralinee \u0161okolaad, mis on valmistatud kakaov\u00f5i baasil ning rikastatud sarapuup\u00e4hklipuru ja m\u00f5nusalt kr\u00f5beda tekstuuriga. See&hellip;<\/p>","protected":false},"featured_media":47646,"comment_status":"open","ping_status":"closed","template":"","meta":{"wprm-recipe-roundup-name":"","wprm-recipe-roundup-description":""},"product_brand":[12028],"product_cat":[141],"product_tag":[297,142],"class_list":{"0":"post-47685","1":"product","2":"type-product","3":"status-publish","4":"has-post-thumbnail","6":"product_brand-ichoc","7":"product_cat-sokolaadid","8":"product_tag-mahe","9":"product_tag-sokolaad","10":"j79_wcxd_expiry_type-best-before","12":"first","13":"instock","14":"taxable","15":"shipping-taxable","16":"purchasable","17":"product-type-simple"},"supplier_id":390160,"supplier_sku":"","barcode":"4044889004632","atum_controlled":true,"out_stock_date":null,"out_stock_threshold":null,"inheritable":false,"inbound_stock":0,"stock_on_hold":0,"sold_today":0,"sales_last_days":1,"reserved_stock":0,"customer_returns":0,"warehouse_damage":0,"lost_in_post":0,"other_logs":0,"out_stock_days":0,"lost_sales":0,"has_location":false,"update_date":"2026-05-07T14:39:18","atum_locations":[],"atum_stock_status":"instock","restock_status":false,"low_stock_amount":"","sales_update_date":"2026-05-07T14:39:18","calc_backorders":null,"aioseo_notices":[],"_links":{"self":[{"href":"https:\/\/ecoshop.ee\/lt\/wp-json\/wp\/v2\/product\/47685","targetHints":{"allow":["GET"]}}],"collection":[{"href":"https:\/\/ecoshop.ee\/lt\/wp-json\/wp\/v2\/product"}],"about":[{"href":"https:\/\/ecoshop.ee\/lt\/wp-json\/wp\/v2\/types\/product"}],"replies":[{"embeddable":true,"href":"https:\/\/ecoshop.ee\/lt\/wp-json\/wp\/v2\/comments?post=47685"}],"version-history":[{"count":0,"href":"https:\/\/ecoshop.ee\/lt\/wp-json\/wp\/v2\/product\/47685\/revisions"}],"wp:featuredmedia":[{"embeddable":true,"href":"https:\/\/ecoshop.ee\/lt\/wp-json\/wp\/v2\/media\/47646"}],"wp:attachment":[{"href":"https:\/\/ecoshop.ee\/lt\/wp-json\/wp\/v2\/media?parent=47685"}],"wp:term":[{"taxonomy":"product_brand","embeddable":true,"href":"https:\/\/ecoshop.ee\/lt\/wp-json\/wp\/v2\/product_brand?post=47685"},{"taxonomy":"product_cat","embeddable":true,"href":"https:\/\/ecoshop.ee\/lt\/wp-json\/wp\/v2\/product_cat?post=47685"},{"taxonomy":"product_tag","embeddable":true,"href":"https:\/\/ecoshop.ee\/lt\/wp-json\/wp\/v2\/product_tag?post=47685"}],"curies":[{"name":"wp","href":"https:\/\/api.w.org\/{rel}","templated":true}]}}